{"id":103671,"date":"2026-05-14T19:05:49","date_gmt":"2026-05-14T19:05:49","guid":{"rendered":"https:\/\/brandss.com.py\/index\/?post_type=product&#038;p=103671"},"modified":"2026-05-14T19:06:20","modified_gmt":"2026-05-14T19:06:20","slug":"serum-de-contorno-de-ojos-dr-althea-to-be-youthfull-25ml","status":"publish","type":"product","link":"https:\/\/brandss.com.py\/index\/producto\/serum-de-contorno-de-ojos-dr-althea-to-be-youthfull-25ml\/","title":{"rendered":"S\u00c9RUM DE CONTORNO DE OJOS DR. ALTHEA TO BE YOUTHFULL 25ML"},"content":{"rendered":"<p><img loading=\"lazy\" decoding=\"async\" class=\"\" src=\"https:\/\/www.miikorean.com\/cdn\/shop\/collections\/DR.ALTHEA.png?v=1756148760\" alt=\"DR.ALTHEA \u2013 Mii Korean Skincare\" width=\"183\" height=\"61\" \/><\/p>\n<h1>TO BE YOUTHFULL<\/h1>\n<p><span dir=\"auto\">es un s\u00e9rum hidratante enriquecido con adenosina, tocoferol y niacinamida para combatir el envejecimiento y obtener beneficios antioxidantes. Contiene hialuronato de sodio, p\u00e9ptidos y beta\u00edna para una hidrataci\u00f3n profunda y una reducci\u00f3n de la sequedad, con una textura en gel de r\u00e1pida absorci\u00f3n. F\u00f3rmula vegana con ingredientes de origen natural.<\/span><\/p>\n<p>Reviva los ojos cansados con\u00a0Dr. Althea To Be Youthful Eye Serum-una f\u00f3rmula de r\u00e1pida absorci\u00f3n que hidrata, reafirma y suaviza las l\u00edneas de expresi\u00f3n para un brillo juvenil.<\/p>\n<blockquote><p>Ojos brillantes. Vibraciones juveniles.<img loading=\"lazy\" decoding=\"async\" class=\"alignleft\" src=\"https:\/\/moonglow.md\/wp-content\/uploads\/2025\/11\/dr.althea-to-be-yothfull-eye-serum-25ml-2-min.jpg\" width=\"653\" height=\"653\" \/><\/p><\/blockquote>\n<p>Dr. Althea El suero para ojos To Be Youthful es la soluci\u00f3n definitiva para los ojos secos y cansados. Este tratamiento espec\u00edfico reafirma y refresca visiblemente la zona de debajo de los ojos, convirti\u00e9ndolo en un imprescindible diario para una mirada radiante y descansada.<\/p>\n<h3><\/h3>\n<h3><span dir=\"auto\">Ingredientes clave<\/span><\/h3>\n<p>&nbsp;<\/p>\n<ul>\n<li><span dir=\"auto\"><strong>Beta-glucano:<\/strong> Posee propiedades cicatrizantes, antioxidantes y antienvejecimiento, adem\u00e1s de calmar e hidratar la piel.<\/span><\/li>\n<li><span dir=\"auto\"><strong>Aceite de aguacate:<\/strong> nutritivo y rico (70%) en \u00e1cido oleico, un \u00e1cido graso altamente hidratante, adem\u00e1s de minerales y vitaminas A, E y D.<\/span><\/li>\n<li><span dir=\"auto\"><strong>Niacinamida:<\/strong> Estimula la producci\u00f3n natural de ceramidas y aten\u00faa la hiperpigmentaci\u00f3n. Deja la piel firme y con un tono uniforme.<\/span><\/li>\n<li><strong>Adenosina:<\/strong> mejora la elasticidad y reduce las arrugas.<\/li>\n<li><strong>Tocoferol (vitamina E):<\/strong>protege e ilumina la piel.<\/li>\n<li><strong data-start=\"6964\" data-end=\"6983\"><span dir=\"auto\"><span dir=\"auto\">\u00c1cido hialur\u00f3nico<\/span><\/span><\/strong><span dir=\"auto\"><span dir=\"auto\">\u00a0: retiene la humedad en la piel, d\u00e1ndole un aspecto m\u00e1s terso y suave.<\/span><\/span><\/li>\n<li><strong data-start=\"7049\" data-end=\"7090\"><span dir=\"auto\"><span dir=\"auto\">El pantenol y los extractos vegetales calmantes<\/span><\/span><\/strong><span dir=\"auto\"><span dir=\"auto\">\u00a0alivian la piel sensible y reducen las molestias y el enrojecimiento.<\/span><\/span><\/li>\n<li><strong data-start=\"6706\" data-end=\"6718\"><span dir=\"auto\"><span dir=\"auto\">Los p\u00e9ptidos<\/span><\/span><\/strong><span dir=\"auto\"><span dir=\"auto\">\u00a0favorecen la producci\u00f3n de col\u00e1geno y mejoran la elasticidad de la piel.<\/span><\/span><\/li>\n<\/ul>\n<p>&nbsp;<\/p>\n<h3><strong>Beneficios clave<\/strong><\/h3>\n<p>&nbsp;<\/p>\n<ul>\n<li>Alisa las l\u00edneas de expresi\u00f3n y reduce las arrugas<\/li>\n<li>Hidrata y nutre en profundidad la delicada piel de debajo de los ojos<\/li>\n<li>Potencia la elasticidad y la regeneraci\u00f3n celular<\/li>\n<li>Textura en gel ligera y no pegajosa<\/li>\n<li>R\u00e1pida absorci\u00f3n sin dejar residuos<\/li>\n<\/ul>\n<h3 data-start=\"7682\" data-end=\"7697\"><\/h3>\n<h3 data-start=\"7682\" data-end=\"7697\"><span dir=\"auto\">Perfecto para<img decoding=\"async\" class=\"alignright\" src=\"https:\/\/koreanskincare.co.uk\/cdn\/shop\/files\/230504_______1080_2_800xkopie.webp?v=1751277971\" \/><\/span><\/h3>\n<p>&nbsp;<\/p>\n<ul data-start=\"7699\" data-end=\"7961\">\n<li data-start=\"7699\" data-end=\"7760\">\n<p data-start=\"7701\" data-end=\"7760\"><span dir=\"auto\">Ojeras<\/span><strong data-start=\"7711\" data-end=\"7757\"><span dir=\"auto\">, <\/span><\/strong><span dir=\"auto\">hinchaz\u00f3n y ojos con aspecto cansado<\/span><span dir=\"auto\">.<\/span><\/p>\n<\/li>\n<li data-start=\"7761\" data-end=\"7822\">\n<p data-start=\"7763\" data-end=\"7822\"><span dir=\"auto\">L\u00edneas de expresi\u00f3n y primeros signos de envejecimiento<\/span><span dir=\"auto\">\u00a0alrededor de los ojos.<\/span><\/p>\n<\/li>\n<li data-start=\"7823\" data-end=\"7871\">\n<p data-start=\"7825\" data-end=\"7871\"><span dir=\"auto\">Zona de los ojos delicada, deshidratada y sensible.<\/span><\/p>\n<\/li>\n<li data-start=\"7872\" data-end=\"7961\">\n<p data-start=\"7874\" data-end=\"7961\"><span dir=\"auto\">Para quienes disfrutan\u00a0<\/span><span dir=\"auto\">de los aplicadores met\u00e1licos refrescantes<\/span><span dir=\"auto\">\u00a0y de un peque\u00f1o masaje en su rutina.<\/span><\/p>\n<\/li>\n<\/ul>\n<h3 data-start=\"7963\" data-end=\"7985\"><\/h3>\n<h3 data-start=\"7963\" data-end=\"7985\"><span dir=\"auto\">Resultados esperados*<\/span><\/h3>\n<p>&nbsp;<\/p>\n<ul data-start=\"7987\" data-end=\"8206\">\n<li data-start=\"7987\" data-end=\"8061\">\n<p data-start=\"7989\" data-end=\"8061\"><span dir=\"auto\">Un\u00a0<\/span><span dir=\"auto\">contorno de ojos m\u00e1s luminoso y revitalizado,<\/span><span dir=\"auto\">\u00a0con menos signos de fatiga.<\/span><\/p>\n<\/li>\n<li data-start=\"8062\" data-end=\"8137\">\n<p data-start=\"8064\" data-end=\"8137\"><span dir=\"auto\">Piel m\u00e1s suave y tersa, con l\u00edneas de expresi\u00f3n que se van haciendo menos visibles.<\/span><\/p>\n<\/li>\n<li data-start=\"8138\" data-end=\"8206\">\n<p data-start=\"8140\" data-end=\"8206\"><span dir=\"auto\">Contorno de ojos hidratado, confortable y listo para el maquillaje.<\/span><\/p>\n<\/li>\n<\/ul>\n<p data-start=\"8208\" data-end=\"8277\"><span dir=\"auto\">*Los resultados pueden variar seg\u00fan el estado de la piel y la frecuencia de uso.<\/span><\/p>\n<h3 data-start=\"7146\" data-end=\"7160\"><\/h3>\n<h3 data-start=\"7146\" data-end=\"7160\"><span dir=\"auto\">Modo de uso<\/span><\/h3>\n<p>&nbsp;<\/p>\n<ol data-start=\"7162\" data-end=\"7538\">\n<li data-start=\"7162\" data-end=\"7231\">\n<p data-start=\"7165\" data-end=\"7231\"><span dir=\"auto\">Limpia tu rostro y aplica tu t\u00f3nico y s\u00e9rum facial como de costumbre.<\/span><\/p>\n<\/li>\n<li data-start=\"7232\" data-end=\"7323\">\n<p data-start=\"7235\" data-end=\"7323\"><span dir=\"auto\">Aplique una peque\u00f1a cantidad de s\u00e9rum para el contorno de ojos directamente sobre la zona de los ojos con el aplicador met\u00e1lico.<\/span><\/p>\n<\/li>\n<li data-start=\"7324\" data-end=\"7417\">\n<p data-start=\"7327\" data-end=\"7417\"><span dir=\"auto\">Masajee suavemente desde el \u00e1ngulo interno hasta el \u00e1ngulo externo del ojo y a lo largo del hueso orbital.<\/span><\/p>\n<\/li>\n<li data-start=\"7418\" data-end=\"7498\">\n<p data-start=\"7421\" data-end=\"7498\"><span dir=\"auto\">Si es necesario, d\u00e9 ligeros toques con las yemas de los dedos para ayudar a que el s\u00e9rum se absorba por completo.<\/span><\/p>\n<\/li>\n<li data-start=\"7499\" data-end=\"7538\">\n<p data-start=\"7502\" data-end=\"7538\"><span dir=\"auto\">Si lo desea, puede aplicar a continuaci\u00f3n una crema para el contorno de ojos.<\/span><\/p>\n<\/li>\n<\/ol>\n<p data-start=\"7540\" data-end=\"7680\"><span dir=\"auto\">\u00daselo por la ma\u00f1ana y por la noche. Por la ma\u00f1ana, ayuda a desinflamar y preparar el contorno de ojos para el maquillaje; por la noche, act\u00faa como un tratamiento espec\u00edfico.<\/span><\/p>\n<p data-start=\"8208\" data-end=\"8277\">\n","protected":false},"excerpt":{"rendered":"<p>TO BE YOUTHFULL es un s\u00e9rum hidratante enriquecido con adenosina, tocoferol y niacinamida para combatir el envejecimiento y obtener beneficios<\/p>\n","protected":false},"featured_media":103672,"comment_status":"open","ping_status":"closed","template":"","meta":{"nf_dc_page":""},"product_brand":[2680],"product_cat":[104],"product_tag":[3715],"class_list":{"0":"post-103671","1":"product","2":"type-product","3":"status-publish","4":"has-post-thumbnail","6":"product_brand-dr-althea","7":"product_cat-skin-care","8":"product_tag-3715","10":"first","11":"instock","12":"shipping-taxable","13":"purchasable","14":"product-type-simple"},"_links":{"self":[{"href":"https:\/\/brandss.com.py\/index\/wp-json\/wp\/v2\/product\/103671","targetHints":{"allow":["GET"]}}],"collection":[{"href":"https:\/\/brandss.com.py\/index\/wp-json\/wp\/v2\/product"}],"about":[{"href":"https:\/\/brandss.com.py\/index\/wp-json\/wp\/v2\/types\/product"}],"replies":[{"embeddable":true,"href":"https:\/\/brandss.com.py\/index\/wp-json\/wp\/v2\/comments?post=103671"}],"version-history":[{"count":1,"href":"https:\/\/brandss.com.py\/index\/wp-json\/wp\/v2\/product\/103671\/revisions"}],"predecessor-version":[{"id":103679,"href":"https:\/\/brandss.com.py\/index\/wp-json\/wp\/v2\/product\/103671\/revisions\/103679"}],"wp:featuredmedia":[{"embeddable":true,"href":"https:\/\/brandss.com.py\/index\/wp-json\/wp\/v2\/media\/103672"}],"wp:attachment":[{"href":"https:\/\/brandss.com.py\/index\/wp-json\/wp\/v2\/media?parent=103671"}],"wp:term":[{"taxonomy":"product_brand","embeddable":true,"href":"https:\/\/brandss.com.py\/index\/wp-json\/wp\/v2\/product_brand?post=103671"},{"taxonomy":"product_cat","embeddable":true,"href":"https:\/\/brandss.com.py\/index\/wp-json\/wp\/v2\/product_cat?post=103671"},{"taxonomy":"product_tag","embeddable":true,"href":"https:\/\/brandss.com.py\/index\/wp-json\/wp\/v2\/product_tag?post=103671"}],"curies":[{"name":"wp","href":"https:\/\/api.w.org\/{rel}","templated":true}]}}