{"id":103680,"date":"2026-05-15T10:42:18","date_gmt":"2026-05-15T10:42:18","guid":{"rendered":"https:\/\/brandss.com.py\/index\/?post_type=product&#038;p=103680"},"modified":"2026-05-15T10:45:57","modified_gmt":"2026-05-15T10:45:57","slug":"crema-facial-dr-althea-pdrn-reju-5000-20ml","status":"publish","type":"product","link":"https:\/\/brandss.com.py\/index\/producto\/crema-facial-dr-althea-pdrn-reju-5000-20ml\/","title":{"rendered":"CREMA FACIAL DR. ALTHEA PDRN REJU 5000 20ML"},"content":{"rendered":"<p><img loading=\"lazy\" decoding=\"async\" class=\"\" src=\"https:\/\/www.miikorean.com\/cdn\/shop\/collections\/DR.ALTHEA.png?v=1756148760\" alt=\"DR.ALTHEA \u2013 Mii Korean Skincare\" width=\"153\" height=\"51\" \/><\/p>\n<h1>PDRN REJU 5000<\/h1>\n<p>Es una crema facial ligera especialmente formulada para piel seca e irritada que necesita calma e hidrataci\u00f3n intensa. La f\u00f3rmula avanzada combina PDRN enriquecido con probi\u00f3ticos, centella asi\u00e1tica y \u00e1cido hialur\u00f3nico triple para proporcionar confort inmediato a la piel, al tiempo que trabaja para mejorar la elasticidad de la piel.<strong><img loading=\"lazy\" decoding=\"async\" class=\"alignleft\" src=\"https:\/\/www.skinko.com.ar\/cdn\/shop\/files\/8809447256412_4_12d326c7-3e53-4f4d-8f93-6028535561e1.jpg?v=1776870636&amp;width=4096\" width=\"519\" height=\"588\" \/><\/strong><\/p>\n<p>La textura \u00fanica, similar a un gel, se absorbe r\u00e1pidamente en la piel sin dejar una superficie pegajosa, y proporciona una sensaci\u00f3n inmediatamente refrescante e hidratante. La crema est\u00e1 desarrollada para calmar eficazmente la piel estresada y promover su proceso natural de recuperaci\u00f3n.<\/p>\n<p>&nbsp;<\/p>\n<h3><strong>Ingredientes claves<\/strong><\/h3>\n<p>&nbsp;<\/p>\n<ul>\n<li><strong>PDRN (enriquecido con probi\u00f3ticos):<\/strong> apoya la elasticidad y vitalidad de la piel.<\/li>\n<li><strong>Centella Asiatica: <\/strong>tiene un efecto calmante en la piel.<\/li>\n<li><strong>\u00c1cido Hialur\u00f3nico Triple<\/strong>: tres tipos de \u00e1cido hialur\u00f3nico que ayudan a la piel a retener la humedad.<\/li>\n<li><strong data-start=\"2729\" data-end=\"2756\"><span dir=\"auto\"><span dir=\"auto\">EGF (sh-Oligop\u00e9ptido-1):<\/span><\/span><\/strong><span dir=\"auto\"><span dir=\"auto\">\u00a0favorece una apariencia m\u00e1s suave y refinada.<\/span><\/span><\/li>\n<li><strong data-start=\"2892\" data-end=\"2923\"><span dir=\"auto\"><span dir=\"auto\">Tocoferol + l\u00edpidos de barrera:<\/span><\/span><\/strong><span dir=\"auto\"><span dir=\"auto\">\u00a0apoyo antioxidante y cuidado de la barrera cut\u00e1nea.<\/span><\/span><\/li>\n<\/ul>\n<p>&nbsp;<\/p>\n<h3><strong>Ventajas<\/strong><\/h3>\n<p>&nbsp;<\/p>\n<ul>\n<li>Formulada con PDRN enriquecido con probi\u00f3ticos<\/li>\n<li>Alivia eficazmente la piel seca e irritada<\/li>\n<li>Enriquecida con centella asi\u00e1tica para calmar la piel<\/li>\n<li>\u00c1cido hialur\u00f3nico triple para una hidrataci\u00f3n profunda<\/li>\n<li>Textura ligera de gel que se absorbe r\u00e1pidamente sin dejar una superficie aceitosa<\/li>\n<\/ul>\n<p>&nbsp;<\/p>\n<h3>Ideal para<\/h3>\n<p><img loading=\"lazy\" decoding=\"async\" class=\"alignright\" src=\"https:\/\/moonglow.md\/wp-content\/uploads\/2026\/01\/dr.althea-pdrn-reju-5000-cream-20g-pdrn-5000ppm-4.jpg\" width=\"582\" height=\"582\" \/><\/p>\n<ul data-start=\"3130\" data-end=\"3284\">\n<li data-start=\"3130\" data-end=\"3163\">\n<p data-start=\"3132\" data-end=\"3163\"><span dir=\"auto\">Piel sensible o deshidratada.<\/span><\/p>\n<\/li>\n<li data-start=\"3130\" data-end=\"3163\">\n<p data-start=\"3132\" data-end=\"3163\"><span dir=\"auto\">Piel con barrera cut\u00e1nea debilitada.<\/span><\/p>\n<\/li>\n<li data-start=\"3130\" data-end=\"3163\">\n<p data-start=\"3132\" data-end=\"3163\"><span dir=\"auto\">Piel apagada y con aspecto cansado.<\/span><\/p>\n<\/li>\n<li data-start=\"3130\" data-end=\"3163\">\n<p data-start=\"3132\" data-end=\"3163\"><span dir=\"auto\">Apto para todo tipo de piel, incluso la piel sensible.<\/span><\/p>\n<\/li>\n<\/ul>\n<h3><\/h3>\n<h3><strong>Uso<\/strong><\/h3>\n<p>&nbsp;<\/p>\n<ol>\n<li>Aplicar una cantidad adecuada sobre la piel limpia.<\/li>\n<li>Masajear suavemente hasta que la crema se absorba.<\/li>\n<li>Usar ma\u00f1ana y noche como \u00faltimo paso en la rutina de cuidado de la piel.<\/li>\n<\/ol>\n<h5 data-start=\"3472\" data-end=\"3494\"><span dir=\"auto\">Resultados esperados<\/span><\/h5>\n<p data-start=\"3495\" data-end=\"3610\"><span dir=\"auto\">La piel se siente m\u00e1s calmada, mejor hidratada y m\u00e1s el\u00e1stica, con una textura m\u00e1s suave y un aspecto m\u00e1s saludable y fresco.<\/span><\/p>\n","protected":false},"excerpt":{"rendered":"<p>PDRN REJU 5000 Es una crema facial ligera especialmente formulada para piel seca e irritada que necesita calma e hidrataci\u00f3n<\/p>\n","protected":false},"featured_media":103681,"comment_status":"open","ping_status":"closed","template":"","meta":{"nf_dc_page":""},"product_brand":[2680],"product_cat":[104],"product_tag":[3716],"class_list":{"0":"post-103680","1":"product","2":"type-product","3":"status-publish","4":"has-post-thumbnail","6":"product_brand-dr-althea","7":"product_cat-skin-care","8":"product_tag-3716","10":"first","11":"instock","12":"shipping-taxable","13":"purchasable","14":"product-type-simple"},"_links":{"self":[{"href":"https:\/\/brandss.com.py\/index\/wp-json\/wp\/v2\/product\/103680","targetHints":{"allow":["GET"]}}],"collection":[{"href":"https:\/\/brandss.com.py\/index\/wp-json\/wp\/v2\/product"}],"about":[{"href":"https:\/\/brandss.com.py\/index\/wp-json\/wp\/v2\/types\/product"}],"replies":[{"embeddable":true,"href":"https:\/\/brandss.com.py\/index\/wp-json\/wp\/v2\/comments?post=103680"}],"version-history":[{"count":1,"href":"https:\/\/brandss.com.py\/index\/wp-json\/wp\/v2\/product\/103680\/revisions"}],"predecessor-version":[{"id":103688,"href":"https:\/\/brandss.com.py\/index\/wp-json\/wp\/v2\/product\/103680\/revisions\/103688"}],"wp:featuredmedia":[{"embeddable":true,"href":"https:\/\/brandss.com.py\/index\/wp-json\/wp\/v2\/media\/103681"}],"wp:attachment":[{"href":"https:\/\/brandss.com.py\/index\/wp-json\/wp\/v2\/media?parent=103680"}],"wp:term":[{"taxonomy":"product_brand","embeddable":true,"href":"https:\/\/brandss.com.py\/index\/wp-json\/wp\/v2\/product_brand?post=103680"},{"taxonomy":"product_cat","embeddable":true,"href":"https:\/\/brandss.com.py\/index\/wp-json\/wp\/v2\/product_cat?post=103680"},{"taxonomy":"product_tag","embeddable":true,"href":"https:\/\/brandss.com.py\/index\/wp-json\/wp\/v2\/product_tag?post=103680"}],"curies":[{"name":"wp","href":"https:\/\/api.w.org\/{rel}","templated":true}]}}