{"id":103689,"date":"2026-05-15T11:57:58","date_gmt":"2026-05-15T11:57:58","guid":{"rendered":"https:\/\/brandss.com.py\/index\/?post_type=product&#038;p=103689"},"modified":"2026-05-15T11:58:53","modified_gmt":"2026-05-15T11:58:53","slug":"serum-de-contorno-de-ojos-dr-althea-retinol-flat-iron-roller-25ml","status":"publish","type":"product","link":"https:\/\/brandss.com.py\/index\/producto\/serum-de-contorno-de-ojos-dr-althea-retinol-flat-iron-roller-25ml\/","title":{"rendered":"S\u00c9RUM DE CONTORNO DE OJOS DR. ALTHEA RETINOL FLAT IRON ROLLER 25ML"},"content":{"rendered":"<p><img loading=\"lazy\" decoding=\"async\" class=\"\" src=\"https:\/\/www.miikorean.com\/cdn\/shop\/collections\/DR.ALTHEA.png?v=1756148760\" alt=\"DR.ALTHEA \u2013 Mii Korean Skincare\" width=\"156\" height=\"52\" \/><\/p>\n<h1>RETINOL FLAT IRON ROLLER<\/h1>\n<p>Es un tratamiento para los ojos con un aplicador roll-on suave que alisa y reafirma la piel alrededor de los ojos. El aplicador es f\u00e1cil de usar y proporciona un ligero masaje que estimula la piel.<\/p>\n<p>La f\u00f3rmula combina retinol y bakuchiol para mejorar eficazmente la textura de la piel y reducir las l\u00edneas finas. Al mismo tiempo, los ceramidas y el colesterol fortalecen la barrera cut\u00e1nea, mientras que el \u00e1cido hialur\u00f3nico y el pantenol hidratan profundamente y calman la piel. Junto con los p\u00e9ptidos y PDRN (Sodium DNA), estos ingredientes contribuyen a una mayor elasticidad y una piel m\u00e1s vital.<img loading=\"lazy\" decoding=\"async\" class=\"alignleft\" src=\"https:\/\/moonglow.md\/wp-content\/uploads\/2026\/01\/dr.althea-retinol-flat-iron-eye-roller-25ml-2.jpg\" width=\"623\" height=\"623\" \/><\/p>\n<p>&nbsp;<\/p>\n<h3><strong>Ingredientes claves<\/strong><\/h3>\n<p>&nbsp;<\/p>\n<ul>\n<li><strong>Retinol:<\/strong>\u00a0mejora la textura de la piel.<\/li>\n<li><strong>Bakuchiol:<\/strong>\u00a0proporciona un tono de piel m\u00e1s uniforme y mayor elasticidad.<\/li>\n<li><strong>Ceramide NP:<\/strong>\u00a0fortalece la barrera protectora de la piel.<\/li>\n<li><strong>Colesterol:<\/strong>\u00a0apoya la barrera cut\u00e1nea.<\/li>\n<li><strong>\u00c1cido hialur\u00f3nico:<\/strong>\u00a0ayuda a la piel a retener la humedad.<\/li>\n<li><strong>P\u00e9ptidos:<\/strong>\u00a0contribuye a mantener la elasticidad de la piel.<\/li>\n<\/ul>\n<p>&nbsp;<\/p>\n<h3><strong>Ventajas<\/strong><\/h3>\n<p>&nbsp;<\/p>\n<ul>\n<li><strong>Retinol y bakuchiol:<\/strong>\u00a0Reduce la visibilidad de las l\u00edneas finas.<\/li>\n<li><strong>P\u00e9ptidos:<\/strong>\u00a0Mejora la elasticidad de la piel.<\/li>\n<li><strong>Ceramidas y colesterol:<\/strong>\u00a0Fortalece la barrera cut\u00e1nea.<\/li>\n<li><strong>\u00c1cido hialur\u00f3nico y pantenol:<\/strong>\u00a0Hidrata y calma la piel.<\/li>\n<li><strong>Aplicador roll-on:<\/strong>\u00a0Garantiza una aplicaci\u00f3n suave y uniforme.<\/li>\n<\/ul>\n<h5 data-start=\"3278\" data-end=\"3303\"><\/h5>\n<h3 data-start=\"3278\" data-end=\"3303\"><span dir=\"auto\">Es ideal para<\/span><\/h3>\n<h3><img decoding=\"async\" class=\"alignright\" src=\"https:\/\/sulskin.com\/cdn\/shop\/files\/Dr._Althea_Retinol_Flat_Iron_Eye_Roller.gif?v=1771293542\" \/><\/h3>\n<p>&nbsp;<\/p>\n<ul data-start=\"3304\" data-end=\"3562\">\n<li data-start=\"3304\" data-end=\"3376\">\n<p data-start=\"3306\" data-end=\"3376\"><span dir=\"auto\">Contorno de ojos con signos de fatiga, deshidrataci\u00f3n o p\u00e9rdida de firmeza.<\/span><\/p>\n<\/li>\n<li data-start=\"3304\" data-end=\"3376\">\n<p data-start=\"3306\" data-end=\"3376\"><span dir=\"auto\">Para quienes buscan un producto antiedad f\u00e1cil de usar y sin una rutina complicada.<\/span><\/p>\n<\/li>\n<li data-start=\"3462\" data-end=\"3562\">\n<p data-start=\"3464\" data-end=\"3562\"><span dir=\"auto\">Para quienes buscan un equilibrio entre un ingrediente activo (retinol) y un efecto calmante e hidratante.<\/span><\/p>\n<\/li>\n<\/ul>\n<h3><strong>Modo de uso<\/strong><\/h3>\n<p>&nbsp;<\/p>\n<ol>\n<li>Utiliza el aplicador roll-on para aplicar suavemente el producto alrededor de los ojos.<\/li>\n<li>Masajea el producto con movimientos ligeros.<\/li>\n<li>Se recomienda usar por la noche.<\/li>\n<li>Completa con protector solar durante el d\u00eda.<\/li>\n<\/ol>\n<h5 data-start=\"4051\" data-end=\"4070\"><span dir=\"auto\">Resultado esperado<\/span><\/h5>\n<p data-start=\"4071\" data-end=\"4176\"><span dir=\"auto\">Un contorno de ojos m\u00e1s hidratado, suave y luminoso, con una apariencia m\u00e1s firme y refinada con el paso del tiempo.<\/span><\/p>\n","protected":false},"excerpt":{"rendered":"<p>RETINOL FLAT IRON ROLLER Es un tratamiento para los ojos con un aplicador roll-on suave que alisa y reafirma la<\/p>\n","protected":false},"featured_media":103690,"comment_status":"open","ping_status":"closed","template":"","meta":{"nf_dc_page":""},"product_brand":[2680],"product_cat":[104],"product_tag":[3717],"class_list":{"0":"post-103689","1":"product","2":"type-product","3":"status-publish","4":"has-post-thumbnail","6":"product_brand-dr-althea","7":"product_cat-skin-care","8":"product_tag-3717","10":"first","11":"instock","12":"shipping-taxable","13":"purchasable","14":"product-type-simple"},"_links":{"self":[{"href":"https:\/\/brandss.com.py\/index\/wp-json\/wp\/v2\/product\/103689","targetHints":{"allow":["GET"]}}],"collection":[{"href":"https:\/\/brandss.com.py\/index\/wp-json\/wp\/v2\/product"}],"about":[{"href":"https:\/\/brandss.com.py\/index\/wp-json\/wp\/v2\/types\/product"}],"replies":[{"embeddable":true,"href":"https:\/\/brandss.com.py\/index\/wp-json\/wp\/v2\/comments?post=103689"}],"version-history":[{"count":1,"href":"https:\/\/brandss.com.py\/index\/wp-json\/wp\/v2\/product\/103689\/revisions"}],"predecessor-version":[{"id":103697,"href":"https:\/\/brandss.com.py\/index\/wp-json\/wp\/v2\/product\/103689\/revisions\/103697"}],"wp:featuredmedia":[{"embeddable":true,"href":"https:\/\/brandss.com.py\/index\/wp-json\/wp\/v2\/media\/103690"}],"wp:attachment":[{"href":"https:\/\/brandss.com.py\/index\/wp-json\/wp\/v2\/media?parent=103689"}],"wp:term":[{"taxonomy":"product_brand","embeddable":true,"href":"https:\/\/brandss.com.py\/index\/wp-json\/wp\/v2\/product_brand?post=103689"},{"taxonomy":"product_cat","embeddable":true,"href":"https:\/\/brandss.com.py\/index\/wp-json\/wp\/v2\/product_cat?post=103689"},{"taxonomy":"product_tag","embeddable":true,"href":"https:\/\/brandss.com.py\/index\/wp-json\/wp\/v2\/product_tag?post=103689"}],"curies":[{"name":"wp","href":"https:\/\/api.w.org\/{rel}","templated":true}]}}