{"id":103698,"date":"2026-05-15T12:33:05","date_gmt":"2026-05-15T12:33:05","guid":{"rendered":"https:\/\/brandss.com.py\/index\/?post_type=product&#038;p=103698"},"modified":"2026-05-15T12:33:30","modified_gmt":"2026-05-15T12:33:30","slug":"limpiador-facial-dr-althea-pure-grinding-cleasing-balm-50ml","status":"publish","type":"product","link":"https:\/\/brandss.com.py\/index\/producto\/limpiador-facial-dr-althea-pure-grinding-cleasing-balm-50ml\/","title":{"rendered":"LIMPIADOR FACIAL DR. ALTHEA PURE GRINDING CLEASING BALM 50ML"},"content":{"rendered":"<p><img loading=\"lazy\" decoding=\"async\" class=\"\" src=\"https:\/\/www.miikorean.com\/cdn\/shop\/collections\/DR.ALTHEA.png?v=1756148760\" alt=\"DR.ALTHEA \u2013 Mii Korean Skincare\" width=\"282\" height=\"94\" \/><\/p>\n<h1>PURE GRINDING CLEASING BALM<\/h1>\n<p>Es un b\u00e1lsamo limpiador suave\u00a0dise\u00f1ado para pieles sensibles, pero apto para todo tipo de pieles. Est\u00e1 formulado con ingredientes naturales como el aceite de semilla de Camellia Sinensis y Vitis Vinifera (aceite de semilla de uva), conocidos por sus propiedades acondicionadoras de la piel. Tambi\u00e9n contiene madecassoside y extracto de centella asi\u00e1tica, que tienen un efecto calmante y pueden reducir las rojeces y la irritaci\u00f3n.<img loading=\"lazy\" decoding=\"async\" class=\"alignleft\" src=\"https:\/\/www.koreanbeauty.es\/cdn\/shop\/files\/PureGrindingCleansingBalm_1.png?v=1743600471&amp;width=1080\" width=\"488\" height=\"488\" \/><\/p>\n<p>&nbsp;<\/p>\n<h3><label class=\"text-uppercase\" for=\"tabAccordioncollapsible_tab_aGdwfU\"><span dir=\"auto\">Ingredientes claves<\/span><\/label><\/h3>\n<p>&nbsp;<\/p>\n<div class=\"tab-accordion-item-content js-set-height\">\n<div class=\"tab-accordion-item-content-inside\">\n<div class=\"rte\">\n<ul>\n<li><span class=\"metafield-multi_line_text_field\"><span dir=\"auto\"><strong>Aceite de semilla de camellia sinensis:<\/strong> disuelve eficazmente el maquillaje y el sebo a la vez que proporciona antioxidantes que protegen la piel.<\/span><\/span><\/li>\n<li><span class=\"metafield-multi_line_text_field\"><span dir=\"auto\"><strong>Aceite de semilla de uva:<\/strong> rico en \u00e1cidos grasos omega-6 y antioxidantes, nutre la piel sin dejar residuos grasos y ayuda a mantener la elasticidad.<\/span><\/span><\/li>\n<li><span class=\"metafield-multi_line_text_field\"><span dir=\"auto\"><strong>Extracto de centella asi\u00e1tica:<\/strong> calma la irritaci\u00f3n, promueve la reparaci\u00f3n de la piel y fortalece la barrera cut\u00e1nea.<\/span><\/span><\/li>\n<li><span class=\"metafield-multi_line_text_field\"><span dir=\"auto\"><strong>Madecas\u00f3sido:<\/strong> un potente ingrediente activo calmante derivado de la Centella, ayuda a reducir el enrojecimiento y favorece la regeneraci\u00f3n de la piel.<\/span><\/span><\/li>\n<li><span class=\"metafield-multi_line_text_field\"><span dir=\"auto\"><strong>Tocoferol (Vitamina E):<\/strong> protege la piel contra el estr\u00e9s oxidativo y ayuda a mantener su hidrataci\u00f3n.<\/span><\/span><\/li>\n<\/ul>\n<\/div>\n<\/div>\n<\/div>\n<h3><\/h3>\n<h3><strong>Ventajas<img loading=\"lazy\" decoding=\"async\" class=\"alignright\" src=\"https:\/\/cdn.shopify.com\/s\/files\/1\/0578\/8532\/7560\/files\/DR_ALTHEA_Pure_Grinding_Cleansing_Balm2.gif?v=1730379850\" width=\"463\" height=\"728\" \/><\/strong><\/h3>\n<p>&nbsp;<\/p>\n<ul>\n<li><strong>Limpieza suave:<\/strong> formulado con aceites naturales como el de camelia sinensis y el de pepitas de uva, conocidos por sus propiedades suavizantes y acondicionadoras, perfecto para pieles sensibles.<\/li>\n<li><strong>Eficaz contra la suciedad y el maquillaje:<\/strong> elimina eficazmente el maquillaje, la protecci\u00f3n solar y el maquillaje resistente al agua sin dejar la piel pesada ni grasa.<\/li>\n<li><strong>Contenido calmante:<\/strong> contiene madecassoside y extracto de centella asi\u00e1tica que tienen un efecto calmante y ayudan a reducir las rojeces y la irritaci\u00f3n de la piel.<\/li>\n<li><strong>Aplicaci\u00f3n higi\u00e9nica:<\/strong> equipado con un mecanismo \u00fanico que proporciona una dosificaci\u00f3n higi\u00e9nica y precisa.<\/li>\n<li><strong>Vegano y sin aditivos nocivos: <\/strong>f\u00f3rmula apta para veganos, sin perfumes ni colorantes artificiales a\u00f1adidos, por lo que resulta adecuada incluso para quienes tienen la piel sensible.<\/li>\n<\/ul>\n<p>&nbsp;<\/p>\n<h3><strong>Modo de uso<\/strong><\/h3>\n<p>&nbsp;<\/p>\n<ol>\n<li><strong>Preparaci\u00f3n: <\/strong>comience por asegurarse de que su rostro est\u00e1 seco antes de la aplicaci\u00f3n.<\/li>\n<li><strong>Dosificaci\u00f3n:<\/strong> gire el producto en el sentido de las agujas del reloj para obtener una cantidad adecuada de b\u00e1lsamo.<\/li>\n<li><strong>Aplicaci\u00f3n: <\/strong>masajear suavemente el b\u00e1lsamo con movimientos circulares por todo el rostro para disolver el maquillaje y la suciedad.<\/li>\n<li><strong>Emulsificaci\u00f3n:<\/strong> a\u00f1ada gradualmente un poco de agua para transformar el b\u00e1lsamo en una emulsi\u00f3n lechosa. Contin\u00fae masajeando el producto.<\/li>\n<li><strong>Aclarado:<\/strong> aclare abundantemente con agua tibia para eliminar todos los residuos del rostro.<\/li>\n<\/ol>\n","protected":false},"excerpt":{"rendered":"<p>PURE GRINDING CLEASING BALM Es un b\u00e1lsamo limpiador suave\u00a0dise\u00f1ado para pieles sensibles, pero apto para todo tipo de pieles. Est\u00e1<\/p>\n","protected":false},"featured_media":103699,"comment_status":"open","ping_status":"closed","template":"","meta":{"nf_dc_page":""},"product_brand":[2680],"product_cat":[104],"product_tag":[3718],"class_list":{"0":"post-103698","1":"product","2":"type-product","3":"status-publish","4":"has-post-thumbnail","6":"product_brand-dr-althea","7":"product_cat-skin-care","8":"product_tag-3718","10":"first","11":"instock","12":"shipping-taxable","13":"purchasable","14":"product-type-simple"},"_links":{"self":[{"href":"https:\/\/brandss.com.py\/index\/wp-json\/wp\/v2\/product\/103698","targetHints":{"allow":["GET"]}}],"collection":[{"href":"https:\/\/brandss.com.py\/index\/wp-json\/wp\/v2\/product"}],"about":[{"href":"https:\/\/brandss.com.py\/index\/wp-json\/wp\/v2\/types\/product"}],"replies":[{"embeddable":true,"href":"https:\/\/brandss.com.py\/index\/wp-json\/wp\/v2\/comments?post=103698"}],"version-history":[{"count":1,"href":"https:\/\/brandss.com.py\/index\/wp-json\/wp\/v2\/product\/103698\/revisions"}],"predecessor-version":[{"id":103706,"href":"https:\/\/brandss.com.py\/index\/wp-json\/wp\/v2\/product\/103698\/revisions\/103706"}],"wp:featuredmedia":[{"embeddable":true,"href":"https:\/\/brandss.com.py\/index\/wp-json\/wp\/v2\/media\/103699"}],"wp:attachment":[{"href":"https:\/\/brandss.com.py\/index\/wp-json\/wp\/v2\/media?parent=103698"}],"wp:term":[{"taxonomy":"product_brand","embeddable":true,"href":"https:\/\/brandss.com.py\/index\/wp-json\/wp\/v2\/product_brand?post=103698"},{"taxonomy":"product_cat","embeddable":true,"href":"https:\/\/brandss.com.py\/index\/wp-json\/wp\/v2\/product_cat?post=103698"},{"taxonomy":"product_tag","embeddable":true,"href":"https:\/\/brandss.com.py\/index\/wp-json\/wp\/v2\/product_tag?post=103698"}],"curies":[{"name":"wp","href":"https:\/\/api.w.org\/{rel}","templated":true}]}}