{"id":103707,"date":"2026-05-15T13:28:20","date_gmt":"2026-05-15T13:28:20","guid":{"rendered":"https:\/\/brandss.com.py\/index\/?post_type=product&#038;p=103707"},"modified":"2026-05-15T13:28:54","modified_gmt":"2026-05-15T13:28:54","slug":"crema-de-contorno-de-ojos-abib-collagen-jericho-rose-tube-30ml","status":"publish","type":"product","link":"https:\/\/brandss.com.py\/index\/producto\/crema-de-contorno-de-ojos-abib-collagen-jericho-rose-tube-30ml\/","title":{"rendered":"CREMA DE CONTORNO DE OJOS ABIB COLLAGEN JERICHO ROSE TUBE 30ML"},"content":{"rendered":"<p><img loading=\"lazy\" decoding=\"async\" class=\"\" src=\"https:\/\/glowstoreuy.com\/cdn\/shop\/collections\/abib.png?v=1742093998\" alt=\"Abib \u2013 GLOW STORE URUGUAY\" width=\"184\" height=\"130\" \/><\/p>\n<h1>COLLAGEN JERICHO ROSE TUBE<\/h1>\n<p>&nbsp;<\/p>\n<p>Revitaliza la piel alrededor de los ojos con Collagen Eye Cr\u00e8me Jericho Rose Tube una crema para ojos efectiva pero suave que contiene 10,005 ppm de col\u00e1geno vegano, bakuchiol y extracto de Rosa de Jeric\u00f3. La crema hidrata, suaviza y fortalece la piel delgada alrededor de los ojos para una apariencia m\u00e1s juvenil y radiante.<img loading=\"lazy\" decoding=\"async\" class=\"alignleft\" src=\"https:\/\/moonglow.md\/wp-content\/uploads\/2024\/11\/abib-collagen-eye-creme-jericho-rose-tube-30ml-7-min.jpg\" width=\"422\" height=\"422\" \/><\/p>\n<p>La f\u00f3rmula sedosa se absorbe r\u00e1pidamente sin sentirse pesada. Con ingredientes como niacinamida, ceramidas y p\u00e9ptidos, contribuye a restaurar la elasticidad y el brillo de la piel, mientras que el extracto de Rosa de Jeric\u00f3 ayuda a retener la humedad, incluso en ambientes secos. Una excelente opci\u00f3n para quienes desean combatir las ojeras, las l\u00edneas finas y la disminuci\u00f3n de la firmeza.<\/p>\n<p>&nbsp;<\/p>\n<h3><strong>Ingredientes claves<\/strong><\/h3>\n<p>&nbsp;<\/p>\n<ul>\n<li><strong>Extracto de Rosa de Jeric\u00f3<\/strong>\u00a0&#8211; Hidrata la piel y protege eficazmente contra la deshidrataci\u00f3n.<\/li>\n<li><strong>Col\u00e1geno vegano (10,005 ppm)<\/strong>\u00a0&#8211; Promueve la firmeza y plenitud de la piel.<\/li>\n<li><strong>Niacinamida (5%)<\/strong>\u00a0&#8211; Unifica el tono de la piel y contribuye a una piel m\u00e1s luminosa.<\/li>\n<li><strong>Bakuchiol<\/strong>\u00a0&#8211; Una alternativa vegetal al retinol que mejora la firmeza de la piel.<\/li>\n<li><strong>Ceramide NP y Squalane<\/strong>\u00a0&#8211; Fortalece la barrera de la piel y ayuda a retener la humedad.<\/li>\n<\/ul>\n<h3><\/h3>\n<h3><strong>Ventajas<img loading=\"lazy\" decoding=\"async\" class=\"alignright\" src=\"https:\/\/moonglow.md\/wp-content\/uploads\/2024\/11\/abib-collagen-eye-creme-jericho-rose-tube-30ml-5-min.jpg\" width=\"528\" height=\"528\" \/><\/strong><\/h3>\n<p>&nbsp;<\/p>\n<ul>\n<li>Reduce la visibilidad de l\u00edneas finas y ojeras.<\/li>\n<li>Proporciona hidrataci\u00f3n profunda y mejora la elasticidad de la piel.<\/li>\n<li>Enriquecida con Rosa de Jeric\u00f3 y bakuchiol para mayor firmeza y brillo radiante.<\/li>\n<li>Fortalece la barrera de la piel con ceramidas nutritivas y squalane.<\/li>\n<li>Adecuada para todo tipo de piel, incluso piel sensible.<\/li>\n<\/ul>\n<p>&nbsp;<\/p>\n<h3><strong>Modo de uso<\/strong><\/h3>\n<p>&nbsp;<\/p>\n<ol>\n<li>Aplica una peque\u00f1a cantidad alrededor de los ojos despu\u00e9s de la limpieza y el t\u00f3nico.<\/li>\n<li>Da golpecitos suavemente con el dedo anular hasta que la crema se absorba.<\/li>\n<li>Usar por la ma\u00f1ana y por la noche.<\/li>\n<li>Tambi\u00e9n se puede usar alrededor de la boca o en l\u00edneas finas del rostro.<\/li>\n<\/ol>\n","protected":false},"excerpt":{"rendered":"<p>COLLAGEN JERICHO ROSE TUBE &nbsp; Revitaliza la piel alrededor de los ojos con Collagen Eye Cr\u00e8me Jericho Rose Tube una<\/p>\n","protected":false},"featured_media":103708,"comment_status":"open","ping_status":"closed","template":"","meta":{"nf_dc_page":""},"product_brand":[3672],"product_cat":[104],"product_tag":[3719],"class_list":{"0":"post-103707","1":"product","2":"type-product","3":"status-publish","4":"has-post-thumbnail","6":"product_brand-abib","7":"product_cat-skin-care","8":"product_tag-3719","10":"first","11":"instock","12":"shipping-taxable","13":"purchasable","14":"product-type-simple"},"_links":{"self":[{"href":"https:\/\/brandss.com.py\/index\/wp-json\/wp\/v2\/product\/103707","targetHints":{"allow":["GET"]}}],"collection":[{"href":"https:\/\/brandss.com.py\/index\/wp-json\/wp\/v2\/product"}],"about":[{"href":"https:\/\/brandss.com.py\/index\/wp-json\/wp\/v2\/types\/product"}],"replies":[{"embeddable":true,"href":"https:\/\/brandss.com.py\/index\/wp-json\/wp\/v2\/comments?post=103707"}],"version-history":[{"count":1,"href":"https:\/\/brandss.com.py\/index\/wp-json\/wp\/v2\/product\/103707\/revisions"}],"predecessor-version":[{"id":103715,"href":"https:\/\/brandss.com.py\/index\/wp-json\/wp\/v2\/product\/103707\/revisions\/103715"}],"wp:featuredmedia":[{"embeddable":true,"href":"https:\/\/brandss.com.py\/index\/wp-json\/wp\/v2\/media\/103708"}],"wp:attachment":[{"href":"https:\/\/brandss.com.py\/index\/wp-json\/wp\/v2\/media?parent=103707"}],"wp:term":[{"taxonomy":"product_brand","embeddable":true,"href":"https:\/\/brandss.com.py\/index\/wp-json\/wp\/v2\/product_brand?post=103707"},{"taxonomy":"product_cat","embeddable":true,"href":"https:\/\/brandss.com.py\/index\/wp-json\/wp\/v2\/product_cat?post=103707"},{"taxonomy":"product_tag","embeddable":true,"href":"https:\/\/brandss.com.py\/index\/wp-json\/wp\/v2\/product_tag?post=103707"}],"curies":[{"name":"wp","href":"https:\/\/api.w.org\/{rel}","templated":true}]}}