{"id":103716,"date":"2026-05-15T14:02:54","date_gmt":"2026-05-15T14:02:54","guid":{"rendered":"https:\/\/brandss.com.py\/index\/?post_type=product&#038;p=103716"},"modified":"2026-05-15T14:03:25","modified_gmt":"2026-05-15T14:03:25","slug":"shampoo-capilar-kerasys-oriental-premium-volume-repair-600ml","status":"publish","type":"product","link":"https:\/\/brandss.com.py\/index\/producto\/shampoo-capilar-kerasys-oriental-premium-volume-repair-600ml\/","title":{"rendered":"SHAMPOO CAPILAR KERASYS ORIENTAL PREMIUM VOLUME &amp; REPAIR 600ML"},"content":{"rendered":"<p><img loading=\"lazy\" decoding=\"async\" class=\"\" src=\"https:\/\/brandss.com.py\/index\/wp-content\/uploads\/2025\/09\/AA-21.png\" alt=\"SHAMPOO KERASYS ADVANCED REPAIR AMPOULE 600ML \u2013 Brands\" width=\"168\" height=\"83\" \/><\/p>\n<h1>ORIENTAL PREMIUM VOLUME &amp; REPAIR<\/h1>\n<p>El champ\u00fa Kerasys Oriental Premium Volume &amp; Repair es el aliado perfecto para transformar el cabello d\u00e9bil y sin vida en mechones llenos de vitalidad y volumen. Su innovadora f\u00f3rmula combina prote\u00ednas bot\u00e1nicas, col\u00e1geno y camelia japonesa para ofrecer un tratamiento intensivo de la ra\u00edz a las puntas. Fortalece cada mech\u00f3n, d\u00e1ndole grosor sin dejar residuos, y lo repara sin apelmazarlo, garantizando un volumen visible y un brillo natural cautivador.<\/p>\n<p>Ideal para quienes buscan revitalizar su cabello, es perfecto para uso diario, especialmente en cabello opaco y quebradizo. Su textura ligera y nutritiva aporta cuerpo y energ\u00eda, adem\u00e1s de proporcionar una suavidad irresistible al tacto. Con Oriental Premium Volume &amp; Repair, cada lavado se convierte en un ritual de belleza y transformaci\u00f3n.<\/p>\n<p>\u00a1Consigue un cabello m\u00e1s sano, brillante y con m\u00e1s volumen! \u00a1Transforma tu rutina con el poder del champ\u00fa Kerasys Volume &amp; Repair!<\/p>\n<h2><span dir=\"auto\">Beneficios<\/span><\/h2>\n<ul>\n<li><span dir=\"auto\">Nutre profundamente el cabello con extracto de camelia.<\/span><\/li>\n<li><span dir=\"auto\">Fortalece el cabello desde la ra\u00edz hasta las puntas con prote\u00ednas de origen vegetal.<\/span><\/li>\n<li><span dir=\"auto\">Proporciona volumen duradero y un cabello suave.<\/span><\/li>\n<li><span dir=\"auto\">Facilita el peinado.<\/span><\/li>\n<\/ul>\n<h3>Modo de uso<\/h3>\n<ol>\n<li>Aplicar el champ\u00fa sobre el cabello mojado y masajear suavemente hasta que haga espuma.<\/li>\n<li>Aclarar bien.<\/li>\n<li>Repetir la aplicaci\u00f3n si es necesario.<\/li>\n<\/ol>\n","protected":false},"excerpt":{"rendered":"<p>ORIENTAL PREMIUM VOLUME &amp; REPAIR El champ\u00fa Kerasys Oriental Premium Volume &amp; Repair es el aliado perfecto para transformar el<\/p>\n","protected":false},"featured_media":103717,"comment_status":"open","ping_status":"closed","template":"","meta":{"nf_dc_page":""},"product_brand":[204],"product_cat":[85],"product_tag":[3720],"class_list":{"0":"post-103716","1":"product","2":"type-product","3":"status-publish","4":"has-post-thumbnail","6":"product_brand-kerasys","7":"product_cat-cosmeticos","8":"product_tag-3720","10":"first","11":"instock","12":"shipping-taxable","13":"purchasable","14":"product-type-simple"},"_links":{"self":[{"href":"https:\/\/brandss.com.py\/index\/wp-json\/wp\/v2\/product\/103716","targetHints":{"allow":["GET"]}}],"collection":[{"href":"https:\/\/brandss.com.py\/index\/wp-json\/wp\/v2\/product"}],"about":[{"href":"https:\/\/brandss.com.py\/index\/wp-json\/wp\/v2\/types\/product"}],"replies":[{"embeddable":true,"href":"https:\/\/brandss.com.py\/index\/wp-json\/wp\/v2\/comments?post=103716"}],"version-history":[{"count":1,"href":"https:\/\/brandss.com.py\/index\/wp-json\/wp\/v2\/product\/103716\/revisions"}],"predecessor-version":[{"id":103721,"href":"https:\/\/brandss.com.py\/index\/wp-json\/wp\/v2\/product\/103716\/revisions\/103721"}],"wp:featuredmedia":[{"embeddable":true,"href":"https:\/\/brandss.com.py\/index\/wp-json\/wp\/v2\/media\/103717"}],"wp:attachment":[{"href":"https:\/\/brandss.com.py\/index\/wp-json\/wp\/v2\/media?parent=103716"}],"wp:term":[{"taxonomy":"product_brand","embeddable":true,"href":"https:\/\/brandss.com.py\/index\/wp-json\/wp\/v2\/product_brand?post=103716"},{"taxonomy":"product_cat","embeddable":true,"href":"https:\/\/brandss.com.py\/index\/wp-json\/wp\/v2\/product_cat?post=103716"},{"taxonomy":"product_tag","embeddable":true,"href":"https:\/\/brandss.com.py\/index\/wp-json\/wp\/v2\/product_tag?post=103716"}],"curies":[{"name":"wp","href":"https:\/\/api.w.org\/{rel}","templated":true}]}}