{"id":103724,"date":"2026-05-15T14:22:58","date_gmt":"2026-05-15T14:22:58","guid":{"rendered":"https:\/\/brandss.com.py\/index\/?post_type=product&#038;p=103724"},"modified":"2026-05-15T14:23:36","modified_gmt":"2026-05-15T14:23:36","slug":"acondicionador-capilar-kerasys-oriental-premium-volume-repair-600ml","status":"publish","type":"product","link":"https:\/\/brandss.com.py\/index\/producto\/acondicionador-capilar-kerasys-oriental-premium-volume-repair-600ml\/","title":{"rendered":"ACONDICIONADOR CAPILAR KERASYS ORIENTAL PREMIUM VOLUME &amp; REPAIR 600ML"},"content":{"rendered":"<p><img loading=\"lazy\" decoding=\"async\" class=\"\" src=\"https:\/\/brandss.com.py\/index\/wp-content\/uploads\/2025\/09\/AA-21.png\" alt=\"SHAMPOO KERASYS ADVANCED REPAIR AMPOULE 600ML \u2013 Brands\" width=\"149\" height=\"74\" \/><\/p>\n<h1>ORIENTAL PREMIUM VOLUME &amp; REPAIR<\/h1>\n<p><span dir=\"auto\">Descubre el acondicionador reparador de volumen Oriental Premium de Kerasys, una soluci\u00f3n completa para cabello fr\u00e1gil y da\u00f1ado. Con una rica f\u00f3rmula de 600 ml, este acondicionador repara, hidrata y nutre profundamente, fortaleciendo y revitalizando el cabello desde la ra\u00edz hasta las puntas. Su cautivadora fragancia oriental transforma el cuidado diario en una experiencia sensorial \u00fanica. Ideal para todo tipo de cabello, incluso el tratado qu\u00edmicamente y con puntas abiertas, el acondicionador Oriental Premium est\u00e1 dermatol\u00f3gicamente probado e hipoalerg\u00e9nico, garantizando seguridad y comodidad para todos los usuarios. El frasco con gotero facilita la aplicaci\u00f3n, permiti\u00e9ndote aprovechar al m\u00e1ximo cada gota de producto. Con propiedades que aumentan el volumen y el brillo, este acondicionador no solo revitaliza el cabello, sino que tambi\u00e9n lo deja con un aspecto sano y radiante. Experimenta la diferencia que un cuidado especializado puede hacer en tu rutina de belleza y siente tu cabello m\u00e1s fuerte y vibrante con cada uso.<\/span><\/p>\n<p><span dir=\"auto\">El acondicionador Kerasys Oriental Premium es un producto para el cuidado del cabello inspirado en las tradiciones asi\u00e1ticas, desarrollado con un sistema de cuidado oriental supernutritivo. Contiene camelia para una nutrici\u00f3n profunda,\u00a0<\/span><span dir=\"auto\">prote\u00ednas<\/span><span dir=\"auto\">\u00a0vegetales para fortalecer el cabello y\u00a0<\/span><span dir=\"auto\">col\u00e1geno<\/span><span dir=\"auto\">\u00a0para mantenerlo suave y con volumen duradero.<\/span><\/p>\n<h2><span dir=\"auto\">Beneficios<\/span><\/h2>\n<ul>\n<li><span dir=\"auto\">Nutre profundamente el cabello con extracto de camelia.<\/span><\/li>\n<li><span dir=\"auto\">Fortalece el cabello desde la ra\u00edz hasta las puntas con prote\u00ednas de origen vegetal.<\/span><\/li>\n<li><span dir=\"auto\">Proporciona volumen duradero y un cabello suave.<\/span><\/li>\n<li><span dir=\"auto\">Facilita el peinado.<\/span><\/li>\n<\/ul>\n<h2><span dir=\"auto\">Modo de uso<\/span><\/h2>\n<ol>\n<li><span dir=\"auto\">Aplique el acondicionador sobre el cabello mojado despu\u00e9s del lavado.<\/span><\/li>\n<li><span dir=\"auto\">Enjuague bien.<\/span><\/li>\n<li><span dir=\"auto\">Secar completamente.<\/span><\/li>\n<\/ol>\n<h2><span dir=\"auto\">Advertencias<\/span><\/h2>\n<ul>\n<li><span dir=\"auto\">Solo para uso externo. Evitar el contacto con los ojos.<\/span><\/li>\n<li><span dir=\"auto\">Si se produce irritaci\u00f3n o una reacci\u00f3n al\u00e9rgica, interrumpa su uso inmediatamente.<\/span><\/li>\n<li><span dir=\"auto\">No aplicar sobre el cuero cabelludo con heridas o lesiones.<\/span><\/li>\n<li><span dir=\"auto\">Mantener fuera del alcance de los ni\u00f1os.<\/span><\/li>\n<li><span dir=\"auto\">Conservar en un lugar fresco y seco, alejado de la luz solar directa.<\/span><\/li>\n<li><span dir=\"auto\">No reutilice el embalaje para otros fines.<\/span><\/li>\n<\/ul>\n","protected":false},"excerpt":{"rendered":"<p>ORIENTAL PREMIUM VOLUME &amp; REPAIR Descubre el acondicionador reparador de volumen Oriental Premium de Kerasys, una soluci\u00f3n completa para cabello<\/p>\n","protected":false},"featured_media":103725,"comment_status":"open","ping_status":"closed","template":"","meta":{"nf_dc_page":""},"product_brand":[204],"product_cat":[85],"product_tag":[3721],"class_list":{"0":"post-103724","1":"product","2":"type-product","3":"status-publish","4":"has-post-thumbnail","6":"product_brand-kerasys","7":"product_cat-cosmeticos","8":"product_tag-3721","10":"first","11":"instock","12":"shipping-taxable","13":"purchasable","14":"product-type-simple"},"_links":{"self":[{"href":"https:\/\/brandss.com.py\/index\/wp-json\/wp\/v2\/product\/103724","targetHints":{"allow":["GET"]}}],"collection":[{"href":"https:\/\/brandss.com.py\/index\/wp-json\/wp\/v2\/product"}],"about":[{"href":"https:\/\/brandss.com.py\/index\/wp-json\/wp\/v2\/types\/product"}],"replies":[{"embeddable":true,"href":"https:\/\/brandss.com.py\/index\/wp-json\/wp\/v2\/comments?post=103724"}],"version-history":[{"count":1,"href":"https:\/\/brandss.com.py\/index\/wp-json\/wp\/v2\/product\/103724\/revisions"}],"predecessor-version":[{"id":103728,"href":"https:\/\/brandss.com.py\/index\/wp-json\/wp\/v2\/product\/103724\/revisions\/103728"}],"wp:featuredmedia":[{"embeddable":true,"href":"https:\/\/brandss.com.py\/index\/wp-json\/wp\/v2\/media\/103725"}],"wp:attachment":[{"href":"https:\/\/brandss.com.py\/index\/wp-json\/wp\/v2\/media?parent=103724"}],"wp:term":[{"taxonomy":"product_brand","embeddable":true,"href":"https:\/\/brandss.com.py\/index\/wp-json\/wp\/v2\/product_brand?post=103724"},{"taxonomy":"product_cat","embeddable":true,"href":"https:\/\/brandss.com.py\/index\/wp-json\/wp\/v2\/product_cat?post=103724"},{"taxonomy":"product_tag","embeddable":true,"href":"https:\/\/brandss.com.py\/index\/wp-json\/wp\/v2\/product_tag?post=103724"}],"curies":[{"name":"wp","href":"https:\/\/api.w.org\/{rel}","templated":true}]}}