{"id":103734,"date":"2026-05-15T17:09:14","date_gmt":"2026-05-15T17:09:14","guid":{"rendered":"https:\/\/brandss.com.py\/index\/?post_type=product&#038;p=103734"},"modified":"2026-05-15T17:12:24","modified_gmt":"2026-05-15T17:12:24","slug":"shampoo-capilar-kerasys-pro-active-man-2in1-woody-400ml","status":"publish","type":"product","link":"https:\/\/brandss.com.py\/index\/producto\/shampoo-capilar-kerasys-pro-active-man-2in1-woody-400ml\/","title":{"rendered":"SHAMPOO CAPILAR KERASYS PRO ACTIVE MAN 2IN1 WOODY 400ML"},"content":{"rendered":"<p><img loading=\"lazy\" decoding=\"async\" class=\"\" src=\"https:\/\/brandss.com.py\/index\/wp-content\/uploads\/2025\/09\/AA-21.png\" alt=\"SHAMPOO KERASYS ADVANCED REPAIR AMPOULE 600ML \u2013 Brands\" width=\"141\" height=\"70\" \/><\/p>\n<h1>PRO ACTIVE MAN 2IN1 WOODY<\/h1>\n<p>Desarrollado para ofrecer a los hombres un cuidado capilar eficaz con un toque de distinci\u00f3n. Su f\u00f3rmula avanzada no solo limpia profundamente y controla el exceso de grasa, sino que tambi\u00e9n deja el cabello con una elegante, masculina y duradera fragancia amaderada, ideal para quienes buscan funcionalidad y sofisticaci\u00f3n en un solo producto. Enriquecida con bot\u00e1nicos fortificantes y activos purificantes, esta l\u00ednea elimina las impurezas del cuero cabelludo, regula la grasa y proporciona fuerza, vitalidad y frescura al cabello.<\/p>\n<p><span dir=\"auto\">Kerasys Pro Active Man Woody 2 en 1 fue especialmente desarrollado para hombres que buscan practicidad y eficacia en el cuidado diario de su cabello. Con una f\u00f3rmula avanzada que combina champ\u00fa y\u00a0<\/span><span dir=\"auto\">acondicionador<\/span><span dir=\"auto\">\u00a0en un solo producto, limpia profundamente, controla la grasa y combate la caspa, brindando una sensaci\u00f3n de frescura inmediata y duradera. Su intensa fragancia amaderada ofrece un\u00a0<\/span><span dir=\"auto\">aroma masculino<\/span><span dir=\"auto\">\u00a0distintivo que permanece en el cabello hasta por 72 horas. Ideal para hombres que valoran un cabello limpio, sano y perfumado, con la practicidad de un producto pr\u00e1ctico para su rutina diaria.<\/span><\/p>\n<h3>Beneficios<\/h3>\n<ul>\n<li>Limpieza profunda con control de grasa y caspa.<\/li>\n<li>Fortalece el cabello y revitaliza el cuero cabelludo.<\/li>\n<li>Ayuda a reducir el picor y la irritaci\u00f3n.<\/li>\n<li>Proporciona volumen natural sin apelmazar el cabello.<\/li>\n<li><span dir=\"auto\"><span dir=\"auto\">Fragancia amaderada de larga duraci\u00f3n (hasta 72 horas).<\/span><\/span><\/li>\n<li><span dir=\"auto\"><span dir=\"auto\">Apto para todo tipo de\u00a0<\/span><\/span><span dir=\"auto\"><span dir=\"auto\">cabello<\/span><\/span><span dir=\"auto\"><span dir=\"auto\">\u00a0masculino .<\/span><\/span><\/li>\n<\/ul>\n","protected":false},"excerpt":{"rendered":"<p>PRO ACTIVE MAN 2IN1 WOODY Desarrollado para ofrecer a los hombres un cuidado capilar eficaz con un toque de distinci\u00f3n.<\/p>\n","protected":false},"featured_media":103735,"comment_status":"open","ping_status":"closed","template":"","meta":{"nf_dc_page":""},"product_brand":[204],"product_cat":[85],"product_tag":[3722],"class_list":{"0":"post-103734","1":"product","2":"type-product","3":"status-publish","4":"has-post-thumbnail","6":"product_brand-kerasys","7":"product_cat-cosmeticos","8":"product_tag-3722","10":"first","11":"instock","12":"shipping-taxable","13":"purchasable","14":"product-type-simple"},"_links":{"self":[{"href":"https:\/\/brandss.com.py\/index\/wp-json\/wp\/v2\/product\/103734","targetHints":{"allow":["GET"]}}],"collection":[{"href":"https:\/\/brandss.com.py\/index\/wp-json\/wp\/v2\/product"}],"about":[{"href":"https:\/\/brandss.com.py\/index\/wp-json\/wp\/v2\/types\/product"}],"replies":[{"embeddable":true,"href":"https:\/\/brandss.com.py\/index\/wp-json\/wp\/v2\/comments?post=103734"}],"version-history":[{"count":1,"href":"https:\/\/brandss.com.py\/index\/wp-json\/wp\/v2\/product\/103734\/revisions"}],"predecessor-version":[{"id":103738,"href":"https:\/\/brandss.com.py\/index\/wp-json\/wp\/v2\/product\/103734\/revisions\/103738"}],"wp:featuredmedia":[{"embeddable":true,"href":"https:\/\/brandss.com.py\/index\/wp-json\/wp\/v2\/media\/103735"}],"wp:attachment":[{"href":"https:\/\/brandss.com.py\/index\/wp-json\/wp\/v2\/media?parent=103734"}],"wp:term":[{"taxonomy":"product_brand","embeddable":true,"href":"https:\/\/brandss.com.py\/index\/wp-json\/wp\/v2\/product_brand?post=103734"},{"taxonomy":"product_cat","embeddable":true,"href":"https:\/\/brandss.com.py\/index\/wp-json\/wp\/v2\/product_cat?post=103734"},{"taxonomy":"product_tag","embeddable":true,"href":"https:\/\/brandss.com.py\/index\/wp-json\/wp\/v2\/product_tag?post=103734"}],"curies":[{"name":"wp","href":"https:\/\/api.w.org\/{rel}","templated":true}]}}