{"id":103739,"date":"2026-05-15T18:02:43","date_gmt":"2026-05-15T18:02:43","guid":{"rendered":"https:\/\/brandss.com.py\/index\/?post_type=product&#038;p=103739"},"modified":"2026-05-15T18:03:17","modified_gmt":"2026-05-15T18:03:17","slug":"serum-capilar-kerasys-propolis-hair-bonding-ex-repair-100ml","status":"publish","type":"product","link":"https:\/\/brandss.com.py\/index\/producto\/serum-capilar-kerasys-propolis-hair-bonding-ex-repair-100ml\/","title":{"rendered":"S\u00c9RUM CAPILAR KERASYS PROPOLIS HAIR BONDING EX REPAIR 100ML"},"content":{"rendered":"<p><img loading=\"lazy\" decoding=\"async\" class=\"\" src=\"https:\/\/brandss.com.py\/index\/wp-content\/uploads\/2025\/09\/AA-21.png\" alt=\"SHAMPOO KERASYS ADVANCED REPAIR AMPOULE 600ML \u2013 Brands\" width=\"180\" height=\"89\" \/><\/p>\n<p><span dir=\"auto\">El s\u00e9rum EX Repair de Kerasys, perteneciente a la l\u00ednea Propolis Hair Bonding, fue desarrollado para cabellos muy da\u00f1ados que requieren\u00a0<\/span><span dir=\"auto\">una reparaci\u00f3n<\/span><span dir=\"auto\">\u00a0intensiva\u00a0<\/span><span dir=\"auto\">con<\/span><span dir=\"auto\">\u00a0una\u00a0<\/span><span class=\"highlight\"><span dir=\"auto\">textura ligera<\/span><\/span><span dir=\"auto\">. Gracias a su f\u00f3rmula innovadora y textura fluida, este s\u00e9rum act\u00faa en profundidad en la fibra capilar, proporcionando una suavidad instant\u00e1nea y duradera de hasta\u00a0<\/span><span dir=\"auto\">7 d\u00edas<\/span><span dir=\"auto\">.<img loading=\"lazy\" decoding=\"async\" class=\"alignleft\" src=\"https:\/\/elausa.com.br\/media\/catalog\/product\/cache\/a4a16cc6a4fbde13fd972c608330c84a\/1\/2\/1203_kerasys9127.jpg\" width=\"590\" height=\"734\" \/><\/span><\/p>\n<h3><\/h3>\n<h3><span dir=\"auto\">Tecnolog\u00eda de uni\u00f3n capilar en formato s\u00e9rum<\/span><\/h3>\n<p>&nbsp;<\/p>\n<p><span dir=\"auto\">Basado en el exclusivo\u00a0<\/span><span dir=\"auto\">sistema Hair Bonding System\u2122<\/span><span dir=\"auto\">, el s\u00e9rum reparador EX combina prote\u00ednas, prop\u00f3leo, aceites preciosos y un ingrediente patentado para restaurar, proteger y transformar el cabello con precisi\u00f3n quir\u00fargica.<\/span><\/p>\n<ul>\n<li><strong class=\"highlight\"><span dir=\"auto\">Reposici\u00f3n de prote\u00ednas:<\/span><\/strong><span dir=\"auto\"> el complejo con\u00a0<\/span><span dir=\"auto\">10 prote\u00ednas hidrolizadas<\/span><span dir=\"auto\">\u00a0(seda, queratina, leche, soja, arroz, elastina, cebada, col\u00e1geno, trigo y semilla de algod\u00f3n) fortalece la estructura interna del cabello.<\/span><\/li>\n<li><strong class=\"highlight\"><span dir=\"auto\">Infusi\u00f3n de prop\u00f3leo real:<\/span><\/strong><span dir=\"auto\"> la combinaci\u00f3n de\u00a0<\/span><span dir=\"auto\">ROYAL 3-PROPOLIS\u2122<\/span><span dir=\"auto\">\u00a0(original, verde y rojo) act\u00faa con una acci\u00f3n antioxidante, regeneradora y protectora sobre la fibra capilar.<\/span><\/li>\n<li><strong class=\"highlight\"><span dir=\"auto\">Protecci\u00f3n con COMPLEJO DE 5 ACEITES:<\/span><\/strong><span dir=\"auto\"> arg\u00e1n, jojoba, coco, aguacate y baobab crean una pel\u00edcula ligera y nutritiva que reduce el encrespamiento y realza el brillo.<\/span><\/li>\n<li><strong class=\"highlight\"><span dir=\"auto\">Tecnolog\u00eda patentada STAR-DERMA\u2122:<\/span><\/strong><span dir=\"auto\"> derivada del extracto de flor estrella (Stellaria media), conocida por su resistencia en entornos extremos, esta tecnolog\u00eda fortalece y repara eficazmente el cabello debilitado.<\/span><\/li>\n<\/ul>\n<h3><\/h3>\n<h3><strong><span dir=\"auto\">Beneficios<\/span><\/strong><\/h3>\n<p>&nbsp;<\/p>\n<ul>\n<li><span dir=\"auto\">Reposici\u00f3n de prote\u00ednas con 10 prote\u00ednas hidrolizadas.<\/span><\/li>\n<li><span dir=\"auto\">Infusi\u00f3n de prop\u00f3leo real con acci\u00f3n antioxidante.<\/span><\/li>\n<li><span dir=\"auto\">Protecci\u00f3n con 5 aceites preciosos para una nutrici\u00f3n ligera.<\/span><\/li>\n<li><span dir=\"auto\">Tecnolog\u00eda patentada STAR-DERMA\u2122 para un fortalecimiento efectivo.<\/span><\/li>\n<li><span dir=\"auto\">+214% de fuerza en la uni\u00f3n de prote\u00ednas del cabello.<\/span><\/li>\n<li><span dir=\"auto\">Suavidad notable hasta por 168 horas.<\/span><\/li>\n<li><span dir=\"auto\">30.7% de reducci\u00f3n de la fricci\u00f3n al tacto.<\/span><\/li>\n<li><span dir=\"auto\">Protecci\u00f3n contra herramientas de peinado con calor.<\/span><\/li>\n<\/ul>\n<h3><\/h3>\n<h3><span dir=\"auto\">Resultados comprobados en laboratorio<\/span><\/h3>\n<p>&nbsp;<\/p>\n<ul>\n<li><strong><span dir=\"auto\">Incremento del +214%<\/span><\/strong><span dir=\"auto\">\u00a0en la fuerza de los enlaces proteicos del cabello.<\/span><\/li>\n<li><strong><span dir=\"auto\">Suavidad notable hasta por 168 horas<\/span><\/strong><span dir=\"auto\">\u00a0despu\u00e9s de una sola aplicaci\u00f3n.<\/span><\/li>\n<li><strong><span dir=\"auto\">Reducci\u00f3n del 30,7%<\/span><\/strong><span dir=\"auto\">\u00a0en la fricci\u00f3n al contacto.<\/span><\/li>\n<li><strong><span dir=\"auto\">Protecci\u00f3n comprobada contra herramientas de peinado con calor,<\/span><\/strong><span dir=\"auto\">\u00a0como planchas y secadores de pelo.<\/span><\/li>\n<\/ul>\n<h3><img loading=\"lazy\" decoding=\"async\" class=\"alignright\" src=\"https:\/\/elausa.com.br\/media\/catalog\/product\/cache\/a4a16cc6a4fbde13fd972c608330c84a\/1\/2\/1203_kerasys9201.jpg\" width=\"551\" height=\"751\" \/><\/h3>\n<h3><\/h3>\n<h3><span dir=\"auto\">Textura y sentidos<\/span><\/h3>\n<p>&nbsp;<\/p>\n<p><span dir=\"auto\">A base de siliconas nobles y vol\u00e1tiles (ciclopentasiloxano, dimeticona y dimeticonol), el s\u00e9rum reparador EX ofrece\u00a0<\/span><span class=\"highlight\"><span dir=\"auto\">ligereza, absorci\u00f3n inmediata y un tacto sedoso<\/span><\/span><span dir=\"auto\">\u00a0sin apelmazar el cabello. Enriquecido con\u00a0<\/span><strong><span dir=\"auto\">acetato de tocoferilo<\/span><\/strong><span dir=\"auto\">\u00a0y\u00a0<\/span><strong><span dir=\"auto\">una sofisticada fragancia<\/span><\/strong><span dir=\"auto\">\u00a0, transforma la rutina de cuidado capilar en un ritual de lujo.<\/span><\/p>\n<h3><\/h3>\n<h3><span dir=\"auto\">Recomendado para<\/span><\/h3>\n<p>&nbsp;<\/p>\n<ul>\n<li><span dir=\"auto\">Cabello extremadamente da\u00f1ado, seco o quebradizo<\/span><\/li>\n<li><span dir=\"auto\">Cabello expuesto a productos qu\u00edmicos, tintes o herramientas de peinado con calor.<\/span><\/li>\n<li><span dir=\"auto\">Para quienes buscan un producto de acabado ligero con un acondicionamiento profundo.<\/span><\/li>\n<li><span dir=\"auto\">Todo tipo de cabello que necesite\u00a0<\/span><span class=\"highlight\"><span dir=\"auto\">una recuperaci\u00f3n ligera.<\/span><\/span><\/li>\n<\/ul>\n<h3><\/h3>\n<h3><strong><span dir=\"auto\">Modo de empleo:<\/span><\/strong><\/h3>\n<p><span dir=\"auto\">1. Lave el cabello con champ\u00fa y aplique la mascarilla de la l\u00ednea Propolis Hair Bonding.<\/span><br \/>\n<span dir=\"auto\">2. Enjuague y retire el exceso de agua con una toalla.<\/span><br \/>\n<span dir=\"auto\">3. Aplique de 1 a 2 pulsaciones de EX Repair Serum en largos y puntas.<\/span><br \/>\n<span dir=\"auto\">4. No enjuague.<\/span><br \/>\n<span dir=\"auto\">5. \u00daselo diariamente o antes de usar un secador o plancha.<\/span><\/p>\n","protected":false},"excerpt":{"rendered":"<p>El s\u00e9rum EX Repair de Kerasys, perteneciente a la l\u00ednea Propolis Hair Bonding, fue desarrollado para cabellos muy da\u00f1ados que<\/p>\n","protected":false},"featured_media":103740,"comment_status":"open","ping_status":"closed","template":"","meta":{"nf_dc_page":""},"product_brand":[204],"product_cat":[85],"product_tag":[3723],"class_list":{"0":"post-103739","1":"product","2":"type-product","3":"status-publish","4":"has-post-thumbnail","6":"product_brand-kerasys","7":"product_cat-cosmeticos","8":"product_tag-3723","10":"first","11":"instock","12":"shipping-taxable","13":"purchasable","14":"product-type-simple"},"_links":{"self":[{"href":"https:\/\/brandss.com.py\/index\/wp-json\/wp\/v2\/product\/103739","targetHints":{"allow":["GET"]}}],"collection":[{"href":"https:\/\/brandss.com.py\/index\/wp-json\/wp\/v2\/product"}],"about":[{"href":"https:\/\/brandss.com.py\/index\/wp-json\/wp\/v2\/types\/product"}],"replies":[{"embeddable":true,"href":"https:\/\/brandss.com.py\/index\/wp-json\/wp\/v2\/comments?post=103739"}],"version-history":[{"count":1,"href":"https:\/\/brandss.com.py\/index\/wp-json\/wp\/v2\/product\/103739\/revisions"}],"predecessor-version":[{"id":103750,"href":"https:\/\/brandss.com.py\/index\/wp-json\/wp\/v2\/product\/103739\/revisions\/103750"}],"wp:featuredmedia":[{"embeddable":true,"href":"https:\/\/brandss.com.py\/index\/wp-json\/wp\/v2\/media\/103740"}],"wp:attachment":[{"href":"https:\/\/brandss.com.py\/index\/wp-json\/wp\/v2\/media?parent=103739"}],"wp:term":[{"taxonomy":"product_brand","embeddable":true,"href":"https:\/\/brandss.com.py\/index\/wp-json\/wp\/v2\/product_brand?post=103739"},{"taxonomy":"product_cat","embeddable":true,"href":"https:\/\/brandss.com.py\/index\/wp-json\/wp\/v2\/product_cat?post=103739"},{"taxonomy":"product_tag","embeddable":true,"href":"https:\/\/brandss.com.py\/index\/wp-json\/wp\/v2\/product_tag?post=103739"}],"curies":[{"name":"wp","href":"https:\/\/api.w.org\/{rel}","templated":true}]}}