{"id":103770,"date":"2026-05-16T13:34:43","date_gmt":"2026-05-16T13:34:43","guid":{"rendered":"https:\/\/brandss.com.py\/index\/?post_type=product&#038;p=103770"},"modified":"2026-05-16T13:35:14","modified_gmt":"2026-05-16T13:35:14","slug":"acondicionador-capilar-kerasys-argan-oil-1000ml","status":"publish","type":"product","link":"https:\/\/brandss.com.py\/index\/producto\/acondicionador-capilar-kerasys-argan-oil-1000ml\/","title":{"rendered":"ACONDICIONADOR CAPILAR KERASYS ARGAN OIL 1000ML"},"content":{"rendered":"<p><img loading=\"lazy\" decoding=\"async\" class=\"\" src=\"https:\/\/brandss.com.py\/index\/wp-content\/uploads\/2025\/09\/AA-21.png\" alt=\"SHAMPOO KERASYS ADVANCED REPAIR AMPOULE 600ML \u2013 Brands\" width=\"118\" height=\"58\" \/><\/p>\n<h1>ARGAN OIL<\/h1>\n<p><span dir=\"auto\">El acondicionador\u00a0<\/span><span dir=\"auto\">Kerasys con aceite de arg\u00e1n<\/span><span dir=\"auto\">\u00a0est\u00e1 formulado para cabello extremadamente da\u00f1ado, proporcionando una nutrici\u00f3n profunda y restaurando la suavidad. Enriquecido con\u00a0<\/span><span dir=\"auto\">aceite de arg\u00e1n<\/span><span dir=\"auto\">, rico en \u00e1cidos grasos y vitamina E, suaviza, desenreda y protege el cabello de la rotura. Su textura ligera se aplica f\u00e1cilmente, aporta brillo natural y no apelmaza el cabello.<\/span><\/p>\n<p><span dir=\"auto\">Hidrataci\u00f3n profunda que restaura la vitalidad del cabello. <\/span><span dir=\"auto\">Componentes como el prop\u00f3leo aportan brillo y luminosidad al cabello, creando una pel\u00edcula protectora que lo protege de bacterias, suciedad y hongos. Apto para todo tipo de cabello. <\/span><\/p>\n<p>&nbsp;<\/p>\n<h2><strong><span dir=\"auto\">Beneficios<\/span><\/strong><\/h2>\n<ul>\n<li><span dir=\"auto\">Contiene aceite de arg\u00e1n, que contiene el doble de vitamina E que el aceite de oliva, por lo que tiene un excelente poder hidratante y nutritivo.<\/span><\/li>\n<li>Limpieza suave con abundante espuma.<\/li>\n<li>Un aroma fresco y empolvado de flores frescas y almizcle blanco.<\/li>\n<\/ul>\n<p>&nbsp;<\/p>\n<h3><strong><span dir=\"auto\">Modo de uso<\/span><\/strong><\/h3>\n<ol>\n<li><span dir=\"auto\"><span dir=\"auto\">Despu\u00e9s de lavarte el pelo con champ\u00fa, retira el exceso de agua.<\/span><\/span><\/li>\n<li><span dir=\"auto\"><span dir=\"auto\">Aplique el acondicionador desde la mitad del cabello hasta las puntas, evitando las ra\u00edces.<\/span><\/span><\/li>\n<li><span dir=\"auto\"><span dir=\"auto\">D\u00e9jelo actuar de 2 a 3 minutos para una mejor absorci\u00f3n de los nutrientes.<\/span><\/span><\/li>\n<li><span dir=\"auto\"><span dir=\"auto\">Enjuague bien con agua tibia.<\/span><\/span><\/li>\n<\/ol>\n<p>&nbsp;<\/p>\n","protected":false},"excerpt":{"rendered":"<p>ARGAN OIL El acondicionador\u00a0Kerasys con aceite de arg\u00e1n\u00a0est\u00e1 formulado para cabello extremadamente da\u00f1ado, proporcionando una nutrici\u00f3n profunda y restaurando la<\/p>\n","protected":false},"featured_media":103772,"comment_status":"open","ping_status":"closed","template":"","meta":{"nf_dc_page":""},"product_brand":[204],"product_cat":[85],"product_tag":[3727],"class_list":{"0":"post-103770","1":"product","2":"type-product","3":"status-publish","4":"has-post-thumbnail","6":"product_brand-kerasys","7":"product_cat-cosmeticos","8":"product_tag-3727","10":"first","11":"instock","12":"shipping-taxable","13":"purchasable","14":"product-type-simple"},"_links":{"self":[{"href":"https:\/\/brandss.com.py\/index\/wp-json\/wp\/v2\/product\/103770","targetHints":{"allow":["GET"]}}],"collection":[{"href":"https:\/\/brandss.com.py\/index\/wp-json\/wp\/v2\/product"}],"about":[{"href":"https:\/\/brandss.com.py\/index\/wp-json\/wp\/v2\/types\/product"}],"replies":[{"embeddable":true,"href":"https:\/\/brandss.com.py\/index\/wp-json\/wp\/v2\/comments?post=103770"}],"version-history":[{"count":1,"href":"https:\/\/brandss.com.py\/index\/wp-json\/wp\/v2\/product\/103770\/revisions"}],"predecessor-version":[{"id":103774,"href":"https:\/\/brandss.com.py\/index\/wp-json\/wp\/v2\/product\/103770\/revisions\/103774"}],"wp:featuredmedia":[{"embeddable":true,"href":"https:\/\/brandss.com.py\/index\/wp-json\/wp\/v2\/media\/103772"}],"wp:attachment":[{"href":"https:\/\/brandss.com.py\/index\/wp-json\/wp\/v2\/media?parent=103770"}],"wp:term":[{"taxonomy":"product_brand","embeddable":true,"href":"https:\/\/brandss.com.py\/index\/wp-json\/wp\/v2\/product_brand?post=103770"},{"taxonomy":"product_cat","embeddable":true,"href":"https:\/\/brandss.com.py\/index\/wp-json\/wp\/v2\/product_cat?post=103770"},{"taxonomy":"product_tag","embeddable":true,"href":"https:\/\/brandss.com.py\/index\/wp-json\/wp\/v2\/product_tag?post=103770"}],"curies":[{"name":"wp","href":"https:\/\/api.w.org\/{rel}","templated":true}]}}