{"id":103780,"date":"2026-05-16T14:25:03","date_gmt":"2026-05-16T14:25:03","guid":{"rendered":"https:\/\/brandss.com.py\/index\/?post_type=product&#038;p=103780"},"modified":"2026-05-16T14:25:25","modified_gmt":"2026-05-16T14:25:25","slug":"acondicionador-capilar-kerasys-coconut-oil-1000ml","status":"publish","type":"product","link":"https:\/\/brandss.com.py\/index\/producto\/acondicionador-capilar-kerasys-coconut-oil-1000ml\/","title":{"rendered":"ACONDICIONADOR CAPILAR KERASYS COCONUT OIL 1000ML"},"content":{"rendered":"<p><img loading=\"lazy\" decoding=\"async\" class=\"\" src=\"https:\/\/brandss.com.py\/index\/wp-content\/uploads\/2025\/09\/AA-21.png\" alt=\"SHAMPOO KERASYS ADVANCED REPAIR AMPOULE 600ML \u2013 Brands\" width=\"125\" height=\"62\" \/><\/p>\n<h1>COCONUT OIL<\/h1>\n<p data-sourcepos=\"3:1-3:352\"><span dir=\"auto\">\u00a1Tu cabello merece el mejor cuidado! Te presentamos Kerasys Coco, la soluci\u00f3n completa para transformar tu cabello con el poder nutritivo del aceite de coco. Ideal para todo tipo de cabello, este tratamiento proporciona hidrataci\u00f3n profunda, protecci\u00f3n contra da\u00f1os y un brillo radiante, todo ello con un irresistible aroma a coco y madera de cachemira.<img loading=\"lazy\" decoding=\"async\" class=\"alignleft\" src=\"https:\/\/koreabe.com\/cdn\/shop\/files\/2_9f869f5f-45d9-43d2-a5ae-093fec589d9d.webp?v=1776140506&amp;width=1000\" width=\"712\" height=\"712\" \/><\/span><\/p>\n<p data-sourcepos=\"5:1-5:233\"><span dir=\"auto\">Imagina tu cabello revitalizado, suave y luminoso, con protecci\u00f3n adicional contra las agresiones diarias. La f\u00f3rmula de Kerasys Coco, rica en aceite de coco, penetra profundamente en las fibras capilares, restaurando la vitalidad y la salud del cabello.<\/span><\/p>\n<h3 data-sourcepos=\"27:1-27:38\"><\/h3>\n<h3 data-sourcepos=\"27:1-27:38\"><strong><span dir=\"auto\">Ingredientes claves<\/span><\/strong><\/h3>\n<p>&nbsp;<\/p>\n<ul data-sourcepos=\"29:1-33:0\">\n<li data-sourcepos=\"29:1-29:46\"><span dir=\"auto\"><strong>Aceite de coco:<\/strong> hidrata y nutre profundamente.<\/span><\/li>\n<li data-sourcepos=\"30:1-30:42\"><span dir=\"auto\"><strong>Aceite de oliva:<\/strong> aporta brillo y suavidad.<\/span><\/li>\n<li data-sourcepos=\"31:1-31:45\"><span dir=\"auto\"><strong>Aceite de aguacate:<\/strong> nutre y fortalece el cabello.<\/span><\/li>\n<li data-sourcepos=\"32:1-33:0\"><span dir=\"auto\"><strong>Aceite de semilla de Adansonia digitata:<\/strong> ayuda a retener la humedad en el cabello.<\/span><\/li>\n<\/ul>\n<h3 data-sourcepos=\"7:1-7:75\"><\/h3>\n<h3 data-sourcepos=\"7:1-7:75\"><strong><span dir=\"auto\">Beneficios<\/span><\/strong><\/h3>\n<p>&nbsp;<\/p>\n<ul data-sourcepos=\"9:1-14:0\">\n<li data-sourcepos=\"9:1-9:119\"><strong><span dir=\"auto\">Hidrataci\u00f3n profunda y duradera:<\/span><\/strong><span dir=\"auto\">\u00a0Devuelve a tu cabello su vitalidad, suavidad y brillo natural.<\/span><\/li>\n<li data-sourcepos=\"10:1-10:119\"><strong><span dir=\"auto\">Protecci\u00f3n contra da\u00f1os:<\/span><\/strong><span dir=\"auto\">\u00a0El aceite de coco crea una barrera protectora que protege tu cabello de los agentes externos agresores.<\/span><\/li>\n<li data-sourcepos=\"11:1-11:114\"><strong><span dir=\"auto\">Brillo radiante y luminosidad:<\/span><\/strong><span dir=\"auto\">\u00a0Revela la belleza natural de tu cabello con un brillo intenso y duradero.<\/span><\/li>\n<li data-sourcepos=\"12:1-12:155\"><strong><span dir=\"auto\">Aroma irresistible:<\/span><\/strong><span dir=\"auto\">\u00a0Disfruta de una fragancia envolvente de coco y madera de cachemira, que transformar\u00e1 tu rutina de cuidado de la piel en un momento de placer.<\/span><\/li>\n<li data-sourcepos=\"13:1-14:0\"><strong><span dir=\"auto\">Protecci\u00f3n contra bacterias y hongos:<\/span><\/strong><span dir=\"auto\">\u00a0Componentes como el prop\u00f3leo ayudan a crear una pel\u00edcula protectora que protege contra bacterias, suciedad y hongos.<\/span><\/li>\n<\/ul>\n<h3 data-sourcepos=\"15:1-15:37\"><\/h3>\n<h3 data-sourcepos=\"15:1-15:37\"><strong><span dir=\"auto\">Modo de uso<\/span><\/strong><\/h3>\n<p>&nbsp;<\/p>\n<ol data-sourcepos=\"17:1-20:0\">\n<li data-sourcepos=\"17:1-17:115\"><strong><span dir=\"auto\">Limpieza:<\/span><\/strong><span dir=\"auto\">\u00a0Aplique el champ\u00fa sobre el cuero cabelludo h\u00famedo, masajee suavemente y enjuague. Repita si es necesario.<\/span><\/li>\n<li data-sourcepos=\"18:1-18:143\"><strong><span dir=\"auto\">Acondicionamiento:<\/span><\/strong><span dir=\"auto\">\u00a0Elimine el exceso de agua y aplique acondicionador al cabello, masajeando y extendi\u00e9ndolo uniformemente. Enjuague y peine como desee.<\/span><\/li>\n<li data-sourcepos=\"19:1-20:0\"><strong><span dir=\"auto\">Consejo para cabello rizado:<\/span><\/strong><span dir=\"auto\">\u00a0Utilice el acondicionador sin enjuague Heat Active Style+Care Essence para rizos, para hidrataci\u00f3n y control del frizz, o la esencia Heat Active Damage Repair Essence, para protecci\u00f3n y nutrici\u00f3n.<\/span><\/li>\n<\/ol>\n<h3 data-sourcepos=\"21:1-21:24\"><\/h3>\n<h3 data-sourcepos=\"21:1-21:24\"><strong><span dir=\"auto\">Resultados visibles<\/span><\/strong><\/h3>\n<p>&nbsp;<\/p>\n<ul data-sourcepos=\"23:1-26:0\">\n<li data-sourcepos=\"23:1-23:51\"><span dir=\"auto\">Cabello profundamente hidratado y revitalizado.<\/span><\/li>\n<li data-sourcepos=\"24:1-24:42\"><span dir=\"auto\">Cables protegidos, brillantes y luminosos.<\/span><\/li>\n<li data-sourcepos=\"25:1-26:0\"><span dir=\"auto\">Un cuero cabelludo sano, libre de impurezas.<\/span><\/li>\n<\/ul>\n<p data-sourcepos=\"34:1-34:78\"><strong><span dir=\"auto\">\u00a1Experimenta una transformaci\u00f3n capilar completa con Kerasys Coco!<\/span><\/strong><\/p>\n","protected":false},"excerpt":{"rendered":"<p>COCONUT OIL \u00a1Tu cabello merece el mejor cuidado! Te presentamos Kerasys Coco, la soluci\u00f3n completa para transformar tu cabello con<\/p>\n","protected":false},"featured_media":103781,"comment_status":"open","ping_status":"closed","template":"","meta":{"nf_dc_page":""},"product_brand":[204],"product_cat":[85],"product_tag":[3729],"class_list":{"0":"post-103780","1":"product","2":"type-product","3":"status-publish","4":"has-post-thumbnail","6":"product_brand-kerasys","7":"product_cat-cosmeticos","8":"product_tag-3729","10":"first","11":"instock","12":"shipping-taxable","13":"purchasable","14":"product-type-simple"},"_links":{"self":[{"href":"https:\/\/brandss.com.py\/index\/wp-json\/wp\/v2\/product\/103780","targetHints":{"allow":["GET"]}}],"collection":[{"href":"https:\/\/brandss.com.py\/index\/wp-json\/wp\/v2\/product"}],"about":[{"href":"https:\/\/brandss.com.py\/index\/wp-json\/wp\/v2\/types\/product"}],"replies":[{"embeddable":true,"href":"https:\/\/brandss.com.py\/index\/wp-json\/wp\/v2\/comments?post=103780"}],"version-history":[{"count":1,"href":"https:\/\/brandss.com.py\/index\/wp-json\/wp\/v2\/product\/103780\/revisions"}],"predecessor-version":[{"id":103784,"href":"https:\/\/brandss.com.py\/index\/wp-json\/wp\/v2\/product\/103780\/revisions\/103784"}],"wp:featuredmedia":[{"embeddable":true,"href":"https:\/\/brandss.com.py\/index\/wp-json\/wp\/v2\/media\/103781"}],"wp:attachment":[{"href":"https:\/\/brandss.com.py\/index\/wp-json\/wp\/v2\/media?parent=103780"}],"wp:term":[{"taxonomy":"product_brand","embeddable":true,"href":"https:\/\/brandss.com.py\/index\/wp-json\/wp\/v2\/product_brand?post=103780"},{"taxonomy":"product_cat","embeddable":true,"href":"https:\/\/brandss.com.py\/index\/wp-json\/wp\/v2\/product_cat?post=103780"},{"taxonomy":"product_tag","embeddable":true,"href":"https:\/\/brandss.com.py\/index\/wp-json\/wp\/v2\/product_tag?post=103780"}],"curies":[{"name":"wp","href":"https:\/\/api.w.org\/{rel}","templated":true}]}}