{"id":103785,"date":"2026-05-16T14:44:43","date_gmt":"2026-05-16T14:44:43","guid":{"rendered":"https:\/\/brandss.com.py\/index\/?post_type=product&#038;p=103785"},"modified":"2026-05-16T14:45:06","modified_gmt":"2026-05-16T14:45:06","slug":"shampoo-capilar-kerasys-cica-labo-aqua-moisture-750ml","status":"publish","type":"product","link":"https:\/\/brandss.com.py\/index\/producto\/shampoo-capilar-kerasys-cica-labo-aqua-moisture-750ml\/","title":{"rendered":"SHAMPOO CAPILAR KERASYS CICA LABO AQUA MOISTURE 750ML"},"content":{"rendered":"<p><img loading=\"lazy\" decoding=\"async\" class=\"\" src=\"https:\/\/brandss.com.py\/index\/wp-content\/uploads\/2025\/09\/AA-21.png\" alt=\"SHAMPOO KERASYS ADVANCED REPAIR AMPOULE 600ML \u2013 Brands\" width=\"206\" height=\"102\" \/><\/p>\n<h1>CICA LABO AQUA MOISTURE<\/h1>\n<p data-start=\"345\" data-end=\"392\"><strong data-start=\"345\" data-end=\"390\"><span dir=\"auto\">\u00a1Dile adi\u00f3s al cabello graso y a los granos en el cuero cabelludo!<\/span><\/strong><\/p>\n<p data-start=\"394\" data-end=\"592\"><span dir=\"auto\">El\u00a0<\/span><span dir=\"auto\">champ\u00fa Kerasys Cica Labo<\/span><span dir=\"auto\">\u00a0es la soluci\u00f3n ideal para\u00a0<\/span><span dir=\"auto\">cueros cabelludos grasos, sensibles y con tendencia al acn\u00e9<\/span><span dir=\"auto\">. Limpia en profundidad, calma la irritaci\u00f3n y deja el cabello suave y fresco, todo en un solo producto.<\/span><\/p>\n<p><span dir=\"auto\">El champ\u00fa hidratante Kerasys CICA LABO Aqua Moist de 750 ml es una f\u00f3rmula limpiadora e hidratante enriquecida con extracto de Centella Asi\u00e1tica (CICA) que ayuda a calmar y regenerar el cuero cabelludo. Formulado con un 99,5 % de glicerina pura y una alta concentraci\u00f3n de amino\u00e1cidos, este champ\u00fa ligeramente \u00e1cido limpia suavemente sin eliminar los aceites naturales, a la vez que hidrata profundamente el cabello seco y quebradizo. Dise\u00f1ado para cueros cabelludos sensibles o da\u00f1ados, busca reducir la irritaci\u00f3n, mejorar la manejabilidad y dejar el cabello suave, resistente y equilibrado despu\u00e9s de cada lavado.<\/span><\/p>\n<h2><\/h2>\n<h2><span dir=\"auto\">Caracter\u00edsticas<\/span><\/h2>\n<p>&nbsp;<\/p>\n<ul>\n<li><strong><span dir=\"auto\">Extracto de CICA (Centella Asi\u00e1tica):<\/span><\/strong><span dir=\"auto\"> calma la irritaci\u00f3n y favorece la regeneraci\u00f3n del cuero cabelludo para crear una base m\u00e1s saludable para el crecimiento del cabello.<\/span><\/li>\n<li><strong><span dir=\"auto\">Hidrataci\u00f3n profunda:<\/span><\/strong><span dir=\"auto\">\u00a0contiene un 99,5 % de glicerina pura para atraer y retener la humedad, mejorando la suavidad y reduciendo la sequedad.<\/span><\/li>\n<li><strong><span dir=\"auto\">Complejo de amino\u00e1cidos:<\/span><\/strong><span dir=\"auto\"> las altas concentraciones de amino\u00e1cidos nutren las fibras capilares debilitadas para mejorar su fuerza y \u200b\u200belasticidad.<\/span><\/li>\n<li><strong><span dir=\"auto\">pH ligeramente \u00e1cido:<\/span><\/strong><span dir=\"auto\">\u00a0su pH suave, similar al del cuero cabelludo, ayuda a mantener la barrera natural del cuero cabelludo y minimiza la irritaci\u00f3n durante la limpieza.<\/span><\/li>\n<li><strong><span dir=\"auto\">Limpieza suave: <\/span><\/strong><span dir=\"auto\">formulada para eliminar las impurezas sin resecar el cuero cabelludo, apta para cueros cabelludos sensibles o da\u00f1ados.<\/span><\/li>\n<li><strong><span dir=\"auto\">Tama\u00f1o grande de 750 ml:<\/span><\/strong><span dir=\"auto\">\u00a0botella econ\u00f3mica ideal para uso regular en el hogar o en hogares compartidos, que proporciona un suministro de larga duraci\u00f3n.<\/span><\/li>\n<\/ul>\n<h3 data-start=\"977\" data-end=\"1000\"><\/h3>\n<h3 data-start=\"977\" data-end=\"1000\">Beneficios<\/h3>\n<p>&nbsp;<\/p>\n<ul data-start=\"630\" data-end=\"970\">\n<li data-start=\"630\" data-end=\"688\">\n<p data-start=\"632\" data-end=\"688\"><span dir=\"auto\">Elimina el exceso de grasa e impurezas.<\/span><\/p>\n<\/li>\n<li data-start=\"689\" data-end=\"776\">\n<p data-start=\"691\" data-end=\"776\"><span dir=\"auto\">Calma la irritaci\u00f3n del cuero cabelludo y reduce los granos.<\/span><\/p>\n<\/li>\n<li data-start=\"777\" data-end=\"845\">\n<p data-start=\"779\" data-end=\"845\"><span dir=\"auto\">Fortalece el cabello y mejora su elasticidad.<\/span><\/p>\n<\/li>\n<li data-start=\"846\" data-end=\"913\">\n<p data-start=\"848\" data-end=\"913\"><span dir=\"auto\">Hidrata sin apelmazar el cabello.<\/span><\/p>\n<\/li>\n<li data-start=\"914\" data-end=\"970\">\n<p data-start=\"916\" data-end=\"970\"><span dir=\"auto\">Lo suficientemente suave para el uso diario.<\/span><\/p>\n<\/li>\n<\/ul>\n<h3 data-start=\"977\" data-end=\"1000\"><\/h3>\n<h3 data-start=\"977\" data-end=\"1000\"><strong data-start=\"982\" data-end=\"998\"><span dir=\"auto\">Ideal para<\/span><\/strong><\/h3>\n<p>&nbsp;<\/p>\n<ul data-start=\"1001\" data-end=\"1120\">\n<li data-start=\"1001\" data-end=\"1027\">\n<p data-start=\"1003\" data-end=\"1027\"><span dir=\"auto\">Cuero cabelludo graso y propenso al acn\u00e9<\/span><\/p>\n<\/li>\n<li data-start=\"1028\" data-end=\"1064\">\n<p data-start=\"1030\" data-end=\"1064\"><span dir=\"auto\">Cuero cabelludo sensible y piel irritada<\/span><\/p>\n<\/li>\n<li data-start=\"1065\" data-end=\"1120\">\n<p data-start=\"1067\" data-end=\"1120\"><span dir=\"auto\">Cualquier persona que desee\u00a0<\/span><span dir=\"auto\">un cabello fresco, limpio y saludable.<\/span><\/p>\n<\/li>\n<\/ul>\n<h3 data-start=\"1127\" data-end=\"1149\"><\/h3>\n<h3 data-start=\"1127\" data-end=\"1149\"><strong data-start=\"1132\" data-end=\"1147\"><span dir=\"auto\">Modo de uso<\/span><\/strong><\/h3>\n<p>&nbsp;<\/p>\n<ol data-start=\"1150\" data-end=\"1259\">\n<li data-start=\"1150\" data-end=\"1175\">\n<p data-start=\"1153\" data-end=\"1175\"><span dir=\"auto\">Moja bien el cabello.<\/span><\/p>\n<\/li>\n<li data-start=\"1176\" data-end=\"1228\">\n<p data-start=\"1179\" data-end=\"1228\"><span dir=\"auto\">Aplique una peque\u00f1a cantidad en el cuero cabelludo y masajee suavemente.<\/span><\/p>\n<\/li>\n<li data-start=\"1229\" data-end=\"1259\">\n<p data-start=\"1232\" data-end=\"1259\"><span dir=\"auto\">Enjuague y repita si es necesario.<\/span><\/p>\n<\/li>\n<\/ol>\n","protected":false},"excerpt":{"rendered":"<p>CICA LABO AQUA MOISTURE \u00a1Dile adi\u00f3s al cabello graso y a los granos en el cuero cabelludo! El\u00a0champ\u00fa Kerasys Cica<\/p>\n","protected":false},"featured_media":103786,"comment_status":"open","ping_status":"closed","template":"","meta":{"nf_dc_page":""},"product_brand":[204],"product_cat":[85],"product_tag":[3730],"class_list":{"0":"post-103785","1":"product","2":"type-product","3":"status-publish","4":"has-post-thumbnail","6":"product_brand-kerasys","7":"product_cat-cosmeticos","8":"product_tag-3730","10":"first","11":"instock","12":"shipping-taxable","13":"purchasable","14":"product-type-simple"},"_links":{"self":[{"href":"https:\/\/brandss.com.py\/index\/wp-json\/wp\/v2\/product\/103785","targetHints":{"allow":["GET"]}}],"collection":[{"href":"https:\/\/brandss.com.py\/index\/wp-json\/wp\/v2\/product"}],"about":[{"href":"https:\/\/brandss.com.py\/index\/wp-json\/wp\/v2\/types\/product"}],"replies":[{"embeddable":true,"href":"https:\/\/brandss.com.py\/index\/wp-json\/wp\/v2\/comments?post=103785"}],"version-history":[{"count":1,"href":"https:\/\/brandss.com.py\/index\/wp-json\/wp\/v2\/product\/103785\/revisions"}],"predecessor-version":[{"id":103788,"href":"https:\/\/brandss.com.py\/index\/wp-json\/wp\/v2\/product\/103785\/revisions\/103788"}],"wp:featuredmedia":[{"embeddable":true,"href":"https:\/\/brandss.com.py\/index\/wp-json\/wp\/v2\/media\/103786"}],"wp:attachment":[{"href":"https:\/\/brandss.com.py\/index\/wp-json\/wp\/v2\/media?parent=103785"}],"wp:term":[{"taxonomy":"product_brand","embeddable":true,"href":"https:\/\/brandss.com.py\/index\/wp-json\/wp\/v2\/product_brand?post=103785"},{"taxonomy":"product_cat","embeddable":true,"href":"https:\/\/brandss.com.py\/index\/wp-json\/wp\/v2\/product_cat?post=103785"},{"taxonomy":"product_tag","embeddable":true,"href":"https:\/\/brandss.com.py\/index\/wp-json\/wp\/v2\/product_tag?post=103785"}],"curies":[{"name":"wp","href":"https:\/\/api.w.org\/{rel}","templated":true}]}}