{"id":103789,"date":"2026-05-16T16:35:18","date_gmt":"2026-05-16T16:35:18","guid":{"rendered":"https:\/\/brandss.com.py\/index\/?post_type=product&#038;p=103789"},"modified":"2026-05-16T16:36:37","modified_gmt":"2026-05-16T16:36:37","slug":"acondicionador-capilar-kerasys-tea-tree-oil-1000ml","status":"publish","type":"product","link":"https:\/\/brandss.com.py\/index\/producto\/acondicionador-capilar-kerasys-tea-tree-oil-1000ml\/","title":{"rendered":"ACONDICIONADOR CAPILAR KERASYS TEA TREE OIL 1000ML"},"content":{"rendered":"<p><img loading=\"lazy\" decoding=\"async\" class=\"\" src=\"https:\/\/brandss.com.py\/index\/wp-content\/uploads\/2025\/09\/AA-21.png\" alt=\"SHAMPOO KERASYS ADVANCED REPAIR AMPOULE 600ML \u2013 Brands\" width=\"129\" height=\"64\" \/><\/p>\n<h1>TEA TREE OIL<\/h1>\n<p><span dir=\"auto\">Dale a tu cuero cabelludo y cabello una refrescante dosis de hidrataci\u00f3n con el cuidado refrescante del aceite de \u00e1rbol de t\u00e9. Este acondicionador ligero est\u00e1 dise\u00f1ado para nutrir los cueros cabelludos grasos a la vez que suaviza y desenreda el cabello sin apelmazarlo. Su f\u00f3rmula de bajo pH ayuda a mantener el equilibrio del cuero cabelludo y retiene la humedad para un acabado limpio y saludable. Enriquecido con extracto de hoja de \u00e1rbol de t\u00e9 y aceites esenciales naturales, calma la irritaci\u00f3n, fortalece el cabello y proporciona una frescura duradera. Su textura sedosa recubre cada hebra para reducir el encrespamiento y la rotura, dejando el cabello suave, manejable y revitalizado.<\/span><\/p>\n<p><span dir=\"auto\">Una fragancia floral verde y fresca combina tr\u00e9bol, \u00e1rbol de t\u00e9 y bergamota con notas de coraz\u00f3n florales de rosa y orqu\u00eddea, con un toque final de vetiver y almizcle para una experiencia olfativa refrescante y revitalizante.<\/span><\/p>\n<h3><strong><span dir=\"auto\">Ingredientes claves<\/span><\/strong><\/h3>\n<ul>\n<li><span dir=\"auto\">Aceite de \u00e1rbol de t\u00e9.<\/span><\/li>\n<li><span dir=\"auto\">Extracto de hoja de aloe vera.<\/span><\/li>\n<li><span dir=\"auto\">Extracto de romero.<\/span><\/li>\n<li><span dir=\"auto\">Bordillo.<\/span><\/li>\n<\/ul>\n<h3><strong><span dir=\"auto\">Beneficios<\/span><\/strong><\/h3>\n<ul>\n<li><span dir=\"auto\">Acondiciona e hidrata sin sensaci\u00f3n de pesadez.<\/span><\/li>\n<li><span dir=\"auto\">Refresca el cuero cabelludo con aceite de \u00e1rbol de t\u00e9 refrescante.<\/span><\/li>\n<li><span dir=\"auto\">Suaviza y desenreda el cabello.<\/span><\/li>\n<li><span dir=\"auto\">Ayuda a reducir el encrespamiento y la sequedad.<\/span><\/li>\n<\/ul>\n<h3>Modo de uso<\/h3>\n<ol>\n<li>Aplique el acondicionador de medios a puntas sobre el cabello limpio y h\u00famedo.<\/li>\n<li>Deje actuar de 2 a 3 minutos.<\/li>\n<li>Luego, enjuague bien.<\/li>\n<\/ol>\n<h3>Resultado<\/h3>\n<ul>\n<li>Fortalece el equilibrio del cuero cabelludo.<\/li>\n<li>Reduce la grasa hasta en un 60%.<\/li>\n<li>Deja el cabello ligero y saludable desde la primera aplicaci\u00f3n.<\/li>\n<\/ul>\n","protected":false},"excerpt":{"rendered":"<p>TEA TREE OIL Dale a tu cuero cabelludo y cabello una refrescante dosis de hidrataci\u00f3n con el cuidado refrescante del<\/p>\n","protected":false},"featured_media":103790,"comment_status":"open","ping_status":"closed","template":"","meta":{"nf_dc_page":""},"product_brand":[204],"product_cat":[85],"product_tag":[3731],"class_list":{"0":"post-103789","1":"product","2":"type-product","3":"status-publish","4":"has-post-thumbnail","6":"product_brand-kerasys","7":"product_cat-cosmeticos","8":"product_tag-3731","10":"first","11":"instock","12":"shipping-taxable","13":"purchasable","14":"product-type-simple"},"_links":{"self":[{"href":"https:\/\/brandss.com.py\/index\/wp-json\/wp\/v2\/product\/103789","targetHints":{"allow":["GET"]}}],"collection":[{"href":"https:\/\/brandss.com.py\/index\/wp-json\/wp\/v2\/product"}],"about":[{"href":"https:\/\/brandss.com.py\/index\/wp-json\/wp\/v2\/types\/product"}],"replies":[{"embeddable":true,"href":"https:\/\/brandss.com.py\/index\/wp-json\/wp\/v2\/comments?post=103789"}],"version-history":[{"count":1,"href":"https:\/\/brandss.com.py\/index\/wp-json\/wp\/v2\/product\/103789\/revisions"}],"predecessor-version":[{"id":103793,"href":"https:\/\/brandss.com.py\/index\/wp-json\/wp\/v2\/product\/103789\/revisions\/103793"}],"wp:featuredmedia":[{"embeddable":true,"href":"https:\/\/brandss.com.py\/index\/wp-json\/wp\/v2\/media\/103790"}],"wp:attachment":[{"href":"https:\/\/brandss.com.py\/index\/wp-json\/wp\/v2\/media?parent=103789"}],"wp:term":[{"taxonomy":"product_brand","embeddable":true,"href":"https:\/\/brandss.com.py\/index\/wp-json\/wp\/v2\/product_brand?post=103789"},{"taxonomy":"product_cat","embeddable":true,"href":"https:\/\/brandss.com.py\/index\/wp-json\/wp\/v2\/product_cat?post=103789"},{"taxonomy":"product_tag","embeddable":true,"href":"https:\/\/brandss.com.py\/index\/wp-json\/wp\/v2\/product_tag?post=103789"}],"curies":[{"name":"wp","href":"https:\/\/api.w.org\/{rel}","templated":true}]}}