{"id":103803,"date":"2026-05-16T18:12:57","date_gmt":"2026-05-16T18:12:57","guid":{"rendered":"https:\/\/brandss.com.py\/index\/?post_type=product&#038;p=103803"},"modified":"2026-05-16T18:14:14","modified_gmt":"2026-05-16T18:14:14","slug":"bruma-solar-facial-omg-seoul-proteccion-alta-spf50-90ml","status":"publish","type":"product","link":"https:\/\/brandss.com.py\/index\/producto\/bruma-solar-facial-omg-seoul-proteccion-alta-spf50-90ml\/","title":{"rendered":"BRUMA SOLAR FACIAL OMG! SEOUL PROTECCION ALTA SPF50+ 90ML"},"content":{"rendered":"<p><img loading=\"lazy\" decoding=\"async\" class=\"\" src=\"https:\/\/altacosmeticos.com\/wp-content\/uploads\/2024\/03\/OMG.png\" alt=\"PROTECTOR SOLAR FACIAL OMG! SEOUL CICA SOOTHING STICK SPF 50+ 18GR \u2013 Brands\" width=\"87\" height=\"41\" \/><\/p>\n<h1>SUN MIST<\/h1>\n<p>Esta bruma solar ofrece una alta protecci\u00f3n FPS 50+ contra los rayos UVA y UVB. OMG SUN MIST SPF50+ es un spray solar que protege tu piel en segundos, sin dejar sensaci\u00f3n pegajosa. Est\u00e1 dise\u00f1ada para ser invisible tras la aplicaci\u00f3n y no deja sensaci\u00f3n pegajosa ni tono blanco. Es ideal para una reaplicaci\u00f3n r\u00e1pida y sencilla a lo largo del d\u00eda, incluso sobre el maquillaje, y puede usarse en la playa, la piscina o para el uso diario. Es adecuada para todo tipo de pieles.<\/p>\n<h3>Beneficios<\/h3>\n<ul>\n<li>Protecci\u00f3n expr\u00e9s para d\u00edas de sol intenso.<\/li>\n<li>Alta protecci\u00f3n UV.<\/li>\n<li>Refrescante.<\/li>\n<li>Ideal sobre el maquillaje.<\/li>\n<li>Para rostro y cuerpo.<\/li>\n<li>Hidrata.<\/li>\n<li>No pegajoso.<\/li>\n<li>F\u00f3rmula vegana.<\/li>\n<li>Perfecto para la playa y el uso diario.<\/li>\n<\/ul>\n<h3 data-path-to-node=\"1\">Modo de uso<\/h3>\n<ul data-path-to-node=\"2\">\n<li>\n<p data-path-to-node=\"2,0,0\"><b data-path-to-node=\"2,0,0\" data-index-in-node=\"0\">Agita bien antes de usar:<\/b> Antes de cada aplicaci\u00f3n, agita en\u00e9rgicamente el envase para asegurar que los filtros solares y la f\u00f3rmula se mezclen de manera homog\u00e9nea.<\/p>\n<\/li>\n<li>\n<p data-path-to-node=\"2,1,0\"><b data-path-to-node=\"2,1,0\" data-index-in-node=\"0\">Distancia de aplicaci\u00f3n:<\/b> Sost\u00e9n el envase a una distancia de entre 15 y 20 cent\u00edmetros del rostro o del cuerpo.<\/p>\n<\/li>\n<li>\n<p data-path-to-node=\"2,2,0\"><b data-path-to-node=\"2,2,0\" data-index-in-node=\"0\">Aplicaci\u00f3n continua y uniforme:<\/b> Cierra los ojos y la boca, y pulveriza el producto de forma continua realizando movimientos en forma de &#8220;Z&#8221; o circulares para cubrir toda la superficie de la piel. No es necesario extenderlo con las manos si buscas un acabado al instante.<\/p>\n<\/li>\n<li>\n<p data-path-to-node=\"2,3,0\"><b data-path-to-node=\"2,3,0\" data-index-in-node=\"0\">Sobre el maquillaje:<\/b> Al ser una bruma invisible y de toque seco, puedes aplicarla directamente encima del maquillaje a lo largo del d\u00eda sin temor a arruinarlo ni dejar sensaci\u00f3n grasosa.<\/p>\n<\/li>\n<\/ul>\n","protected":false},"excerpt":{"rendered":"<p>SUN MIST Esta bruma solar ofrece una alta protecci\u00f3n FPS 50+ contra los rayos UVA y UVB. OMG SUN MIST<\/p>\n","protected":false},"featured_media":103804,"comment_status":"open","ping_status":"closed","template":"","meta":{"nf_dc_page":""},"product_brand":[2729],"product_cat":[104],"product_tag":[3733],"class_list":{"0":"post-103803","1":"product","2":"type-product","3":"status-publish","4":"has-post-thumbnail","6":"product_brand-omg-seoul-2","7":"product_cat-skin-care","8":"product_tag-3733","10":"first","11":"instock","12":"shipping-taxable","13":"purchasable","14":"product-type-simple"},"_links":{"self":[{"href":"https:\/\/brandss.com.py\/index\/wp-json\/wp\/v2\/product\/103803","targetHints":{"allow":["GET"]}}],"collection":[{"href":"https:\/\/brandss.com.py\/index\/wp-json\/wp\/v2\/product"}],"about":[{"href":"https:\/\/brandss.com.py\/index\/wp-json\/wp\/v2\/types\/product"}],"replies":[{"embeddable":true,"href":"https:\/\/brandss.com.py\/index\/wp-json\/wp\/v2\/comments?post=103803"}],"version-history":[{"count":1,"href":"https:\/\/brandss.com.py\/index\/wp-json\/wp\/v2\/product\/103803\/revisions"}],"predecessor-version":[{"id":103808,"href":"https:\/\/brandss.com.py\/index\/wp-json\/wp\/v2\/product\/103803\/revisions\/103808"}],"wp:featuredmedia":[{"embeddable":true,"href":"https:\/\/brandss.com.py\/index\/wp-json\/wp\/v2\/media\/103804"}],"wp:attachment":[{"href":"https:\/\/brandss.com.py\/index\/wp-json\/wp\/v2\/media?parent=103803"}],"wp:term":[{"taxonomy":"product_brand","embeddable":true,"href":"https:\/\/brandss.com.py\/index\/wp-json\/wp\/v2\/product_brand?post=103803"},{"taxonomy":"product_cat","embeddable":true,"href":"https:\/\/brandss.com.py\/index\/wp-json\/wp\/v2\/product_cat?post=103803"},{"taxonomy":"product_tag","embeddable":true,"href":"https:\/\/brandss.com.py\/index\/wp-json\/wp\/v2\/product_tag?post=103803"}],"curies":[{"name":"wp","href":"https:\/\/api.w.org\/{rel}","templated":true}]}}