{"id":41536,"date":"2024-05-23T16:37:02","date_gmt":"2024-05-23T16:37:02","guid":{"rendered":"https:\/\/brandss.com.py\/index\/producto\/dsp-profesional-steam-iron\/"},"modified":"2025-04-24T10:30:39","modified_gmt":"2025-04-24T10:30:39","slug":"dsp-profesional-steam-iron","status":"publish","type":"product","link":"https:\/\/brandss.com.py\/index\/producto\/dsp-profesional-steam-iron\/","title":{"rendered":"PLANCHA DSP A VAPOR PROFESIONAL 1800W"},"content":{"rendered":"<p><img loading=\"lazy\" decoding=\"async\" class=\"\" src=\"https:\/\/api.patentes-y-marcas.com\/uploads\/BOPIBrand_imagen\/dsp-a016000127.jpg\" alt=\"dsp - Informaci\u00f3n sobre la marca\" width=\"168\" height=\"70\" \/><\/p>\n<h1>KD1066<\/h1>\n<p><span>La plancha Dsp ofrece resultados perfectos hasta en el m\u00e1s m\u00ednimo detalle. Tiene una potencia de 2000W y una salida de vapor de 35 g\/min para un rendimiento superior. Esta plancha es ideal para cualquier tipo de tejido y proporciona resultados perfectos gracias a su precisi\u00f3n sin precedentes. Perfil alto para un planchado perfecto hasta el m\u00e1s m\u00ednimo detalle. Permite el acceso a zonas dif\u00edciles como cuello y manga.<\/span><\/p>\n<p><span>El sistema antirayaduras evita que aparezcan manchas en los tejidos incluso cuando los utilices a bajas temperaturas. Esta plancha ofrece un planchado r\u00e1pido y sencillo de tejidos delicados, ideal para quitar telas como cortinas, trajes y m\u00e1s. <\/span><\/p>\n<p>\u00a1Haz que el planchado sea una tarea f\u00e1cil y eficiente con la Plancha a vapor DSP KD1066 Steam Iron 1800W! Dise\u00f1ada para ofrecerte resultados impecables en cada pasada, esta plancha combina potencia y versatilidad para satisfacer todas tus necesidades de planchado. Con un voltaje de 220-240V~50\/60Hz y una potencia de salida de 1800W, esta plancha garantiza un rendimiento \u00f3ptimo en cada uso. Su suela con placa antiadherente y placa inferior de cer\u00e1mica garantiza un deslizamiento suave sobre cualquier tipo de tela, mientras que el control del termostato de dial te permite ajustar la temperatura seg\u00fan tus preferencias. Adem\u00e1s, con una capacidad de agua de 90 ml y una tasa de vapor de 7-10 ml, esta plancha ofrece una liberaci\u00f3n de vapor constante para eliminar incluso las arrugas m\u00e1s dif\u00edciles. Ya sea que prefieras planchado en seco, planchado a vapor, agua pulverizada, vapor vertical o planchado brusco potente, esta plancha cuenta con una funci\u00f3n para satisfacer todas tus necesidades de planchado. Haz del planchado una tarea r\u00e1pida y eficiente con la Plancha a vapor DSP KD1066 Steam Iron 1800W. \u00a1Consigue la tuya hoy y disfruta de prendas perfectamente planchadas en poco tiempo!<\/p>\n<p><strong>La plancha tiene estas especificaciones:<\/strong><\/p>\n<p><span>Plancha peque\u00f1a de vapor DSP, placa inferior de cer\u00e1mica.<\/span><br \/>\n<span><strong>Voltaje:<\/strong> 220-240V~50\/60Hz.<\/span><br \/>\n<span><strong>Potencia:<\/strong> 1800W.<\/span><br \/>\n<span><strong>Suela:<\/strong> Placa antiadherente.<\/span><br \/>\n<span>Control de termostato de dial.<\/span><br \/>\n<span><strong>Capacidad de agua:<\/strong> 90 ml.<\/span><br \/>\n<span><strong>Tasa de vapor:<\/strong> 7-10 ml.<\/span><\/p>\n","protected":false},"excerpt":{"rendered":"<p>KD1066 La plancha Dsp ofrece resultados perfectos hasta en el m\u00e1s m\u00ednimo detalle. Tiene una potencia de 2000W y una<\/p>\n","protected":false},"featured_media":52147,"comment_status":"open","ping_status":"closed","template":"","meta":{"nf_dc_page":""},"product_brand":[],"product_cat":[83],"product_tag":[],"class_list":{"0":"post-41536","1":"product","2":"type-product","3":"status-publish","4":"has-post-thumbnail","6":"product_cat-hogar","8":"first","9":"instock","10":"shipping-taxable","11":"purchasable","12":"product-type-simple"},"_links":{"self":[{"href":"https:\/\/brandss.com.py\/index\/wp-json\/wp\/v2\/product\/41536","targetHints":{"allow":["GET"]}}],"collection":[{"href":"https:\/\/brandss.com.py\/index\/wp-json\/wp\/v2\/product"}],"about":[{"href":"https:\/\/brandss.com.py\/index\/wp-json\/wp\/v2\/types\/product"}],"replies":[{"embeddable":true,"href":"https:\/\/brandss.com.py\/index\/wp-json\/wp\/v2\/comments?post=41536"}],"version-history":[{"count":3,"href":"https:\/\/brandss.com.py\/index\/wp-json\/wp\/v2\/product\/41536\/revisions"}],"predecessor-version":[{"id":52157,"href":"https:\/\/brandss.com.py\/index\/wp-json\/wp\/v2\/product\/41536\/revisions\/52157"}],"wp:featuredmedia":[{"embeddable":true,"href":"https:\/\/brandss.com.py\/index\/wp-json\/wp\/v2\/media\/52147"}],"wp:attachment":[{"href":"https:\/\/brandss.com.py\/index\/wp-json\/wp\/v2\/media?parent=41536"}],"wp:term":[{"taxonomy":"product_brand","embeddable":true,"href":"https:\/\/brandss.com.py\/index\/wp-json\/wp\/v2\/product_brand?post=41536"},{"taxonomy":"product_cat","embeddable":true,"href":"https:\/\/brandss.com.py\/index\/wp-json\/wp\/v2\/product_cat?post=41536"},{"taxonomy":"product_tag","embeddable":true,"href":"https:\/\/brandss.com.py\/index\/wp-json\/wp\/v2\/product_tag?post=41536"}],"curies":[{"name":"wp","href":"https:\/\/api.w.org\/{rel}","templated":true}]}}