{"id":42164,"date":"2024-05-23T16:41:17","date_gmt":"2024-05-23T16:41:17","guid":{"rendered":"https:\/\/brandss.com.py\/index\/producto\/dsp-mini-waffle-maker\/"},"modified":"2025-04-24T10:30:39","modified_gmt":"2025-04-24T10:30:39","slug":"dsp-mini-waffle-maker","status":"publish","type":"product","link":"https:\/\/brandss.com.py\/index\/producto\/dsp-mini-waffle-maker\/","title":{"rendered":"GOFRERA DSP MINI EL\u00c9CTRICO 550W"},"content":{"rendered":"<p><img loading=\"lazy\" decoding=\"async\" class=\"\" src=\"https:\/\/api.patentes-y-marcas.com\/uploads\/BOPIBrand_imagen\/dsp-a016000127.jpg\" alt=\"dsp - Informaci\u00f3n sobre la marca\" width=\"175\" height=\"73\" \/><\/p>\n<h1>KC1176<\/h1>\n<p>Prepare deliciosos gofres belgas en unos minutos con una mini gofrera. Dos superficies antiadherentes con un di\u00e1metro de 10 cm garantizan una cocci\u00f3n uniforme de los gofres, lo que da como resultado que cada porci\u00f3n de gofres quede perfectamente redonda. Una mini gofrera es el sue\u00f1o de los amantes de los electrodom\u00e9sticos compactos y ligeros. Se puede guardar f\u00e1cilmente en cualquier lugar e incluso llevarlo de visita o al campo. \u00a1Cocinar puede ser una actividad divertida tanto para adultos como para ni\u00f1os!<\/p>\n<p><strong>Ventajas:<\/strong><\/p>\n<p>&#8211; Tama\u00f1o compacto<\/p>\n<p>&#8211; ideal para una cocina peque\u00f1a<\/p>\n<p>&#8211; recubrimiento antiadherente<\/p>\n<p>&#8211; f\u00e1cil limpieza<\/p>\n<p>&#8211; potencia \u00f3ptima<\/p>\n<p>&#8211; calentamiento r\u00e1pido y horneado uniforme<\/p>\n<p>&#8211; larga vida \u00fatil<\/p>\n<p><strong>Caracter\u00edsticas principales:<\/strong><\/p>\n<ul>\n<li>Potencia: 550W<\/li>\n<li>Tama\u00f1o de la caja: 160 x 125 x 80 mm<\/li>\n<li>Longitud del cable: 0,5 m;<\/li>\n<li>Peso del producto: 650 g;<\/li>\n<li>Tipo de control: Mec\u00e1nico<\/li>\n<li>Material de la superficie de trabajo: Tefl\u00f3n<\/li>\n<li>Forma para hornear: c\u00edrculo<\/li>\n<li>Tipo: plancha para gofres<\/li>\n<li>Recubrimiento antiadherente: s\u00ed<\/li>\n<li>Ajuste de temperatura: no<\/li>\n<\/ul>\n","protected":false},"excerpt":{"rendered":"<p>KC1176 Prepare deliciosos gofres belgas en unos minutos con una mini gofrera. Dos superficies antiadherentes con un di\u00e1metro de 10<\/p>\n","protected":false},"featured_media":52133,"comment_status":"open","ping_status":"closed","template":"","meta":{"nf_dc_page":""},"product_brand":[],"product_cat":[83],"product_tag":[],"class_list":{"0":"post-42164","1":"product","2":"type-product","3":"status-publish","4":"has-post-thumbnail","6":"product_cat-hogar","8":"first","9":"instock","10":"shipping-taxable","11":"purchasable","12":"product-type-simple"},"_links":{"self":[{"href":"https:\/\/brandss.com.py\/index\/wp-json\/wp\/v2\/product\/42164","targetHints":{"allow":["GET"]}}],"collection":[{"href":"https:\/\/brandss.com.py\/index\/wp-json\/wp\/v2\/product"}],"about":[{"href":"https:\/\/brandss.com.py\/index\/wp-json\/wp\/v2\/types\/product"}],"replies":[{"embeddable":true,"href":"https:\/\/brandss.com.py\/index\/wp-json\/wp\/v2\/comments?post=42164"}],"version-history":[{"count":3,"href":"https:\/\/brandss.com.py\/index\/wp-json\/wp\/v2\/product\/42164\/revisions"}],"predecessor-version":[{"id":52144,"href":"https:\/\/brandss.com.py\/index\/wp-json\/wp\/v2\/product\/42164\/revisions\/52144"}],"wp:featuredmedia":[{"embeddable":true,"href":"https:\/\/brandss.com.py\/index\/wp-json\/wp\/v2\/media\/52133"}],"wp:attachment":[{"href":"https:\/\/brandss.com.py\/index\/wp-json\/wp\/v2\/media?parent=42164"}],"wp:term":[{"taxonomy":"product_brand","embeddable":true,"href":"https:\/\/brandss.com.py\/index\/wp-json\/wp\/v2\/product_brand?post=42164"},{"taxonomy":"product_cat","embeddable":true,"href":"https:\/\/brandss.com.py\/index\/wp-json\/wp\/v2\/product_cat?post=42164"},{"taxonomy":"product_tag","embeddable":true,"href":"https:\/\/brandss.com.py\/index\/wp-json\/wp\/v2\/product_tag?post=42164"}],"curies":[{"name":"wp","href":"https:\/\/api.w.org\/{rel}","templated":true}]}}