{"id":42166,"date":"2024-05-23T16:41:17","date_gmt":"2024-05-23T16:41:17","guid":{"rendered":"https:\/\/brandss.com.py\/index\/producto\/dsp-boddy-scale\/"},"modified":"2025-11-06T19:11:26","modified_gmt":"2025-11-06T19:11:26","slug":"dsp-boddy-scale","status":"publish","type":"product","link":"https:\/\/brandss.com.py\/index\/producto\/dsp-boddy-scale\/","title":{"rendered":"B\u00c1SCULA DSP DE SUELO ELECTR\u00d3NICO HASTA 180KG"},"content":{"rendered":"<p><img loading=\"lazy\" decoding=\"async\" class=\"\" src=\"https:\/\/api.patentes-y-marcas.com\/uploads\/BOPIBrand_imagen\/dsp-a016000127.jpg\" alt=\"dsp - Informaci\u00f3n sobre la marca\" width=\"170\" height=\"71\" \/><\/p>\n<h1>KD7001<\/h1>\n<p>B\u00e1scula de suelo electr\u00f3nica para pesar hasta 180 kg de cristal dom\u00e9stico DSP KD7001.\u00a0\u00a0B\u00e1scula electr\u00f3nica ultrafina desde KD7001 hasta 180 kg con una plataforma hecha de vidrio templado duradero le ayudar\u00e1 a controlar su peso y controlar su salud.<\/p>\n<p>Este modelo est\u00e1 equipado con una funci\u00f3n de encendido autom\u00e1tico (la b\u00e1scula se encender\u00e1 tan pronto como te subas a ella), as\u00ed como con una funci\u00f3n de apagado autom\u00e1tico poco tiempo despu\u00e9s de que termines de usarla. Esta funci\u00f3n le permite no solo evitar agacharse innecesariamente al trabajar con b\u00e1sculas, sino que tambi\u00e9n reduce el consumo de bater\u00eda. Otra ventaja de estos modelos es la gran pantalla de cristal l\u00edquido, que facilita la visualizaci\u00f3n de las lecturas de la b\u00e1scula.<\/p>\n<p><b>Caracter\u00edsticas:<\/b><\/p>\n<ul>\n<li>Base cuadrada de cristal pulido<\/li>\n<li>Pantalla LCD digital<\/li>\n<li>Activaci\u00f3n con un solo toque<\/li>\n<li>Indicador de sobrecarga<\/li>\n<li>Apagado autom\u00e1tico<\/li>\n<li>Carga m\u00e1xima: 180 kg<\/li>\n<li>Valor de graduaci\u00f3n: 100 g<\/li>\n<li>Tama\u00f1o de la pantalla LCD: 62 x 26 mm<\/li>\n<li>Fuente de alimentaci\u00f3n: 2 pilas de litio CR2032 de 3V<\/li>\n<li>Tama\u00f1o: 28x28x1,7 cm<\/li>\n<\/ul>\n<p><b>Equipo:<\/b><\/p>\n<ul>\n<li>Escamas<\/li>\n<li>Bater\u00eda<\/li>\n<li>Instrucciones<\/li>\n<li>Paquete<\/li>\n<\/ul>\n","protected":false},"excerpt":{"rendered":"<p>KD7001 B\u00e1scula de suelo electr\u00f3nica para pesar hasta 180 kg de cristal dom\u00e9stico DSP KD7001.\u00a0\u00a0B\u00e1scula electr\u00f3nica ultrafina desde KD7001 hasta<\/p>\n","protected":false},"featured_media":52123,"comment_status":"open","ping_status":"closed","template":"","meta":{"nf_dc_page":""},"product_brand":[],"product_cat":[74],"product_tag":[],"class_list":{"0":"post-42166","1":"product","2":"type-product","3":"status-publish","4":"has-post-thumbnail","6":"product_cat-accesorios-fem","8":"first","9":"instock","10":"shipping-taxable","11":"purchasable","12":"product-type-simple"},"_links":{"self":[{"href":"https:\/\/brandss.com.py\/index\/wp-json\/wp\/v2\/product\/42166","targetHints":{"allow":["GET"]}}],"collection":[{"href":"https:\/\/brandss.com.py\/index\/wp-json\/wp\/v2\/product"}],"about":[{"href":"https:\/\/brandss.com.py\/index\/wp-json\/wp\/v2\/types\/product"}],"replies":[{"embeddable":true,"href":"https:\/\/brandss.com.py\/index\/wp-json\/wp\/v2\/comments?post=42166"}],"version-history":[{"count":3,"href":"https:\/\/brandss.com.py\/index\/wp-json\/wp\/v2\/product\/42166\/revisions"}],"predecessor-version":[{"id":52131,"href":"https:\/\/brandss.com.py\/index\/wp-json\/wp\/v2\/product\/42166\/revisions\/52131"}],"wp:featuredmedia":[{"embeddable":true,"href":"https:\/\/brandss.com.py\/index\/wp-json\/wp\/v2\/media\/52123"}],"wp:attachment":[{"href":"https:\/\/brandss.com.py\/index\/wp-json\/wp\/v2\/media?parent=42166"}],"wp:term":[{"taxonomy":"product_brand","embeddable":true,"href":"https:\/\/brandss.com.py\/index\/wp-json\/wp\/v2\/product_brand?post=42166"},{"taxonomy":"product_cat","embeddable":true,"href":"https:\/\/brandss.com.py\/index\/wp-json\/wp\/v2\/product_cat?post=42166"},{"taxonomy":"product_tag","embeddable":true,"href":"https:\/\/brandss.com.py\/index\/wp-json\/wp\/v2\/product_tag?post=42166"}],"curies":[{"name":"wp","href":"https:\/\/api.w.org\/{rel}","templated":true}]}}