{"id":42174,"date":"2024-05-23T16:41:20","date_gmt":"2024-05-23T16:41:20","guid":{"rendered":"https:\/\/brandss.com.py\/index\/producto\/dsp-hair-clipper\/"},"modified":"2025-04-24T10:30:18","modified_gmt":"2025-04-24T10:30:18","slug":"dsp-hair-clipper","status":"publish","type":"product","link":"https:\/\/brandss.com.py\/index\/producto\/dsp-hair-clipper\/","title":{"rendered":"RECORTADORA DSP UNIVERSAL"},"content":{"rendered":"<p><img loading=\"lazy\" decoding=\"async\" class=\"\" src=\"https:\/\/api.patentes-y-marcas.com\/uploads\/BOPIBrand_imagen\/dsp-a016000127.jpg\" alt=\"dsp - Informaci\u00f3n sobre la marca\" width=\"161\" height=\"67\" \/><\/p>\n<h1>90352<\/h1>\n<p>El cortapelos DSP-90352 es una herramienta indispensable en el trabajo de los maestros de corte de pelo. Est\u00e1 destinado a uso profesional en peluquer\u00edas, salones de belleza, barber\u00edas y est\u00e1 homologado para su uso en casa.<\/p>\n<p><strong>Caracter\u00edsticas:<\/strong><\/p>\n<p>&#8211; Cuerpo duradero<\/p>\n<p>&#8211; Resistente a las vibraciones<\/p>\n<p>&#8211; Bajo nivel de ruido<\/p>\n<p>&#8211; Dise\u00f1o elegante<\/p>\n<p>&#8211; Buen funcionamiento de cuchillas afiladas<\/p>\n<p>&nbsp;<\/p>\n<p><strong>Caracter\u00edsticas:<\/strong><\/p>\n<p>&#8211; Material de la hoja: titanio<\/p>\n<p>&#8211; Voltaje de entrada: 110-220V 50\/60Hz<\/p>\n<p>&#8211; Tiempo de carga: 2 horas<\/p>\n<p>&#8211; Potencia 5W<\/p>\n<p>&#8211; Bater\u00eda 600mah<\/p>\n<p>&#8211; Impermeable<\/p>\n<p>&#8211; Tiempo de uso: 90 minutos (despu\u00e9s de cargarse completamente)<\/p>\n<p>&#8211; Boquillas: 1 mm \/ 2 mm \/ 3 mm \/<\/p>\n<p>&nbsp;<\/p>\n<p><strong>Equipo:<\/strong><\/p>\n<p>1.cortapelos<\/p>\n<p>2.cable USB<\/p>\n<p>3.Boquillas &#8211; 3 piezas (1 mm \/ 2 mm \/ 3 mm)<\/p>\n<p>4.Aceite<\/p>\n<p>5.Cepillo de limpieza<\/p>\n<p>6.Caja de embalaje<\/p>\n","protected":false},"excerpt":{"rendered":"<p>90352 El cortapelos DSP-90352 es una herramienta indispensable en el trabajo de los maestros de corte de pelo. Est\u00e1 destinado<\/p>\n","protected":false},"featured_media":52072,"comment_status":"open","ping_status":"closed","template":"","meta":{"nf_dc_page":""},"product_brand":[],"product_cat":[77],"product_tag":[],"class_list":{"0":"post-42174","1":"product","2":"type-product","3":"status-publish","4":"has-post-thumbnail","6":"product_cat-accesorios-masc","8":"first","9":"instock","10":"shipping-taxable","11":"purchasable","12":"product-type-simple"},"_links":{"self":[{"href":"https:\/\/brandss.com.py\/index\/wp-json\/wp\/v2\/product\/42174","targetHints":{"allow":["GET"]}}],"collection":[{"href":"https:\/\/brandss.com.py\/index\/wp-json\/wp\/v2\/product"}],"about":[{"href":"https:\/\/brandss.com.py\/index\/wp-json\/wp\/v2\/types\/product"}],"replies":[{"embeddable":true,"href":"https:\/\/brandss.com.py\/index\/wp-json\/wp\/v2\/comments?post=42174"}],"version-history":[{"count":3,"href":"https:\/\/brandss.com.py\/index\/wp-json\/wp\/v2\/product\/42174\/revisions"}],"predecessor-version":[{"id":52080,"href":"https:\/\/brandss.com.py\/index\/wp-json\/wp\/v2\/product\/42174\/revisions\/52080"}],"wp:featuredmedia":[{"embeddable":true,"href":"https:\/\/brandss.com.py\/index\/wp-json\/wp\/v2\/media\/52072"}],"wp:attachment":[{"href":"https:\/\/brandss.com.py\/index\/wp-json\/wp\/v2\/media?parent=42174"}],"wp:term":[{"taxonomy":"product_brand","embeddable":true,"href":"https:\/\/brandss.com.py\/index\/wp-json\/wp\/v2\/product_brand?post=42174"},{"taxonomy":"product_cat","embeddable":true,"href":"https:\/\/brandss.com.py\/index\/wp-json\/wp\/v2\/product_cat?post=42174"},{"taxonomy":"product_tag","embeddable":true,"href":"https:\/\/brandss.com.py\/index\/wp-json\/wp\/v2\/product_tag?post=42174"}],"curies":[{"name":"wp","href":"https:\/\/api.w.org\/{rel}","templated":true}]}}