{"id":42175,"date":"2024-05-23T16:41:20","date_gmt":"2024-05-23T16:41:20","guid":{"rendered":"https:\/\/brandss.com.py\/index\/producto\/dsp-shape-your-style\/"},"modified":"2025-04-24T10:31:08","modified_gmt":"2025-04-24T10:31:08","slug":"dsp-shape-your-style","status":"publish","type":"product","link":"https:\/\/brandss.com.py\/index\/producto\/dsp-shape-your-style\/","title":{"rendered":"AFEITADORA DSP INAL\u00c1MBRICO IMPERMEABLE"},"content":{"rendered":"<p><img loading=\"lazy\" decoding=\"async\" class=\"\" src=\"https:\/\/api.patentes-y-marcas.com\/uploads\/BOPIBrand_imagen\/dsp-a016000127.jpg\" alt=\"dsp - Informaci\u00f3n sobre la marca\" width=\"173\" height=\"72\" \/><\/p>\n<h1>60125<\/h1>\n<p><span>La maquinilla de afeitar el\u00e9ctrica para hombre\u00a0<\/span>DSP 60125<span>\u00a0sigue perfectamente cada curva del rostro, haciendo que el afeitado sea impecable. Puedes utilizarlo en rostro, cuello e incluso barbilla, olvid\u00e1ndote para siempre de que afeitarte es un inconveniente. Esta afeitadora el\u00e9ctrica es una excelente soluci\u00f3n para pieles sensibles, ya que no causa absolutamente ninguna irritaci\u00f3n.<\/span><\/p>\n<p><span>Adecuada para afeitado en seco y en h\u00famedo, ya que esta maquinilla de afeitar tiene un \u00edndice de protecci\u00f3n contra el agua\u00a0<\/span>IPX5<span>\u00a0. Esta afeitadora es f\u00e1cil de llevar de viaje porque es compacta y cabe perfectamente en cualquier bolso.<\/span><\/p>\n<p><strong><span>Caracter\u00edsticas:<\/span><\/strong><\/p>\n<ul>\n<li><strong>Marca:<\/strong> DSP<\/li>\n<li><strong>Modelo:<\/strong>\u00a060125<\/li>\n<li><strong>Tipo de m\u00e1quina:<\/strong> afeitadora (maquinilla de afeitar de viaje)<\/li>\n<li><strong>Potencia:<\/strong>\u00a05W<\/li>\n<li><strong>Grado de protecci\u00f3n contra la humedad:<\/strong>\u00a0IPX5<\/li>\n<li><strong>Sistema de afeitado:<\/strong> Malla<\/li>\n<li><strong>M\u00e9todo de afeitado:<\/strong> afeitado seco y h\u00famedo<\/li>\n<li><strong>Tipo de energ\u00eda:<\/strong> bater\u00eda<\/li>\n<li><strong>Tipo de bater\u00eda:<\/strong>\u00a0iones de litio<\/li>\n<li><strong>Capacidad de la bater\u00eda:<\/strong>\u00a01200 mAh<\/li>\n<li><strong>Duraci\u00f3n continua de la bater\u00eda:<\/strong>\u00a0unos 120 minutos<\/li>\n<li><strong>Tiempo hasta que la bater\u00eda est\u00e9 completamente cargada:<\/strong> 2 horas<\/li>\n<li><strong>Hoja:<\/strong> acero inoxidable<\/li>\n<li><strong>Velocidad de rotaci\u00f3n:<\/strong>\u00a06500 rpm<\/li>\n<li><strong>Material:<\/strong> ABS.<\/li>\n<\/ul>\n<p><strong><span>Equipo:<\/span><\/strong><\/p>\n<ul>\n<li><span>Maquinilla de afeitar\u00a0<\/span>DSP 60125<\/li>\n<li><span>Cubierta protectora<\/span><\/li>\n<li><span>Cable USB (que permite cargar el dispositivo en un autom\u00f3vil o desde un Power Bank)<\/span><\/li>\n<li><span>Cepillo de limpieza<\/span><\/li>\n<li><span>Una bolsa de terciopelo hace que sea f\u00e1cil de llevar contigo<\/span><\/li>\n<li><span>Instrucciones de uso<\/span><\/li>\n<li><span>Caja de cart\u00f3n de marca.<\/span><\/li>\n<\/ul>\n","protected":false},"excerpt":{"rendered":"<p>60125 La maquinilla de afeitar el\u00e9ctrica para hombre\u00a0DSP 60125\u00a0sigue perfectamente cada curva del rostro, haciendo que el afeitado sea impecable.<\/p>\n","protected":false},"featured_media":52084,"comment_status":"open","ping_status":"closed","template":"","meta":{"nf_dc_page":""},"product_brand":[],"product_cat":[77],"product_tag":[],"class_list":{"0":"post-42175","1":"product","2":"type-product","3":"status-publish","4":"has-post-thumbnail","6":"product_cat-accesorios-masc","8":"first","9":"instock","10":"shipping-taxable","11":"purchasable","12":"product-type-simple"},"_links":{"self":[{"href":"https:\/\/brandss.com.py\/index\/wp-json\/wp\/v2\/product\/42175","targetHints":{"allow":["GET"]}}],"collection":[{"href":"https:\/\/brandss.com.py\/index\/wp-json\/wp\/v2\/product"}],"about":[{"href":"https:\/\/brandss.com.py\/index\/wp-json\/wp\/v2\/types\/product"}],"replies":[{"embeddable":true,"href":"https:\/\/brandss.com.py\/index\/wp-json\/wp\/v2\/comments?post=42175"}],"version-history":[{"count":2,"href":"https:\/\/brandss.com.py\/index\/wp-json\/wp\/v2\/product\/42175\/revisions"}],"predecessor-version":[{"id":52096,"href":"https:\/\/brandss.com.py\/index\/wp-json\/wp\/v2\/product\/42175\/revisions\/52096"}],"wp:featuredmedia":[{"embeddable":true,"href":"https:\/\/brandss.com.py\/index\/wp-json\/wp\/v2\/media\/52084"}],"wp:attachment":[{"href":"https:\/\/brandss.com.py\/index\/wp-json\/wp\/v2\/media?parent=42175"}],"wp:term":[{"taxonomy":"product_brand","embeddable":true,"href":"https:\/\/brandss.com.py\/index\/wp-json\/wp\/v2\/product_brand?post=42175"},{"taxonomy":"product_cat","embeddable":true,"href":"https:\/\/brandss.com.py\/index\/wp-json\/wp\/v2\/product_cat?post=42175"},{"taxonomy":"product_tag","embeddable":true,"href":"https:\/\/brandss.com.py\/index\/wp-json\/wp\/v2\/product_tag?post=42175"}],"curies":[{"name":"wp","href":"https:\/\/api.w.org\/{rel}","templated":true}]}}