{"id":42196,"date":"2024-05-23T16:41:27","date_gmt":"2024-05-23T16:41:27","guid":{"rendered":"https:\/\/brandss.com.py\/index\/producto\/dsp-hair-clipper-2\/"},"modified":"2025-04-24T10:31:08","modified_gmt":"2025-04-24T10:31:08","slug":"dsp-hair-clipper-2","status":"publish","type":"product","link":"https:\/\/brandss.com.py\/index\/producto\/dsp-hair-clipper-2\/","title":{"rendered":"RECORTADOR DSP PROFESIONAL HAIR CLIPPER"},"content":{"rendered":"<p><img loading=\"lazy\" decoding=\"async\" class=\"\" src=\"https:\/\/api.patentes-y-marcas.com\/uploads\/BOPIBrand_imagen\/dsp-a016000127.jpg\" alt=\"dsp - Informaci\u00f3n sobre la marca\" width=\"134\" height=\"56\" \/><\/p>\n<h1>90286<\/h1>\n<p>El juego de tijeras de corte de pelo DSP de 8 piezas est\u00e1 equipado con un cortador de pelo, un juego de moldes para el cabello, tres peines de l\u00edmite y un cepillo para el cabello. La m\u00e1quina en s\u00ed viene con un cabezal de corte que permite un recorte m\u00e1s completo del cuerpo de la cara y de las patillas. Equipado con pinzas para obtener diferentes longitudes de peinado. Equipado con un cable USB, puede realizar la carga en cualquier lugar con un puerto USB. La pantalla digital LED puede conocer claramente el uso de energ\u00eda, por lo que puede cargar el cortapelos de manera oportuna. Cortadora de cabello profesional dsp, un juego de cortadora de cabello que le permite lograr un corte de cabello profesional en casa.<\/p>\n<p><strong>Cabezal cortador de seguridad tipo T:<\/strong><\/p>\n<p>El dise\u00f1o del borde en forma de R no frotar\u00e1 ni da\u00f1ar\u00e1 la piel, y el cabezal cortador en forma de T se puede usar para tallar cabezales con aceite y recortar patillas, y el cabello no quedar\u00e1 atrapado cuando el recorte es minucioso.<\/p>\n<p><strong>Adecuado para varios peinados: <\/strong><\/p>\n<p>Esta recortadora inal\u00e1mbrica para hombres tiene 3 peines de l\u00edmite (1 mm, 2 mm, 3 mm) para usar juntos, puede peinar cualquier longitud de cabello y la cuchilla afilada en forma de T de la cortadora de barba tambi\u00e9n puede tallar el cabello. Detalles y afeitado.<\/p>\n<p><strong>Bater\u00eda liviana y de larga duraci\u00f3n:<\/strong><\/p>\n<p>Esta recortadora para hombres pesa solo 0,33 lb, con 2,5 horas de carga r\u00e1pida y 240 minutos de duraci\u00f3n de la bater\u00eda de larga duraci\u00f3n, lo que le permite sacarla f\u00e1cilmente para uso en exteriores.<\/p>\n<p><strong>Potente motor:<\/strong><\/p>\n<p>El potente motor interior permite que el cortapelos para hombres profesionales tenga una alta velocidad de 7000 rpm, logrando un corte limpio en poco tiempo y creando una apariencia satisfactoria.<\/p>\n<p><span>Adem\u00e1s, es conveniente utilizar una recortadora con un accesorio instalado para acortar el cabello, especialmente la barba.<\/span><\/p>\n<p><span>Este modelo de recortadora tiene dimensiones compactas, dise\u00f1o ergon\u00f3mico, peso ligero, se adapta c\u00f3modamente a la mano y est\u00e1 equipado con una bater\u00eda de alta capacidad con modo de carga r\u00e1pida: 2,5 horas de carga &#8211; 240 minutos de funcionamiento inal\u00e1mbrico.<\/span><\/p>\n<p><span>Esta recortadora est\u00e1 equipada con una pantalla LCD y, utilizando las teclas + y -, la posibilidad de seleccionar la velocidad actual del motor (5500-6000-6500-7000RPM).<\/span><\/p>\n<p><strong>El recortador DSP es indispensable si:<\/strong><\/p>\n<ul>\n<li><span>Es necesario hacer un borde preciso en el corte de pelo.<\/span><\/li>\n<li><span>Haz un dise\u00f1o complejo en tu cabello, como ahora est\u00e1 de moda.<\/span><\/li>\n<li><span>dar la forma y longitud deseada al vello facial<\/span><\/li>\n<li><span>Marca la l\u00ednea exacta del bigote y la l\u00ednea recta de la barba.<\/span><\/li>\n<\/ul>\n<p><strong>Equipo :<\/strong><\/p>\n<ul>\n<li><span>recortadora de bordes<\/span><\/li>\n<li><span>Accesorios para corte de pelo de 1, 2, 3 mm de largo<\/span><\/li>\n<li><span>Aceite y cepillo para el cuidado de las cuchillas.<\/span><\/li>\n<li><span>Cable de alimentaci\u00f3n para cargar<\/span><\/li>\n<li><span>cable USB<\/span><\/li>\n<\/ul>\n","protected":false},"excerpt":{"rendered":"<p>90286 El juego de tijeras de corte de pelo DSP de 8 piezas est\u00e1 equipado con un cortador de pelo,<\/p>\n","protected":false},"featured_media":52044,"comment_status":"open","ping_status":"closed","template":"","meta":{"nf_dc_page":""},"product_brand":[],"product_cat":[77],"product_tag":[],"class_list":{"0":"post-42196","1":"product","2":"type-product","3":"status-publish","4":"has-post-thumbnail","6":"product_cat-accesorios-masc","8":"first","9":"instock","10":"shipping-taxable","11":"purchasable","12":"product-type-simple"},"_links":{"self":[{"href":"https:\/\/brandss.com.py\/index\/wp-json\/wp\/v2\/product\/42196","targetHints":{"allow":["GET"]}}],"collection":[{"href":"https:\/\/brandss.com.py\/index\/wp-json\/wp\/v2\/product"}],"about":[{"href":"https:\/\/brandss.com.py\/index\/wp-json\/wp\/v2\/types\/product"}],"replies":[{"embeddable":true,"href":"https:\/\/brandss.com.py\/index\/wp-json\/wp\/v2\/comments?post=42196"}],"version-history":[{"count":2,"href":"https:\/\/brandss.com.py\/index\/wp-json\/wp\/v2\/product\/42196\/revisions"}],"predecessor-version":[{"id":52059,"href":"https:\/\/brandss.com.py\/index\/wp-json\/wp\/v2\/product\/42196\/revisions\/52059"}],"wp:featuredmedia":[{"embeddable":true,"href":"https:\/\/brandss.com.py\/index\/wp-json\/wp\/v2\/media\/52044"}],"wp:attachment":[{"href":"https:\/\/brandss.com.py\/index\/wp-json\/wp\/v2\/media?parent=42196"}],"wp:term":[{"taxonomy":"product_brand","embeddable":true,"href":"https:\/\/brandss.com.py\/index\/wp-json\/wp\/v2\/product_brand?post=42196"},{"taxonomy":"product_cat","embeddable":true,"href":"https:\/\/brandss.com.py\/index\/wp-json\/wp\/v2\/product_cat?post=42196"},{"taxonomy":"product_tag","embeddable":true,"href":"https:\/\/brandss.com.py\/index\/wp-json\/wp\/v2\/product_tag?post=42196"}],"curies":[{"name":"wp","href":"https:\/\/api.w.org\/{rel}","templated":true}]}}