{"id":42201,"date":"2024-05-23T16:41:29","date_gmt":"2024-05-23T16:41:29","guid":{"rendered":"https:\/\/brandss.com.py\/index\/producto\/dsp-clipper\/"},"modified":"2025-04-24T10:31:08","modified_gmt":"2025-04-24T10:31:08","slug":"dsp-clipper","status":"publish","type":"product","link":"https:\/\/brandss.com.py\/index\/producto\/dsp-clipper\/","title":{"rendered":"CORTA PELO DSP INAL\u00c1MBRICO CON PANTALLA"},"content":{"rendered":"<p><img loading=\"lazy\" decoding=\"async\" class=\"\" src=\"https:\/\/api.patentes-y-marcas.com\/uploads\/BOPIBrand_imagen\/dsp-a016000127.jpg\" alt=\"dsp - Informaci\u00f3n sobre la marca\" width=\"137\" height=\"57\" \/><\/p>\n<h1 class=\"h2 bold ng-star-inserted\"><span>90358<\/span><\/h1>\n<p><span>El cortapelos DSP-90358 le permite realizar cortes de pelo elegantes y de alta calidad en casa. El cuerpo ligero del dispositivo y la forma ergon\u00f3mica del mango garantizan un uso c\u00f3modo. Las cuchillas de la m\u00e1quina est\u00e1n fabricadas en acero inoxidable de alta calidad. La m\u00e1quina est\u00e1 equipada con una bater\u00eda de iones de litio. El tiempo de funcionamiento con la bater\u00eda completamente cargada es de 90 minutos. Se necesitar\u00e1n 2 horas para cargar completamente la bater\u00eda. Tambi\u00e9n hay una pantalla digital.<\/span><\/p>\n<p><strong><span>Peculiaridades:<\/span><\/strong><\/p>\n<ul>\n<li><span>Bater\u00eda de iones de litio con una capacidad de 600 mAh;<\/span><\/li>\n<li><span>Pantalla digital;<\/span><\/li>\n<li><span>Cuerpo liviano del dispositivo y forma de mango ergon\u00f3mica;<\/span><\/li>\n<li><span>Carga mediante cable USB.<\/span><\/li>\n<\/ul>\n<p><strong><\/p>\n<p><span>Caracter\u00edsticas:<\/span><\/strong><\/p>\n<ul>\n<li><span>Tipo: cortapelos;<\/span><\/li>\n<li><span>Marca: DSP;<\/span><\/li>\n<li><span>Pais de origen: China;<\/span><\/li>\n<li><span>Material: pl\u00e1stico ABS + cuchillo de acero inoxidable;<\/span><\/li>\n<li><span>Bater\u00eda: 600 mAh;<\/span><\/li>\n<li><span>Pantalla digital;<\/span><\/li>\n<li><span>Tiempo de carga: 2 horas;<\/span><\/li>\n<li><span>Tiempo de trabajo: 90 minutos.<\/span><\/li>\n<\/ul>\n<p><strong><\/p>\n<p><span>Equipo:<\/span><\/strong><\/p>\n<ul>\n<li><span>cortapelos DSP;<\/span><\/li>\n<li><span>La boquilla es ajustable;<\/span><\/li>\n<li><span>Cepillo de limpieza;<\/span><\/li>\n<li><span>Aceite para lubricar la m\u00e1quina;<\/span><\/li>\n<li><span>Cable USB;<\/span><\/li>\n<li><span>Paquete.<\/span><\/li>\n<\/ul>\n","protected":false},"excerpt":{"rendered":"<p>90358 El cortapelos DSP-90358 le permite realizar cortes de pelo elegantes y de alta calidad en casa. El cuerpo ligero<\/p>\n","protected":false},"featured_media":52017,"comment_status":"open","ping_status":"closed","template":"","meta":{"nf_dc_page":""},"product_brand":[],"product_cat":[77],"product_tag":[],"class_list":{"0":"post-42201","1":"product","2":"type-product","3":"status-publish","4":"has-post-thumbnail","6":"product_cat-accesorios-masc","8":"first","9":"instock","10":"shipping-taxable","11":"purchasable","12":"product-type-simple"},"_links":{"self":[{"href":"https:\/\/brandss.com.py\/index\/wp-json\/wp\/v2\/product\/42201","targetHints":{"allow":["GET"]}}],"collection":[{"href":"https:\/\/brandss.com.py\/index\/wp-json\/wp\/v2\/product"}],"about":[{"href":"https:\/\/brandss.com.py\/index\/wp-json\/wp\/v2\/types\/product"}],"replies":[{"embeddable":true,"href":"https:\/\/brandss.com.py\/index\/wp-json\/wp\/v2\/comments?post=42201"}],"version-history":[{"count":2,"href":"https:\/\/brandss.com.py\/index\/wp-json\/wp\/v2\/product\/42201\/revisions"}],"predecessor-version":[{"id":52023,"href":"https:\/\/brandss.com.py\/index\/wp-json\/wp\/v2\/product\/42201\/revisions\/52023"}],"wp:featuredmedia":[{"embeddable":true,"href":"https:\/\/brandss.com.py\/index\/wp-json\/wp\/v2\/media\/52017"}],"wp:attachment":[{"href":"https:\/\/brandss.com.py\/index\/wp-json\/wp\/v2\/media?parent=42201"}],"wp:term":[{"taxonomy":"product_brand","embeddable":true,"href":"https:\/\/brandss.com.py\/index\/wp-json\/wp\/v2\/product_brand?post=42201"},{"taxonomy":"product_cat","embeddable":true,"href":"https:\/\/brandss.com.py\/index\/wp-json\/wp\/v2\/product_cat?post=42201"},{"taxonomy":"product_tag","embeddable":true,"href":"https:\/\/brandss.com.py\/index\/wp-json\/wp\/v2\/product_tag?post=42201"}],"curies":[{"name":"wp","href":"https:\/\/api.w.org\/{rel}","templated":true}]}}