{"id":42220,"date":"2024-05-23T16:41:39","date_gmt":"2024-05-23T16:41:39","guid":{"rendered":"https:\/\/brandss.com.py\/index\/producto\/dsp-coffe-spice-grinder-200w\/"},"modified":"2025-03-27T16:12:39","modified_gmt":"2025-03-27T16:12:39","slug":"dsp-coffe-spice-grinder-200w","status":"publish","type":"product","link":"https:\/\/brandss.com.py\/index\/producto\/dsp-coffe-spice-grinder-200w\/","title":{"rendered":"MOLINILLO DSP EL\u00c9CTRICO DE CAF\u00c9 Y ESPECIAS 200W"},"content":{"rendered":"<p><img loading=\"lazy\" decoding=\"async\" class=\"\" src=\"https:\/\/api.patentes-y-marcas.com\/uploads\/BOPIBrand_imagen\/dsp-a016000127.jpg\" alt=\"dsp - Informaci\u00f3n sobre la marca\" width=\"168\" height=\"70\" \/><\/p>\n<h1>KA3002<\/h1>\n<p><span>El molinillo de caf\u00e9 el\u00e9ctrico compacto DSP KA3002A no ocupa mucho espacio en la cocina y es perfecto para cualquier interior.<\/span><br \/>\n<span>Un cuchillo de acero afilado podr\u00e1 moler los granos de caf\u00e9 en cuesti\u00f3n de minutos y le permitir\u00e1 preparar una bebida sabrosa y tonificante para dos personas a la vez.<\/span><br \/>\n<span>Una excelente opci\u00f3n para todos los amantes del caf\u00e9 y simplemente amantes de esta popular bebida.<\/span><br \/>\n<span>El dispositivo est\u00e1 equipado con una tapa transparente que le permite controlar completamente el proceso de cocci\u00f3n.<\/span><br \/>\n<span>Funciona con fuente de alimentaci\u00f3n de 220 voltios.<\/span><\/p>\n<h3><span>Caracter\u00edsticas:<\/span><\/h3>\n<ul>\n<li><span>Fuente de alimentaci\u00f3n: voltaje CA 220-240 V, 200 W<\/span><\/li>\n<li><span>Interruptor de control: Pulsador<\/span><\/li>\n<li><span>Productividad: 50 gramos<\/span><\/li>\n<li><span>Marca: DSP<\/span><\/li>\n<li><span>Potencia (W): 200<\/span><\/li>\n<li><span>N\u00famero de modelo: KA3002<\/span><\/li>\n<li><span>Fuente de energ\u00eda: el\u00e9ctrica<\/span><\/li>\n<li><span>Certificaci\u00f3n:CB,CE<\/span><\/li>\n<li><span>Voltaje (V): 220-240V<\/span><\/li>\n<li><span>Tipo: Molinillo de paletas<\/span><\/li>\n<\/ul>\n<p><strong>Equipo:<\/strong><\/p>\n<ul>\n<li><span>Molinillo de caf\u00e9 el\u00e9ctrico DSP KA3002;<\/span><\/li>\n<li><span>Instrucciones;<\/span><\/li>\n<li><span>Embalaje de f\u00e1brica.<\/span><\/li>\n<\/ul>\n","protected":false},"excerpt":{"rendered":"<p>KA3002 El molinillo de caf\u00e9 el\u00e9ctrico compacto DSP KA3002A no ocupa mucho espacio en la cocina y es perfecto para<\/p>\n","protected":false},"featured_media":51964,"comment_status":"open","ping_status":"closed","template":"","meta":{"nf_dc_page":""},"product_brand":[],"product_cat":[83],"product_tag":[],"class_list":{"0":"post-42220","1":"product","2":"type-product","3":"status-publish","4":"has-post-thumbnail","6":"product_cat-hogar","8":"first","9":"instock","10":"shipping-taxable","11":"purchasable","12":"product-type-simple"},"_links":{"self":[{"href":"https:\/\/brandss.com.py\/index\/wp-json\/wp\/v2\/product\/42220","targetHints":{"allow":["GET"]}}],"collection":[{"href":"https:\/\/brandss.com.py\/index\/wp-json\/wp\/v2\/product"}],"about":[{"href":"https:\/\/brandss.com.py\/index\/wp-json\/wp\/v2\/types\/product"}],"replies":[{"embeddable":true,"href":"https:\/\/brandss.com.py\/index\/wp-json\/wp\/v2\/comments?post=42220"}],"version-history":[{"count":2,"href":"https:\/\/brandss.com.py\/index\/wp-json\/wp\/v2\/product\/42220\/revisions"}],"predecessor-version":[{"id":51969,"href":"https:\/\/brandss.com.py\/index\/wp-json\/wp\/v2\/product\/42220\/revisions\/51969"}],"wp:featuredmedia":[{"embeddable":true,"href":"https:\/\/brandss.com.py\/index\/wp-json\/wp\/v2\/media\/51964"}],"wp:attachment":[{"href":"https:\/\/brandss.com.py\/index\/wp-json\/wp\/v2\/media?parent=42220"}],"wp:term":[{"taxonomy":"product_brand","embeddable":true,"href":"https:\/\/brandss.com.py\/index\/wp-json\/wp\/v2\/product_brand?post=42220"},{"taxonomy":"product_cat","embeddable":true,"href":"https:\/\/brandss.com.py\/index\/wp-json\/wp\/v2\/product_cat?post=42220"},{"taxonomy":"product_tag","embeddable":true,"href":"https:\/\/brandss.com.py\/index\/wp-json\/wp\/v2\/product_tag?post=42220"}],"curies":[{"name":"wp","href":"https:\/\/api.w.org\/{rel}","templated":true}]}}