{"id":42223,"date":"2024-05-23T16:41:40","date_gmt":"2024-05-23T16:41:40","guid":{"rendered":"https:\/\/brandss.com.py\/index\/producto\/dsp-professional-hair-clipper-12w\/"},"modified":"2025-01-14T12:27:00","modified_gmt":"2025-01-14T12:27:00","slug":"dsp-professional-hair-clipper-12w","status":"publish","type":"product","link":"https:\/\/brandss.com.py\/index\/producto\/dsp-professional-hair-clipper-12w\/","title":{"rendered":"CORTA PELO DSP PROFESIONAL 12W"},"content":{"rendered":"<p><img loading=\"lazy\" decoding=\"async\" class=\"\" src=\"https:\/\/api.patentes-y-marcas.com\/uploads\/BOPIBrand_imagen\/dsp-a016000127.jpg\" alt=\"dsp - Informaci\u00f3n sobre la marca\" width=\"144\" height=\"60\" \/><\/p>\n<h1>90032<\/h1>\n<p>&nbsp;<\/p>\n<p>Cortapelos DSP F-90032 La hoja de este cortapelos est\u00e1 fabricada en acero especial de alta calidad. Por tanto, es muy resistente al desgaste y al \u00f3xido. M\u00e1quina de afeitar de acero inoxidable de alta calidad. Cuenta con una cuchilla dise\u00f1ada para un corte preciso y eficiente, adem\u00e1s de un potente motor con varios peines diferentes que se adaptan a la longitud requerida.<\/p>\n<p><strong>Caracter\u00edsticas:<\/strong><\/p>\n<ul>\n<li>Dise\u00f1o elegante<\/li>\n<li>Compacidad<\/li>\n<li>Hoja de acero de alta calidad.<\/li>\n<li>Fabricante: DSP<\/li>\n<li>Tipo de dispositivo: cortadora universal<\/li>\n<li>pais de origen: China<\/li>\n<li>Estado: Nuevo<\/li>\n<li>Tensi\u00f3n nominal: 220-240V 50\/60Hz<\/li>\n<li>Tama\u00f1o: 4,5 cm * 19cm<\/li>\n<li>Material: acero inoxidable y ABS<\/li>\n<li>Potencia: 12W<strong>Equipo:<\/strong>\n<ul>\n<li>Broche del pelo;<\/li>\n<li>4 boquillas;<\/li>\n<li>Cepillo de limpieza;<\/li>\n<li>Aceite;<\/li>\n<li>Peine;<\/li>\n<li>Tijeras.<\/li>\n<\/ul>\n<\/li>\n<\/ul>\n","protected":false},"excerpt":{"rendered":"<p>90032 &nbsp; Cortapelos DSP F-90032 La hoja de este cortapelos est\u00e1 fabricada en acero especial de alta calidad. Por tanto,<\/p>\n","protected":false},"featured_media":51941,"comment_status":"open","ping_status":"closed","template":"","meta":{"nf_dc_page":""},"product_brand":[],"product_cat":[77],"product_tag":[],"class_list":{"0":"post-42223","1":"product","2":"type-product","3":"status-publish","4":"has-post-thumbnail","6":"product_cat-accesorios-masc","8":"first","9":"instock","10":"shipping-taxable","11":"purchasable","12":"product-type-simple"},"_links":{"self":[{"href":"https:\/\/brandss.com.py\/index\/wp-json\/wp\/v2\/product\/42223","targetHints":{"allow":["GET"]}}],"collection":[{"href":"https:\/\/brandss.com.py\/index\/wp-json\/wp\/v2\/product"}],"about":[{"href":"https:\/\/brandss.com.py\/index\/wp-json\/wp\/v2\/types\/product"}],"replies":[{"embeddable":true,"href":"https:\/\/brandss.com.py\/index\/wp-json\/wp\/v2\/comments?post=42223"}],"version-history":[{"count":3,"href":"https:\/\/brandss.com.py\/index\/wp-json\/wp\/v2\/product\/42223\/revisions"}],"predecessor-version":[{"id":51949,"href":"https:\/\/brandss.com.py\/index\/wp-json\/wp\/v2\/product\/42223\/revisions\/51949"}],"wp:featuredmedia":[{"embeddable":true,"href":"https:\/\/brandss.com.py\/index\/wp-json\/wp\/v2\/media\/51941"}],"wp:attachment":[{"href":"https:\/\/brandss.com.py\/index\/wp-json\/wp\/v2\/media?parent=42223"}],"wp:term":[{"taxonomy":"product_brand","embeddable":true,"href":"https:\/\/brandss.com.py\/index\/wp-json\/wp\/v2\/product_brand?post=42223"},{"taxonomy":"product_cat","embeddable":true,"href":"https:\/\/brandss.com.py\/index\/wp-json\/wp\/v2\/product_cat?post=42223"},{"taxonomy":"product_tag","embeddable":true,"href":"https:\/\/brandss.com.py\/index\/wp-json\/wp\/v2\/product_tag?post=42223"}],"curies":[{"name":"wp","href":"https:\/\/api.w.org\/{rel}","templated":true}]}}