{"id":42224,"date":"2024-05-23T16:41:40","date_gmt":"2024-05-23T16:41:40","guid":{"rendered":"https:\/\/brandss.com.py\/index\/producto\/dsp-3-1-recargable-nose-trimmer-3w\/"},"modified":"2024-12-19T18:09:06","modified_gmt":"2024-12-19T18:09:06","slug":"dsp-3-1-recargable-nose-trimmer-3w","status":"publish","type":"product","link":"https:\/\/brandss.com.py\/index\/producto\/dsp-3-1-recargable-nose-trimmer-3w\/","title":{"rendered":"RECORTADOR DSP 3-1 RECARGABLE 3W"},"content":{"rendered":"<p><img loading=\"lazy\" decoding=\"async\" class=\"\" src=\"https:\/\/api.patentes-y-marcas.com\/uploads\/BOPIBrand_imagen\/dsp-a016000127.jpg\" alt=\"dsp - Informaci\u00f3n sobre la marca\" width=\"139\" height=\"58\" \/><\/p>\n<h1>40002<\/h1>\n<p>&nbsp;<\/p>\n<p><span>El recortador DSPF-40002 est\u00e1 dise\u00f1ado para eliminar suavemente el vello no deseado en la nariz y las orejas, recortar las cejas y las sienes. El c\u00f3modo cabezal garantiza un recorte r\u00e1pido, f\u00e1cil y c\u00f3modo sin molestias.<\/span><\/p>\n<p><span>La recortadora dispone de un avanzado sistema de protecci\u00f3n contra cortes y tirones de pelo. Gracias a las tecnolog\u00edas modernas, el elemento de corte est\u00e1 protegido por una malla especial ultrafina con puntas redondeadas que previenen la irritaci\u00f3n de la piel. El \u00e1ngulo \u00f3ptimo del recortador facilita el corte del vello de las orejas y la nariz; puede estar seguro de la eficacia de la eliminaci\u00f3n del vello no deseado. Las ranuras de precisi\u00f3n en las cuchillas fijas y giratorias garantizan un corte de pelo r\u00e1pido y eficiente.<\/span><\/p>\n<div class=\"tt-collapse-title\"><strong>DETALLES:<\/strong><\/div>\n<div class=\"tt-collapse-content\">\n<ul>\n<li><span>DSP Professional Recortador de Nariz\/O\u00eddo 3 en 1 Recargable, Recortador de Quemaduras Laterales, Recortador de Cejas, Cuchilla Giratoria de Alta Velocidad, 3w (Negro)<\/span><\/li>\n<li><span>Juego de recortador 3 en 1: recortador de nariz\/orejas, recortador de quemaduras laterales, recortador de cejas<\/span><\/li>\n<li><span>Cabezal de cuchilla Vibrissa: el cabezal de cuchilla Vibrissa se puede desmontar y la cuchilla de punta de herramienta se puede quitar y reemplazar. El cabezal est\u00e9reo no da\u00f1a la cavidad nasal, es f\u00e1cil de manipular y empuja suavemente al caballo afeitado en perfecta forma.<\/span><\/li>\n<li><span>Cuchilla giratoria: el movimiento circular de alta velocidad del cabezal de corte facilita la eliminaci\u00f3n de protuberancias duras, el ruido es relativamente ligero y la vibraci\u00f3n es relativamente peque\u00f1a.<\/span><\/li>\n<li><span>Cabezal lavable: Para mantener la higiene y evitar que los peque\u00f1os pelos obstruyan las cuchillas, enju\u00e1galo con agua despu\u00e9s de cada uso. Esta recortadora le permite mantenerla bajo el chorro de agua, sin causar ning\u00fan da\u00f1o a su cuerpo.<\/span><\/li>\n<li><span>Material ABS respetuoso con el medio ambiente: el material ABS tiene alto brillo, ductilidad a baja temperatura y resistencia al impacto, as\u00ed como una fuerte resistencia al desgaste.<\/span><\/li>\n<\/ul>\n<\/div>\n<p><b><span>Caracter\u00edsticas:<\/span><\/b><\/p>\n<ul>\n<li><span>Energ\u00eda: bater\u00eda incorporada<\/span><\/li>\n<li><span>Boquillas: 3<\/span><\/li>\n<li><span>Tipos de accesorios: para nariz y orejas, para cejas, para sienes<\/span><\/li>\n<li><span>Cepillo de limpieza<\/span><\/li>\n<li><span>Carga: desde red 220V<\/span><\/li>\n<li><span>Tiempo de carga: 10-12 horas<\/span><\/li>\n<li><span>Material: pl\u00e1stico, acero inoxidable<\/span><\/li>\n<li><span>De color negro<\/span><\/li>\n<\/ul>\n","protected":false},"excerpt":{"rendered":"<p>40002 &nbsp; El recortador DSPF-40002 est\u00e1 dise\u00f1ado para eliminar suavemente el vello no deseado en la nariz y las orejas,<\/p>\n","protected":false},"featured_media":51951,"comment_status":"open","ping_status":"closed","template":"","meta":{"nf_dc_page":""},"product_brand":[],"product_cat":[77],"product_tag":[],"class_list":{"0":"post-42224","1":"product","2":"type-product","3":"status-publish","4":"has-post-thumbnail","6":"product_cat-accesorios-masc","8":"first","9":"instock","10":"shipping-taxable","11":"purchasable","12":"product-type-simple"},"_links":{"self":[{"href":"https:\/\/brandss.com.py\/index\/wp-json\/wp\/v2\/product\/42224","targetHints":{"allow":["GET"]}}],"collection":[{"href":"https:\/\/brandss.com.py\/index\/wp-json\/wp\/v2\/product"}],"about":[{"href":"https:\/\/brandss.com.py\/index\/wp-json\/wp\/v2\/types\/product"}],"replies":[{"embeddable":true,"href":"https:\/\/brandss.com.py\/index\/wp-json\/wp\/v2\/comments?post=42224"}],"version-history":[{"count":2,"href":"https:\/\/brandss.com.py\/index\/wp-json\/wp\/v2\/product\/42224\/revisions"}],"predecessor-version":[{"id":51962,"href":"https:\/\/brandss.com.py\/index\/wp-json\/wp\/v2\/product\/42224\/revisions\/51962"}],"wp:featuredmedia":[{"embeddable":true,"href":"https:\/\/brandss.com.py\/index\/wp-json\/wp\/v2\/media\/51951"}],"wp:attachment":[{"href":"https:\/\/brandss.com.py\/index\/wp-json\/wp\/v2\/media?parent=42224"}],"wp:term":[{"taxonomy":"product_brand","embeddable":true,"href":"https:\/\/brandss.com.py\/index\/wp-json\/wp\/v2\/product_brand?post=42224"},{"taxonomy":"product_cat","embeddable":true,"href":"https:\/\/brandss.com.py\/index\/wp-json\/wp\/v2\/product_cat?post=42224"},{"taxonomy":"product_tag","embeddable":true,"href":"https:\/\/brandss.com.py\/index\/wp-json\/wp\/v2\/product_tag?post=42224"}],"curies":[{"name":"wp","href":"https:\/\/api.w.org\/{rel}","templated":true}]}}