{"id":42225,"date":"2024-05-23T16:41:41","date_gmt":"2024-05-23T16:41:41","guid":{"rendered":"https:\/\/brandss.com.py\/index\/producto\/dsp-professional-ladys-shaver-7w\/"},"modified":"2024-12-20T19:11:00","modified_gmt":"2024-12-20T19:11:00","slug":"dsp-professional-ladys-shaver-7w","status":"publish","type":"product","link":"https:\/\/brandss.com.py\/index\/producto\/dsp-professional-ladys-shaver-7w\/","title":{"rendered":"AFEITADORA DSP EL\u00c9CTRICA PROFESIONAL 3 EN 1 7W"},"content":{"rendered":"<p><img loading=\"lazy\" decoding=\"async\" class=\"\" src=\"https:\/\/api.patentes-y-marcas.com\/uploads\/BOPIBrand_imagen\/dsp-a016000127.jpg\" alt=\"dsp - Informaci\u00f3n sobre la marca\" width=\"151\" height=\"63\" \/><\/p>\n<h1>80011<\/h1>\n<p>Depiladora dom\u00e9stica para mujer con pinzas recargable 3 en 1 DSP 7W (80011)<span>\u00a0\u00a0&#8211; Elimina eficazmente el vello no deseado desde la ra\u00edz sin dejar residuos y deja la piel m\u00e1s suave. Afeita de forma segura y eficaz el vello no deseado, haci\u00e9ndote m\u00e1s segura y sexy. Elimina los callos de tus pies y haz que tus pies se sientan m\u00e1s suaves y radiantes.<\/span><\/p>\n<p><span>Es liviano y port\u00e1til para que puedas llevarlo contigo mientras viajas. Sus afiladas hojas de acero inoxidable afeitan suavemente la piel y se deslizan naturalmente a lo largo de los contornos del cuerpo. Tiene un cabezal de afeitado extra\u00edble para que puedas limpiarlo f\u00e1cilmente con un cepillo de limpieza bajo el agua.<\/span><\/p>\n<p><span>Este set de cuidado personal ser\u00e1 un maravilloso regalo para su madre, amigos, compa\u00f1eros de oficina o su mejor amiga con motivo del D\u00eda de la Madre, el d\u00eda del compromiso o el d\u00eda de la boda.<\/span><\/p>\n<ul>\n<li><b><span>Potencia: <\/span><\/b>7W<\/li>\n<li><b><span>Energ\u00eda: <\/span><\/b>Bater\u00eda<\/li>\n<li><b><span>Duraci\u00f3n de la bater\u00eda: <\/span><\/b>30 minutos<\/li>\n<li><span><strong>Tiempo de carga:<\/strong> 8 horas<\/span><\/li>\n<li><span><strong>N\u00famero de velocidades:<\/strong> 2<\/span><\/li>\n<li><span><strong>Material de las pinzas:<\/strong> Metal<\/span><\/li>\n<li><b><span>Velocidad del motor: <\/span><\/b>11000 rpm<\/li>\n<li><span><strong>Tama\u00f1o:<\/strong> 10x6cm.<\/span><\/li>\n<\/ul>\n<p><b><span>Equipo:<\/span><\/b><\/p>\n<ul>\n<li><span>Depiladora DSP<\/span><\/li>\n<li><span>Boquillas &#8211; 3 uds.<\/span><\/li>\n<li><span>Cargador<\/span><\/li>\n<li><span>Cepillo de limpieza<\/span><\/li>\n<li><span>Instrucciones<\/span><\/li>\n<li><span>Embalaje de f\u00e1brica<\/span><\/li>\n<\/ul>\n","protected":false},"excerpt":{"rendered":"<p>80011 Depiladora dom\u00e9stica para mujer con pinzas recargable 3 en 1 DSP 7W (80011)\u00a0\u00a0&#8211; Elimina eficazmente el vello no deseado<\/p>\n","protected":false},"featured_media":51908,"comment_status":"open","ping_status":"closed","template":"","meta":{"nf_dc_page":""},"product_brand":[],"product_cat":[74],"product_tag":[],"class_list":{"0":"post-42225","1":"product","2":"type-product","3":"status-publish","4":"has-post-thumbnail","6":"product_cat-accesorios-fem","8":"first","9":"instock","10":"shipping-taxable","11":"purchasable","12":"product-type-simple"},"_links":{"self":[{"href":"https:\/\/brandss.com.py\/index\/wp-json\/wp\/v2\/product\/42225","targetHints":{"allow":["GET"]}}],"collection":[{"href":"https:\/\/brandss.com.py\/index\/wp-json\/wp\/v2\/product"}],"about":[{"href":"https:\/\/brandss.com.py\/index\/wp-json\/wp\/v2\/types\/product"}],"replies":[{"embeddable":true,"href":"https:\/\/brandss.com.py\/index\/wp-json\/wp\/v2\/comments?post=42225"}],"version-history":[{"count":2,"href":"https:\/\/brandss.com.py\/index\/wp-json\/wp\/v2\/product\/42225\/revisions"}],"predecessor-version":[{"id":51915,"href":"https:\/\/brandss.com.py\/index\/wp-json\/wp\/v2\/product\/42225\/revisions\/51915"}],"wp:featuredmedia":[{"embeddable":true,"href":"https:\/\/brandss.com.py\/index\/wp-json\/wp\/v2\/media\/51908"}],"wp:attachment":[{"href":"https:\/\/brandss.com.py\/index\/wp-json\/wp\/v2\/media?parent=42225"}],"wp:term":[{"taxonomy":"product_brand","embeddable":true,"href":"https:\/\/brandss.com.py\/index\/wp-json\/wp\/v2\/product_brand?post=42225"},{"taxonomy":"product_cat","embeddable":true,"href":"https:\/\/brandss.com.py\/index\/wp-json\/wp\/v2\/product_cat?post=42225"},{"taxonomy":"product_tag","embeddable":true,"href":"https:\/\/brandss.com.py\/index\/wp-json\/wp\/v2\/product_tag?post=42225"}],"curies":[{"name":"wp","href":"https:\/\/api.w.org\/{rel}","templated":true}]}}