{"id":42233,"date":"2024-05-23T16:41:43","date_gmt":"2024-05-23T16:41:43","guid":{"rendered":"https:\/\/brandss.com.py\/index\/producto\/dsp-hair-trimmer-5w\/"},"modified":"2025-03-27T16:13:05","modified_gmt":"2025-03-27T16:13:05","slug":"dsp-hair-trimmer-5w","status":"publish","type":"product","link":"https:\/\/brandss.com.py\/index\/producto\/dsp-hair-trimmer-5w\/","title":{"rendered":"CORTA PELO DSP HAIR TRIMMER INAL\u00c1MBRICO 5W"},"content":{"rendered":"<p><img loading=\"lazy\" decoding=\"async\" class=\"\" src=\"https:\/\/api.patentes-y-marcas.com\/uploads\/BOPIBrand_imagen\/dsp-a016000127.jpg\" alt=\"dsp - Informaci\u00f3n sobre la marca\" width=\"158\" height=\"66\" \/><\/p>\n<h1>90349<\/h1>\n<p><span>El cabezal de corte curvo y de \u00e1ngulo agudo es afilado y no se atasca, y el cabello se rompe al tocarlo. F\u00e1cil de limpiar y afilado, no se oxida, 3 peines limitadores para crear f\u00e1cilmente tu propio peinado. Bater\u00eda de litio con carga r\u00e1pida en 2 horas<\/span><\/p>\n<p><span>Tiempo de uso: 1 hora. Acero inoxidable. Velocidad 6000 rpm.<\/span><\/p>\n<p><strong><span>Caracter\u00edsticas<\/span><\/strong><span>\u00a0:<\/span><\/p>\n<ul>\n<li><span>Marca: Aglomerado<\/span><\/li>\n<li><span>Potencia: 5W<\/span><\/li>\n<li><span>De color negro<\/span><\/li>\n<li><span>Corriente de voltaje: DV 220-240V 50\/60Hz<\/span><\/li>\n<li><span>Voltaje de entrada: CC 3,7 V<\/span><\/li>\n<\/ul>\n<div class=\"pro_tit\"><strong>Detalles de producto:<\/strong><\/div>\n<div><\/div>\n<div id=\"pastingspan1\"><span>Carga USB 3,7 V<\/span><\/div>\n<div id=\"pastingspan1\"><span>Potencia: 5W<\/span><\/div>\n<div id=\"pastingspan1\"><span>Bater\u00eda: iones de litio<\/span><\/div>\n<div id=\"pastingspan1\"><span>Capacidad de la bater\u00eda: 500 mAh<\/span><\/div>\n<div id=\"pastingspan1\"><span>Tiempo de carga: 2 horas<\/span><\/div>\n<div id=\"pastingspan1\"><span>Tiempo de trabajo: 60 minutos<\/span><\/div>\n<div id=\"pastingspan1\"><span>Velocidad de rotaci\u00f3n: 6400 RPM<\/span><\/div>\n<div id=\"pastingspan1\"><span>Accesorios: cable de carga USB+aceite lubricante + cepillo de limpieza + peine<\/span><\/div>\n","protected":false},"excerpt":{"rendered":"<p>90349 El cabezal de corte curvo y de \u00e1ngulo agudo es afilado y no se atasca, y el cabello se<\/p>\n","protected":false},"featured_media":51887,"comment_status":"open","ping_status":"closed","template":"","meta":{"nf_dc_page":""},"product_brand":[],"product_cat":[77],"product_tag":[],"class_list":{"0":"post-42233","1":"product","2":"type-product","3":"status-publish","4":"has-post-thumbnail","6":"product_cat-accesorios-masc","8":"first","9":"instock","10":"shipping-taxable","11":"purchasable","12":"product-type-simple"},"_links":{"self":[{"href":"https:\/\/brandss.com.py\/index\/wp-json\/wp\/v2\/product\/42233","targetHints":{"allow":["GET"]}}],"collection":[{"href":"https:\/\/brandss.com.py\/index\/wp-json\/wp\/v2\/product"}],"about":[{"href":"https:\/\/brandss.com.py\/index\/wp-json\/wp\/v2\/types\/product"}],"replies":[{"embeddable":true,"href":"https:\/\/brandss.com.py\/index\/wp-json\/wp\/v2\/comments?post=42233"}],"version-history":[{"count":2,"href":"https:\/\/brandss.com.py\/index\/wp-json\/wp\/v2\/product\/42233\/revisions"}],"predecessor-version":[{"id":51893,"href":"https:\/\/brandss.com.py\/index\/wp-json\/wp\/v2\/product\/42233\/revisions\/51893"}],"wp:featuredmedia":[{"embeddable":true,"href":"https:\/\/brandss.com.py\/index\/wp-json\/wp\/v2\/media\/51887"}],"wp:attachment":[{"href":"https:\/\/brandss.com.py\/index\/wp-json\/wp\/v2\/media?parent=42233"}],"wp:term":[{"taxonomy":"product_brand","embeddable":true,"href":"https:\/\/brandss.com.py\/index\/wp-json\/wp\/v2\/product_brand?post=42233"},{"taxonomy":"product_cat","embeddable":true,"href":"https:\/\/brandss.com.py\/index\/wp-json\/wp\/v2\/product_cat?post=42233"},{"taxonomy":"product_tag","embeddable":true,"href":"https:\/\/brandss.com.py\/index\/wp-json\/wp\/v2\/product_tag?post=42233"}],"curies":[{"name":"wp","href":"https:\/\/api.w.org\/{rel}","templated":true}]}}