{"id":42234,"date":"2024-05-23T16:41:44","date_gmt":"2024-05-23T16:41:44","guid":{"rendered":"https:\/\/brandss.com.py\/index\/producto\/professional-hair-cliper\/"},"modified":"2025-04-14T10:24:47","modified_gmt":"2025-04-14T10:24:47","slug":"professional-hair-cliper","status":"publish","type":"product","link":"https:\/\/brandss.com.py\/index\/producto\/professional-hair-cliper\/","title":{"rendered":"CORTAPELO DSP PROFESSIONAL HAIR CLIPER CON PANTALLA LED"},"content":{"rendered":"<p><img loading=\"lazy\" decoding=\"async\" class=\"\" src=\"https:\/\/api.patentes-y-marcas.com\/uploads\/BOPIBrand_imagen\/dsp-a016000127.jpg\" alt=\"dsp - Informaci\u00f3n sobre la marca\" width=\"168\" height=\"70\" \/><\/p>\n<h1 class=\"h2 bold ng-star-inserted\">90458<\/h1>\n<p>Cortadora de cabello y barba inal\u00e1mbrica y recargable con accesorios y pantalla,\u00a0dise\u00f1ada para una larga vida \u00fatil y un alto rendimiento\u00a0. Elemento de corte innovador, cuchillas de acero duraderas y peines intercambiables de 1, 2, 3 mm. para barba y cabello est\u00e1n dise\u00f1ados para proporcionar un corte r\u00e1pido y profesional, una y otra vez.<\/p>\n<p>La pantalla LED\u00a0muestra la energ\u00eda restante de la bater\u00eda durante el uso. La bater\u00eda incorporada con una duraci\u00f3n de hasta 90 minutos le permite utilizar la cortadora en cualquier lugar y en cualquier momento.<\/p>\n<p><strong>Peculiaridades:<\/strong><\/p>\n<p>&#8211; Pantalla digital<br \/>\n&#8211; Forma inusual<br \/>\n&#8211; F\u00e1cil de usar<br \/>\n&#8211; Cuchillas de acero inoxidable<\/p>\n<p><strong>Caracter\u00edsticas:<\/strong><\/p>\n<p>Potencia: 5W.<br \/>\nPantalla digital LED.<br \/>\nAlimentaci\u00f3n: Bater\u00eda.<br \/>\nMaterial de la caja: Pl\u00e1stico.<br \/>\nMaterial de la hoja: Acero.<br \/>\nDuraci\u00f3n de la bater\u00eda: 90 minutos (seg\u00fan lo indicado por el fabricante).<br \/>\nTiempo de carga: 1,5 horas.<br \/>\nCapacidad de la bater\u00eda: 600 mAh.<br \/>\nVelocidad de rotaci\u00f3n: 6500 rpm.<br \/>\nLongitud m\u00ednima de corte: 0,1 mm.<br \/>\nNo impermeable.<br \/>\nTama\u00f1o: 135x60mm.<\/p>\n<p><strong>Equipo:<\/strong><\/p>\n<ul>\n<li>cortapelos a bater\u00eda DSP 90458<\/li>\n<li>Boquillas para 1mm, 2mm, 3mm<\/li>\n<li>Cable USB tipo C<\/li>\n<li>aceite<\/li>\n<li>cepillo de limpieza<\/li>\n<li>embalaje de f\u00e1brica<\/li>\n<\/ul>\n<p>&nbsp;<\/p>\n","protected":false},"excerpt":{"rendered":"<p>90458 Cortadora de cabello y barba inal\u00e1mbrica y recargable con accesorios y pantalla,\u00a0dise\u00f1ada para una larga vida \u00fatil y un<\/p>\n","protected":false},"featured_media":51879,"comment_status":"open","ping_status":"closed","template":"","meta":{"nf_dc_page":""},"product_brand":[],"product_cat":[77],"product_tag":[],"class_list":{"0":"post-42234","1":"product","2":"type-product","3":"status-publish","4":"has-post-thumbnail","6":"product_cat-accesorios-masc","8":"first","9":"instock","10":"shipping-taxable","11":"purchasable","12":"product-type-simple"},"_links":{"self":[{"href":"https:\/\/brandss.com.py\/index\/wp-json\/wp\/v2\/product\/42234","targetHints":{"allow":["GET"]}}],"collection":[{"href":"https:\/\/brandss.com.py\/index\/wp-json\/wp\/v2\/product"}],"about":[{"href":"https:\/\/brandss.com.py\/index\/wp-json\/wp\/v2\/types\/product"}],"replies":[{"embeddable":true,"href":"https:\/\/brandss.com.py\/index\/wp-json\/wp\/v2\/comments?post=42234"}],"version-history":[{"count":4,"href":"https:\/\/brandss.com.py\/index\/wp-json\/wp\/v2\/product\/42234\/revisions"}],"predecessor-version":[{"id":51885,"href":"https:\/\/brandss.com.py\/index\/wp-json\/wp\/v2\/product\/42234\/revisions\/51885"}],"wp:featuredmedia":[{"embeddable":true,"href":"https:\/\/brandss.com.py\/index\/wp-json\/wp\/v2\/media\/51879"}],"wp:attachment":[{"href":"https:\/\/brandss.com.py\/index\/wp-json\/wp\/v2\/media?parent=42234"}],"wp:term":[{"taxonomy":"product_brand","embeddable":true,"href":"https:\/\/brandss.com.py\/index\/wp-json\/wp\/v2\/product_brand?post=42234"},{"taxonomy":"product_cat","embeddable":true,"href":"https:\/\/brandss.com.py\/index\/wp-json\/wp\/v2\/product_cat?post=42234"},{"taxonomy":"product_tag","embeddable":true,"href":"https:\/\/brandss.com.py\/index\/wp-json\/wp\/v2\/product_tag?post=42234"}],"curies":[{"name":"wp","href":"https:\/\/api.w.org\/{rel}","templated":true}]}}