{"id":42279,"date":"2024-05-23T16:42:02","date_gmt":"2024-05-23T16:42:02","guid":{"rendered":"https:\/\/brandss.com.py\/index\/producto\/dsp-laser-hair-removal-36w\/"},"modified":"2025-04-24T10:30:39","modified_gmt":"2025-04-24T10:30:39","slug":"dsp-laser-hair-removal-36w","status":"publish","type":"product","link":"https:\/\/brandss.com.py\/index\/producto\/dsp-laser-hair-removal-36w\/","title":{"rendered":"DEPILADORA DSP LASER HAIR REMOVAL 36W"},"content":{"rendered":"<p><img loading=\"lazy\" decoding=\"async\" class=\"\" src=\"https:\/\/api.patentes-y-marcas.com\/uploads\/BOPIBrand_imagen\/dsp-a016000127.jpg\" alt=\"dsp - Informaci\u00f3n sobre la marca\" width=\"144\" height=\"60\" \/><\/p>\n<h1 class=\"product-name-h1 h1\"><span>70152<\/span><\/h1>\n<p>Sistema de depilaci\u00f3n SAFE: el dispositivo utiliza una innovadora tecnolog\u00eda basada en luz derivada de la tecnolog\u00eda utilizada en los salones de belleza profesionales. Se ha demostrado que la depilaci\u00f3n es un m\u00e9todo de depilaci\u00f3n suave, de alta seguridad, sin efectos secundarios y sin dolor.<\/p>\n<p><strong>PRINCIPIO DE FUNCIONAMIENTO:<\/strong><\/p>\n<p>El dispositivo de depilaci\u00f3n utiliza la \u00faltima tecnolog\u00eda aplicada en sistemas de depilaci\u00f3n. Los resultados cl\u00ednicos demostraron que la m\u00e1quina de depilaci\u00f3n es segura, suave, eficaz y sin efectos secundarios. La depilaci\u00f3n penetra en la dermis y es absorbida por la melanina en el fol\u00edculo piloso, produciendo un efecto fotot\u00e9rmico, conduciendo la energ\u00eda desde la secci\u00f3n del cabello hasta la ra\u00edz del cabello, elevando r\u00e1pidamente la temperatura de la melanina y descomponi\u00e9ndola. Depilaci\u00f3n r\u00e1pida y eficaz: la tecnolog\u00eda reemplaza los m\u00e9todos tradicionales de depilaci\u00f3n; el vello se redujo en m\u00e1s del 75 % despu\u00e9s de 8 semanas. Y el cabello se vuelve significativamente menos y m\u00e1s delgado en 12 semanas de tratamiento. Se puede inhibir el 90% del crecimiento del cabello y la piel se vuelve suave despu\u00e9s de 16 semanas. Y despu\u00e9s de 20 semanas, no es necesario realizar un tratamiento regular, simplemente decir adi\u00f3s a la ca\u00edda repetida del cabello. Depilaci\u00f3n permanente y de todo el cuerpo: disponible para eliminar el vello de la cara (labio superior, ment\u00f3n) y partes del cuerpo, incluidas las piernas, el \u00e1rea del bikini, el abdomen, los brazos y las axilas. El dispositivo de depilaci\u00f3n funciona eficazmente en cabello rubio oscuro, casta\u00f1o y negro natural y en tonos de piel blancos, marfil, beige y casta\u00f1o claro.<\/p>\n<p><strong>ESPECIFICACIONES:<\/strong><\/p>\n<p><strong>Modelo:<\/strong> 70152A<\/p>\n<p><strong>Marca:<\/strong> DSP<\/p>\n<p><strong>Entrada:<\/strong> AC110-240V~50\/60Hz<\/p>\n<p><strong>Salida:<\/strong> DC 24V 1.5A<\/p>\n<p><strong>Potencia:<\/strong> &lt;36W<\/p>\n<p><strong>Pantalla LCD:<\/strong> depilaci\u00f3n, rejuvenecimiento de la piel, n\u00famero de restos, nivel de intensidad de la luz (1-5 niveles)<\/p>\n<p><strong>Entorno operativo :<\/strong> -20 ~ 60\u00b0c<\/p>\n<p><strong>Vida \u00fatil:<\/strong> 300.000 veces<\/p>\n<p>Conecta y reproduce<\/p>\n<p>&nbsp;<\/p>\n","protected":false},"excerpt":{"rendered":"<p>70152 Sistema de depilaci\u00f3n SAFE: el dispositivo utiliza una innovadora tecnolog\u00eda basada en luz derivada de la tecnolog\u00eda utilizada en<\/p>\n","protected":false},"featured_media":51872,"comment_status":"open","ping_status":"closed","template":"","meta":{"nf_dc_page":""},"product_brand":[],"product_cat":[74],"product_tag":[],"class_list":{"0":"post-42279","1":"product","2":"type-product","3":"status-publish","4":"has-post-thumbnail","6":"product_cat-accesorios-fem","8":"first","9":"instock","10":"shipping-taxable","11":"purchasable","12":"product-type-simple"},"_links":{"self":[{"href":"https:\/\/brandss.com.py\/index\/wp-json\/wp\/v2\/product\/42279","targetHints":{"allow":["GET"]}}],"collection":[{"href":"https:\/\/brandss.com.py\/index\/wp-json\/wp\/v2\/product"}],"about":[{"href":"https:\/\/brandss.com.py\/index\/wp-json\/wp\/v2\/types\/product"}],"replies":[{"embeddable":true,"href":"https:\/\/brandss.com.py\/index\/wp-json\/wp\/v2\/comments?post=42279"}],"version-history":[{"count":2,"href":"https:\/\/brandss.com.py\/index\/wp-json\/wp\/v2\/product\/42279\/revisions"}],"predecessor-version":[{"id":51877,"href":"https:\/\/brandss.com.py\/index\/wp-json\/wp\/v2\/product\/42279\/revisions\/51877"}],"wp:featuredmedia":[{"embeddable":true,"href":"https:\/\/brandss.com.py\/index\/wp-json\/wp\/v2\/media\/51872"}],"wp:attachment":[{"href":"https:\/\/brandss.com.py\/index\/wp-json\/wp\/v2\/media?parent=42279"}],"wp:term":[{"taxonomy":"product_brand","embeddable":true,"href":"https:\/\/brandss.com.py\/index\/wp-json\/wp\/v2\/product_brand?post=42279"},{"taxonomy":"product_cat","embeddable":true,"href":"https:\/\/brandss.com.py\/index\/wp-json\/wp\/v2\/product_cat?post=42279"},{"taxonomy":"product_tag","embeddable":true,"href":"https:\/\/brandss.com.py\/index\/wp-json\/wp\/v2\/product_tag?post=42279"}],"curies":[{"name":"wp","href":"https:\/\/api.w.org\/{rel}","templated":true}]}}