{"id":42280,"date":"2024-05-23T16:42:02","date_gmt":"2024-05-23T16:42:02","guid":{"rendered":"https:\/\/brandss.com.py\/index\/producto\/dsp-hair-curler-3-1\/"},"modified":"2025-04-24T10:30:39","modified_gmt":"2025-04-24T10:30:39","slug":"dsp-hair-curler-3-1","status":"publish","type":"product","link":"https:\/\/brandss.com.py\/index\/producto\/dsp-hair-curler-3-1\/","title":{"rendered":"PEINADOR DSP HAIR CURLER 3 EN1"},"content":{"rendered":"<p><img loading=\"lazy\" decoding=\"async\" class=\"\" src=\"https:\/\/api.patentes-y-marcas.com\/uploads\/BOPIBrand_imagen\/dsp-a016000127.jpg\" alt=\"dsp - Informaci\u00f3n sobre la marca\" width=\"134\" height=\"56\" \/><\/p>\n<h1><strong>20028<\/strong><\/h1>\n<p>No importa el estado de \u00e1nimo de una chica, el \u201cestado de \u00e1nimo de apariencia brillante\u201d le ocurre a todo el mundo, y siempre ocurre. \u00a1Puedes pasar horas eligiendo l\u00e1piz labial o base, cambiando tu vestido por pantalones y convirtiendo tu cabello liso en rizos! Los rizos son los que siempre vienen al rescate cuando s\u00f3lo necesitas lucir encantadora.<\/p>\n<p>El moldeador profesional DSP 20028 es un regalo maravilloso para cualquier mujer, para que siempre pueda sorprender con sus hermosos peinados y deleitarse siempre con un look bien cuidado, \u00a1como en un sal\u00f3n de belleza! El rizador tiene un triple efecto: si hoy quieres lucir un cabello liso y lujoso, utiliza una plancha de pelo, si quieres deslumbrar a todos con un ondulado \u00fanico, cambia el interior del rizador y utiliza el rizador de pelo ondulado; Tambi\u00e9n puedes usarlo como rizador.<\/p>\n<p>El rizador profesional DSP 20028 es un maravilloso regalo para cualquier mujer, para que siempre pueda sorprender con sus bonitos peinados y deleitarse siempre con un look bien cuidado, \u00a1como en un sal\u00f3n de belleza!<\/p>\n<p>&nbsp;<\/p>\n<p><strong>Caracter\u00edsticas:<\/strong><\/p>\n<ul>\n<li>Ligero, c\u00f3modo, compacto<\/li>\n<li>Tipo: plancha, rizador, corrugador<\/li>\n<li>Temperatura: 230 \u00baC<\/li>\n<li>Potencia: 45W<\/li>\n<li>Tama\u00f1o de la placa: 3*10cm<\/li>\n<li>Calentamiento r\u00e1pido en unos 30 segundos.<\/li>\n<li>Indicador de encendido<\/li>\n<li>Gira el cable 360 \u200b\u200bgrados.<\/li>\n<li>Alimentaci\u00f3n: 220V 50Hz (de red)<\/li>\n<\/ul>\n<p>Dise\u00f1o innovador con el que podr\u00e1s crear varios peinados en casa; La placa es f\u00e1cil de manejar gracias al cable giratorio.<\/p>\n<p>&nbsp;<\/p>\n<p><strong>Equipo:<\/strong><\/p>\n<ul>\n<li>Rizador 3 en 1<\/li>\n<li>Instrucciones<\/li>\n<li>Caja<\/li>\n<\/ul>\n","protected":false},"excerpt":{"rendered":"<p>20028 No importa el estado de \u00e1nimo de una chica, el \u201cestado de \u00e1nimo de apariencia brillante\u201d le ocurre a<\/p>\n","protected":false},"featured_media":51863,"comment_status":"open","ping_status":"closed","template":"","meta":{"nf_dc_page":""},"product_brand":[],"product_cat":[74],"product_tag":[],"class_list":{"0":"post-42280","1":"product","2":"type-product","3":"status-publish","4":"has-post-thumbnail","6":"product_cat-accesorios-fem","8":"first","9":"instock","10":"shipping-taxable","11":"purchasable","12":"product-type-simple"},"_links":{"self":[{"href":"https:\/\/brandss.com.py\/index\/wp-json\/wp\/v2\/product\/42280","targetHints":{"allow":["GET"]}}],"collection":[{"href":"https:\/\/brandss.com.py\/index\/wp-json\/wp\/v2\/product"}],"about":[{"href":"https:\/\/brandss.com.py\/index\/wp-json\/wp\/v2\/types\/product"}],"replies":[{"embeddable":true,"href":"https:\/\/brandss.com.py\/index\/wp-json\/wp\/v2\/comments?post=42280"}],"version-history":[{"count":3,"href":"https:\/\/brandss.com.py\/index\/wp-json\/wp\/v2\/product\/42280\/revisions"}],"predecessor-version":[{"id":51870,"href":"https:\/\/brandss.com.py\/index\/wp-json\/wp\/v2\/product\/42280\/revisions\/51870"}],"wp:featuredmedia":[{"embeddable":true,"href":"https:\/\/brandss.com.py\/index\/wp-json\/wp\/v2\/media\/51863"}],"wp:attachment":[{"href":"https:\/\/brandss.com.py\/index\/wp-json\/wp\/v2\/media?parent=42280"}],"wp:term":[{"taxonomy":"product_brand","embeddable":true,"href":"https:\/\/brandss.com.py\/index\/wp-json\/wp\/v2\/product_brand?post=42280"},{"taxonomy":"product_cat","embeddable":true,"href":"https:\/\/brandss.com.py\/index\/wp-json\/wp\/v2\/product_cat?post=42280"},{"taxonomy":"product_tag","embeddable":true,"href":"https:\/\/brandss.com.py\/index\/wp-json\/wp\/v2\/product_tag?post=42280"}],"curies":[{"name":"wp","href":"https:\/\/api.w.org\/{rel}","templated":true}]}}