{"id":42291,"date":"2024-05-23T16:42:05","date_gmt":"2024-05-23T16:42:05","guid":{"rendered":"https:\/\/brandss.com.py\/index\/producto\/dsp-shaver-trimmer-set-3-1\/"},"modified":"2024-12-20T17:47:19","modified_gmt":"2024-12-20T17:47:19","slug":"dsp-shaver-trimmer-set-3-1","status":"publish","type":"product","link":"https:\/\/brandss.com.py\/index\/producto\/dsp-shaver-trimmer-set-3-1\/","title":{"rendered":"AFEITADORA DSP SET 3-1"},"content":{"rendered":"<p><img loading=\"lazy\" decoding=\"async\" class=\"\" src=\"https:\/\/api.patentes-y-marcas.com\/uploads\/BOPIBrand_imagen\/dsp-a016000127.jpg\" alt=\"dsp - Informaci\u00f3n sobre la marca\" width=\"151\" height=\"63\" \/><\/p>\n<h1>60104<\/h1>\n<p>\u00a1La afeitadora 3 en 1 DSP 60104 de alta gama con velocidad de rotaci\u00f3n de 7000 RPM te ayuda a afeitarte de manera suave y limpia! Con cabezales de afeitado y diversos accesorios, vivir\u00e1s la mejor experiencia de afeitado jam\u00e1s vivida. \u00a1Haga su pedido ahora para experimentar la diferencia con DSP 60104!<\/p>\n<div class=\"pro_tit\"><strong>Detalles de producto:<\/strong><\/div>\n<div><\/div>\n<div id=\"pastingspan1\"><span><strong>Voltaje:<\/strong> 220-240V~50\/60Hz<\/span><\/div>\n<div id=\"pastingspan1\"><span><strong>Potencia:<\/strong> 3W<\/span><\/div>\n<div id=\"pastingspan1\"><span><strong>Bater\u00eda:<\/strong> Ni-Cd<\/span><\/div>\n<div id=\"pastingspan1\"><span><strong>Capacidad de la bater\u00eda:<\/strong> 500 mAh* 2<\/span><\/div>\n<div id=\"pastingspan1\"><span><strong>Modelo de motor:<\/strong> 280#2,4 V.<\/span><\/div>\n<div id=\"pastingspan1\"><span><strong>Tiempo de carga:<\/strong> 8-10 horas<\/span><\/div>\n<div id=\"pastingspan1\"><span><strong>Tiempo de trabajo:<\/strong> 45 minutos<\/span><\/div>\n<div id=\"pastingspan1\"><span><strong>Velocidad de rotaci\u00f3n:<\/strong> 7000 RPM<\/span><\/div>\n<div id=\"pastingspan1\"><span><strong>Accesorios:<\/strong> cabezal de afeitar, cabezal de cortapelos, recortador de nariz, botella de aceite, cepillo de limpieza<\/span><\/div>\n<p>&nbsp;<\/p>\n<p>&nbsp;<\/p>\n","protected":false},"excerpt":{"rendered":"<p>60104 \u00a1La afeitadora 3 en 1 DSP 60104 de alta gama con velocidad de rotaci\u00f3n de 7000 RPM te ayuda<\/p>\n","protected":false},"featured_media":51837,"comment_status":"open","ping_status":"closed","template":"","meta":{"nf_dc_page":""},"product_brand":[],"product_cat":[77],"product_tag":[],"class_list":{"0":"post-42291","1":"product","2":"type-product","3":"status-publish","4":"has-post-thumbnail","6":"product_cat-accesorios-masc","8":"first","9":"instock","10":"shipping-taxable","11":"purchasable","12":"product-type-simple"},"_links":{"self":[{"href":"https:\/\/brandss.com.py\/index\/wp-json\/wp\/v2\/product\/42291","targetHints":{"allow":["GET"]}}],"collection":[{"href":"https:\/\/brandss.com.py\/index\/wp-json\/wp\/v2\/product"}],"about":[{"href":"https:\/\/brandss.com.py\/index\/wp-json\/wp\/v2\/types\/product"}],"replies":[{"embeddable":true,"href":"https:\/\/brandss.com.py\/index\/wp-json\/wp\/v2\/comments?post=42291"}],"version-history":[{"count":3,"href":"https:\/\/brandss.com.py\/index\/wp-json\/wp\/v2\/product\/42291\/revisions"}],"predecessor-version":[{"id":51842,"href":"https:\/\/brandss.com.py\/index\/wp-json\/wp\/v2\/product\/42291\/revisions\/51842"}],"wp:featuredmedia":[{"embeddable":true,"href":"https:\/\/brandss.com.py\/index\/wp-json\/wp\/v2\/media\/51837"}],"wp:attachment":[{"href":"https:\/\/brandss.com.py\/index\/wp-json\/wp\/v2\/media?parent=42291"}],"wp:term":[{"taxonomy":"product_brand","embeddable":true,"href":"https:\/\/brandss.com.py\/index\/wp-json\/wp\/v2\/product_brand?post=42291"},{"taxonomy":"product_cat","embeddable":true,"href":"https:\/\/brandss.com.py\/index\/wp-json\/wp\/v2\/product_cat?post=42291"},{"taxonomy":"product_tag","embeddable":true,"href":"https:\/\/brandss.com.py\/index\/wp-json\/wp\/v2\/product_tag?post=42291"}],"curies":[{"name":"wp","href":"https:\/\/api.w.org\/{rel}","templated":true}]}}