{"id":42298,"date":"2024-05-23T16:42:08","date_gmt":"2024-05-23T16:42:08","guid":{"rendered":"https:\/\/brandss.com.py\/index\/producto\/dsp-hair-clipper-10w\/"},"modified":"2025-02-04T10:32:00","modified_gmt":"2025-02-04T10:32:00","slug":"dsp-hair-clipper-10w","status":"publish","type":"product","link":"https:\/\/brandss.com.py\/index\/producto\/dsp-hair-clipper-10w\/","title":{"rendered":"CORTA PELO DSP PROFESIONAL 10W"},"content":{"rendered":"<p><img loading=\"lazy\" decoding=\"async\" class=\"\" src=\"https:\/\/api.patentes-y-marcas.com\/uploads\/BOPIBrand_imagen\/dsp-a016000127.jpg\" alt=\"dsp - Informaci\u00f3n sobre la marca\" width=\"156\" height=\"65\" \/><\/p>\n<h1>E-90017<\/h1>\n<p>El cortapelos profesional DSP E-90017<span>\u00a0es una m\u00e1quina muy elegante y moderna para uso dom\u00e9stico, caracterizada por su alta potencia, practicidad y un c\u00f3modo dise\u00f1o ergon\u00f3mico. Los cuchillos afilados de acero inoxidable de alta calidad facilitan el corte del cabello, y la presencia de peines extra\u00edbles y un regulador de longitud de corte le permitir\u00e1n crear un peinado de la longitud deseada.<\/span><\/p>\n<p><span>El cortapelos DSP E-90017 te ayudar\u00e1 a cortarte el pelo y darle forma a tu peinado t\u00fa misma en casa, mientras ahorras dinero en las idas a la peluquer\u00eda. Es simple y f\u00e1cil de usar, tiene alta potencia, por lo que tambi\u00e9n es popular entre los peluqueros profesionales. Solo necesitas comprar un cortapelos DSP E-90017 y utilizarlo en casa o para trabajar en un sal\u00f3n de belleza.<\/span><\/p>\n<h2><span>Caracter\u00edsticas:<\/span><\/h2>\n<p><span>El cuerpo de la m\u00e1quina est\u00e1 hecho de pl\u00e1stico negro duradero y de alta calidad con un revestimiento antideslizante especial, lo que la hace a\u00fan m\u00e1s c\u00f3moda de sostener en la mano al cortar. El bot\u00f3n de encendido est\u00e1 ubicado en el costado del cuerpo y cerca de la cabeza hay un regulador de longitud de corte de pelo tipo palanca. Los cuchillos est\u00e1n hechos de acero inoxidable duradero, son muy afilados y permanecen afilados durante mucho tiempo si se usan con cuidado.<\/span><\/p>\n<p><span>La m\u00e1quina est\u00e1 equipada con un potente motor de 10 W, que permite utilizarla en cualquier tipo de cabello. El juego incluye 4 accesorios de peine para elegir longitudes de corte de 3, 6, 9 y 12 mm, lo que le permite seleccionar la longitud \u00f3ptima que se adapta a sus necesidades. La energ\u00eda se suministra desde una red de 220 V mediante un cable incorporado. Al final del mango hay un lazo para colgarlo de un gancho.<\/span><\/p>\n<p><strong><span>Caracter\u00edsticas:<\/span><\/strong><\/p>\n<ul>\n<li><span><strong>Tipo:<\/strong> cortadora<\/span><\/li>\n<li><span><strong>Fabricante:<\/strong> DSP<\/span><\/li>\n<li><span><strong>Modelo:<\/strong> E-90017<\/span><\/li>\n<li><span><strong>Potencia:<\/strong> 10W<\/span><\/li>\n<li><span><strong>Tipo de ajuste de longitud:<\/strong> boquillas extra\u00edbles y ajustador<\/span><\/li>\n<li><span><strong>Accesorios de peine:<\/strong> 3; 6; 9; 12 mil\u00edmetros<\/span><\/li>\n<li><span><strong>Longitud m\u00e1xima de corte:<\/strong> 12 mm<\/span><\/li>\n<li><span><strong>Tipo de control:<\/strong> control deslizante<\/span><\/li>\n<li><span><strong>Material de la hoja:<\/strong> acero inoxidable<\/span><\/li>\n<li><span><strong>Fuente de alimentaci\u00f3n:<\/strong> red 220 V<\/span><\/li>\n<li><span><strong>Tipo de motor:<\/strong> vibraci\u00f3n<\/span><\/li>\n<li><span><strong>Tipo de limpieza:<\/strong> seco<\/span><\/li>\n<li><span><strong>Caracter\u00edsticas:<\/strong> lazo para colgar<\/span><\/li>\n<li><span>De color negro.<\/span><\/li>\n<\/ul>\n<p><strong><span>Equipo:<\/span><\/strong><\/p>\n<ul>\n<li><span>Broche del pelo<\/span><\/li>\n<li><span>4 accesorios de peine<\/span><\/li>\n<li><span>Cepillo de limpieza<\/span><\/li>\n<li><span>Aceite<\/span><\/li>\n<li><span>Peine<\/span><\/li>\n<li><span>Paquete.<\/span><\/li>\n<\/ul>\n<p><span>El cortapelos profesional DSP E-90017 es un excelente dispositivo higi\u00e9nico para cortar el cabello en casa, caracterizado por un potente motor y la presencia de peines para elegir la longitud del corte de pelo seg\u00fan sus necesidades. Puedes\u00a0<\/span><b><span>comprar un cortapelos profesional DSP E-90017<\/span><\/b><span>\u00a0para uso dom\u00e9stico o para que los peluqueros lo utilicen en el trabajo.<\/span><\/p>\n","protected":false},"excerpt":{"rendered":"<p>E-90017 El cortapelos profesional DSP E-90017\u00a0es una m\u00e1quina muy elegante y moderna para uso dom\u00e9stico, caracterizada por su alta potencia,<\/p>\n","protected":false},"featured_media":48841,"comment_status":"open","ping_status":"closed","template":"","meta":{"nf_dc_page":""},"product_brand":[],"product_cat":[77],"product_tag":[],"class_list":{"0":"post-42298","1":"product","2":"type-product","3":"status-publish","4":"has-post-thumbnail","6":"product_cat-accesorios-masc","8":"first","9":"instock","10":"shipping-taxable","11":"purchasable","12":"product-type-simple"},"_links":{"self":[{"href":"https:\/\/brandss.com.py\/index\/wp-json\/wp\/v2\/product\/42298","targetHints":{"allow":["GET"]}}],"collection":[{"href":"https:\/\/brandss.com.py\/index\/wp-json\/wp\/v2\/product"}],"about":[{"href":"https:\/\/brandss.com.py\/index\/wp-json\/wp\/v2\/types\/product"}],"replies":[{"embeddable":true,"href":"https:\/\/brandss.com.py\/index\/wp-json\/wp\/v2\/comments?post=42298"}],"version-history":[{"count":3,"href":"https:\/\/brandss.com.py\/index\/wp-json\/wp\/v2\/product\/42298\/revisions"}],"predecessor-version":[{"id":48849,"href":"https:\/\/brandss.com.py\/index\/wp-json\/wp\/v2\/product\/42298\/revisions\/48849"}],"wp:featuredmedia":[{"embeddable":true,"href":"https:\/\/brandss.com.py\/index\/wp-json\/wp\/v2\/media\/48841"}],"wp:attachment":[{"href":"https:\/\/brandss.com.py\/index\/wp-json\/wp\/v2\/media?parent=42298"}],"wp:term":[{"taxonomy":"product_brand","embeddable":true,"href":"https:\/\/brandss.com.py\/index\/wp-json\/wp\/v2\/product_brand?post=42298"},{"taxonomy":"product_cat","embeddable":true,"href":"https:\/\/brandss.com.py\/index\/wp-json\/wp\/v2\/product_cat?post=42298"},{"taxonomy":"product_tag","embeddable":true,"href":"https:\/\/brandss.com.py\/index\/wp-json\/wp\/v2\/product_tag?post=42298"}],"curies":[{"name":"wp","href":"https:\/\/api.w.org\/{rel}","templated":true}]}}