{"id":42300,"date":"2024-05-23T16:42:08","date_gmt":"2024-05-23T16:42:08","guid":{"rendered":"https:\/\/brandss.com.py\/index\/producto\/dsp-high-performance-hair-cutting-10w\/"},"modified":"2025-03-27T16:13:22","modified_gmt":"2025-03-27T16:13:22","slug":"dsp-high-performance-hair-cutting-10w","status":"publish","type":"product","link":"https:\/\/brandss.com.py\/index\/producto\/dsp-high-performance-hair-cutting-10w\/","title":{"rendered":"CORTA PELO DSP HIGH PERFORMANCE HAIR CUTTING 10W"},"content":{"rendered":"<p><img loading=\"lazy\" decoding=\"async\" class=\"\" src=\"https:\/\/api.patentes-y-marcas.com\/uploads\/BOPIBrand_imagen\/dsp-a016000127.jpg\" alt=\"dsp - Informaci\u00f3n sobre la marca\" width=\"122\" height=\"51\" \/><\/p>\n<h1><b>90037<\/b><\/h1>\n<p>&nbsp;<\/p>\n<p>El cortapelos<span>\u00a0es una excelente herramienta universal para cortar el cabello en casa. La forma ergon\u00f3mica facilita su sujeci\u00f3n y corte desde diferentes \u00e1ngulos.<\/span><\/p>\n<p><b><span>Caracter\u00edsticas:<\/span><\/b><\/p>\n<ul>\n<li>Potencia: 10W<\/li>\n<li>Alimentaci\u00f3n: Red<\/li>\n<li>Boquillas: 4 uds. (3\/ 6\/ 9\/ 12 mm)<\/li>\n<li>Ancho de la cuchilla: 45 mm<\/li>\n<li>Longitud m\u00ednima de corte: 0,8 mm<\/li>\n<li><span>Material de la carcasa: pl\u00e1stico ABS<\/span><\/li>\n<li><span>Alimentaci\u00f3n: Red 220V, 50 Hz<\/span><\/li>\n<li><span>De color negro<\/span><\/li>\n<\/ul>\n<p><b><span>Equipo:\u00a0<\/span><\/b><\/p>\n<ul>\n<li><span>Cortapelos DSP 90037<\/span><\/li>\n<li><span>Boquillas &#8211; 4 uds.<\/span><\/li>\n<li><span>Cepillar<\/span><\/li>\n<li><span>Peine<\/span><\/li>\n<li><span>Tijeras<\/span><\/li>\n<li><span>Aceite<\/span><\/li>\n<li><span>Instrucciones<\/span><\/li>\n<li><span>Embalaje de f\u00e1brica<\/span><\/li>\n<\/ul>\n","protected":false},"excerpt":{"rendered":"<p>90037 &nbsp; El cortapelos\u00a0es una excelente herramienta universal para cortar el cabello en casa. La forma ergon\u00f3mica facilita su sujeci\u00f3n<\/p>\n","protected":false},"featured_media":46704,"comment_status":"open","ping_status":"closed","template":"","meta":{"nf_dc_page":""},"product_brand":[],"product_cat":[77],"product_tag":[],"class_list":{"0":"post-42300","1":"product","2":"type-product","3":"status-publish","4":"has-post-thumbnail","6":"product_cat-accesorios-masc","8":"first","9":"instock","10":"shipping-taxable","11":"purchasable","12":"product-type-simple"},"_links":{"self":[{"href":"https:\/\/brandss.com.py\/index\/wp-json\/wp\/v2\/product\/42300","targetHints":{"allow":["GET"]}}],"collection":[{"href":"https:\/\/brandss.com.py\/index\/wp-json\/wp\/v2\/product"}],"about":[{"href":"https:\/\/brandss.com.py\/index\/wp-json\/wp\/v2\/types\/product"}],"replies":[{"embeddable":true,"href":"https:\/\/brandss.com.py\/index\/wp-json\/wp\/v2\/comments?post=42300"}],"version-history":[{"count":2,"href":"https:\/\/brandss.com.py\/index\/wp-json\/wp\/v2\/product\/42300\/revisions"}],"predecessor-version":[{"id":46710,"href":"https:\/\/brandss.com.py\/index\/wp-json\/wp\/v2\/product\/42300\/revisions\/46710"}],"wp:featuredmedia":[{"embeddable":true,"href":"https:\/\/brandss.com.py\/index\/wp-json\/wp\/v2\/media\/46704"}],"wp:attachment":[{"href":"https:\/\/brandss.com.py\/index\/wp-json\/wp\/v2\/media?parent=42300"}],"wp:term":[{"taxonomy":"product_brand","embeddable":true,"href":"https:\/\/brandss.com.py\/index\/wp-json\/wp\/v2\/product_brand?post=42300"},{"taxonomy":"product_cat","embeddable":true,"href":"https:\/\/brandss.com.py\/index\/wp-json\/wp\/v2\/product_cat?post=42300"},{"taxonomy":"product_tag","embeddable":true,"href":"https:\/\/brandss.com.py\/index\/wp-json\/wp\/v2\/product_tag?post=42300"}],"curies":[{"name":"wp","href":"https:\/\/api.w.org\/{rel}","templated":true}]}}