{"id":42301,"date":"2024-05-23T16:42:09","date_gmt":"2024-05-23T16:42:09","guid":{"rendered":"https:\/\/brandss.com.py\/index\/producto\/dsp-hair-clipper-4\/"},"modified":"2025-04-04T10:46:59","modified_gmt":"2025-04-04T10:46:59","slug":"dsp-hair-clipper-4","status":"publish","type":"product","link":"https:\/\/brandss.com.py\/index\/producto\/dsp-hair-clipper-4\/","title":{"rendered":"CORTA PELO EL\u00c9CTRICO DSP HAIR CLIPPER PROFESIONAL"},"content":{"rendered":"<p><img loading=\"lazy\" decoding=\"async\" class=\"\" src=\"https:\/\/api.patentes-y-marcas.com\/uploads\/BOPIBrand_imagen\/dsp-a016000127.jpg\" alt=\"dsp - Informaci\u00f3n sobre la marca\" width=\"108\" height=\"45\" \/><\/p>\n<h1>90119<\/h1>\n<p>La recortadora inal\u00e1mbrica de DSP es una pieza impresionante. Proporciona un corte c\u00f3modo y apurado de barba y bigote. Su hoja de acero inoxidable y su cabezal flotante le brindar\u00e1n un recorte completo y limpio sin cortar ni da\u00f1ar su piel. Esta recortadora no es s\u00f3lo un dispositivo que se utiliza para recortar, sino que tambi\u00e9n viene con otros accesorios. Coge esta recortadora y disfruta de una experiencia de aseo sin complicaciones en casa.<\/p>\n<ul class=\"a-unordered-list a-vertical a-spacing-mini\">\n<li class=\"a-spacing-mini\"><span class=\"a-list-item\"><span><strong>HOJA DE ACERO INOXIDABLE:<\/strong> Las cuchillas est\u00e1n hechas de acero inoxidable hipoalerg\u00e9nico para brindar resistencia, durabilidad y un corte sin irritaci\u00f3n, afeita tu cabello de manera f\u00e1cil y segura.<\/span><\/span><\/li>\n<li class=\"a-spacing-mini\"><span class=\"a-list-item\"><span><strong>CABEZA DE CUCHILLO TIPO T:<\/strong> Cabeza de cuchillo de seguridad tipo T, bien dise\u00f1ada, condiciones de trabajo, casualmente cerca, no rayar\u00e1 la piel.<\/span><\/span><\/li>\n<li class=\"a-spacing-mini\"><span class=\"a-list-item\"><span><strong>ACCESORIOS COMPLETOS:<\/strong> Una maquinilla el\u00e9ctrica, un protector de cuchilla, un cepillo para el cabello, un cepillo de limpieza, un cable de carga USB y 3 peines gu\u00eda de diferentes longitudes.<\/span><\/span><\/li>\n<li class=\"a-spacing-mini\"><span class=\"a-list-item\"><strong>F\u00c1CIL LIMPIEZA:<\/strong> Cabezales de acero inoxidable lavables desmontables para una f\u00e1cil limpieza.<\/span><\/li>\n<li class=\"a-spacing-mini\"><span class=\"a-list-item\"><span><strong>DISE\u00d1O ERGON\u00d3MICO:<\/strong> Est\u00e1 dise\u00f1ado para un agarre c\u00f3modo y facilita el acceso a las \u00e1reas dif\u00edciles de recortar.<\/span><\/span><\/li>\n<\/ul>\n<div class=\"pro_tit\"><strong>Detalles de producto:<\/strong><\/div>\n<div><\/div>\n<div id=\"pastingspan1\"><span><strong>Voltaje:<\/strong> 220-240V~50\/60Hz<\/span><\/div>\n<div id=\"pastingspan1\"><span><strong>M\u00e1quina:<\/strong> CC 3V 3W<\/span><\/div>\n<div id=\"pastingspan1\"><span><strong>Bater\u00eda:<\/strong> Ni-Cd<\/span><\/div>\n<div id=\"pastingspan1\"><span><strong>Capacidad de la bater\u00eda:<\/strong> 600 mAh*2<\/span><\/div>\n<div id=\"pastingspan1\"><span><strong>Cabezal de corte:<\/strong> Acero inoxidable<\/span><\/div>\n<div id=\"pastingspan1\"><span><strong>Tiempo de carga:<\/strong> 8 horas<\/span><\/div>\n<div id=\"pastingspan1\"><span><strong>Tiempo de trabajo:<\/strong> 70 minutos<\/span><\/div>\n<div id=\"pastingspan1\"><span><strong>Velocidad de rotaci\u00f3n:<\/strong> 6800 RPM<\/span><\/div>\n<div id=\"pastingspan1\"><span>Tambi\u00e9n se puede cargar con USB<\/span><\/div>\n<div id=\"pastingspan1\"><span><strong>Accesorios:<\/strong> Peine + adaptador + cepillo de limpieza + aceite lubricante<\/span><\/div>\n","protected":false},"excerpt":{"rendered":"<p>90119 La recortadora inal\u00e1mbrica de DSP es una pieza impresionante. Proporciona un corte c\u00f3modo y apurado de barba y bigote.<\/p>\n","protected":false},"featured_media":46612,"comment_status":"open","ping_status":"closed","template":"","meta":{"nf_dc_page":""},"product_brand":[],"product_cat":[77],"product_tag":[],"class_list":{"0":"post-42301","1":"product","2":"type-product","3":"status-publish","4":"has-post-thumbnail","6":"product_cat-accesorios-masc","8":"first","9":"instock","10":"shipping-taxable","11":"purchasable","12":"product-type-simple"},"_links":{"self":[{"href":"https:\/\/brandss.com.py\/index\/wp-json\/wp\/v2\/product\/42301","targetHints":{"allow":["GET"]}}],"collection":[{"href":"https:\/\/brandss.com.py\/index\/wp-json\/wp\/v2\/product"}],"about":[{"href":"https:\/\/brandss.com.py\/index\/wp-json\/wp\/v2\/types\/product"}],"replies":[{"embeddable":true,"href":"https:\/\/brandss.com.py\/index\/wp-json\/wp\/v2\/comments?post=42301"}],"version-history":[{"count":2,"href":"https:\/\/brandss.com.py\/index\/wp-json\/wp\/v2\/product\/42301\/revisions"}],"predecessor-version":[{"id":46624,"href":"https:\/\/brandss.com.py\/index\/wp-json\/wp\/v2\/product\/42301\/revisions\/46624"}],"wp:featuredmedia":[{"embeddable":true,"href":"https:\/\/brandss.com.py\/index\/wp-json\/wp\/v2\/media\/46612"}],"wp:attachment":[{"href":"https:\/\/brandss.com.py\/index\/wp-json\/wp\/v2\/media?parent=42301"}],"wp:term":[{"taxonomy":"product_brand","embeddable":true,"href":"https:\/\/brandss.com.py\/index\/wp-json\/wp\/v2\/product_brand?post=42301"},{"taxonomy":"product_cat","embeddable":true,"href":"https:\/\/brandss.com.py\/index\/wp-json\/wp\/v2\/product_cat?post=42301"},{"taxonomy":"product_tag","embeddable":true,"href":"https:\/\/brandss.com.py\/index\/wp-json\/wp\/v2\/product_tag?post=42301"}],"curies":[{"name":"wp","href":"https:\/\/api.w.org\/{rel}","templated":true}]}}