{"id":42303,"date":"2024-05-23T16:42:09","date_gmt":"2024-05-23T16:42:09","guid":{"rendered":"https:\/\/brandss.com.py\/index\/producto\/dsp-hair-clipper-5\/"},"modified":"2025-02-04T10:32:00","modified_gmt":"2025-02-04T10:32:00","slug":"dsp-hair-clipper-5","status":"publish","type":"product","link":"https:\/\/brandss.com.py\/index\/producto\/dsp-hair-clipper-5\/","title":{"rendered":"CORTA PELO DSP HAIR CLIPPER INAL\u00c1MBRICO"},"content":{"rendered":"<p><img loading=\"lazy\" decoding=\"async\" class=\"\" src=\"https:\/\/api.patentes-y-marcas.com\/uploads\/BOPIBrand_imagen\/dsp-a016000127.jpg\" alt=\"dsp - Informaci\u00f3n sobre la marca\" width=\"154\" height=\"64\" \/><\/p>\n<h1>90114<\/h1>\n<p><strong><span>El cortapelos DSP-90114<\/span><\/strong><span>\u00a0le permite realizar cortes de pelo elegantes y de alta calidad en casa. El cuerpo ligero del dispositivo y la forma ergon\u00f3mica del mango garantizan un uso c\u00f3modo. Las cuchillas de la m\u00e1quina est\u00e1n fabricadas en acero inoxidable de alta calidad. El cabezal de corte extra\u00edble gira 360 grados, lo que resulta muy pr\u00e1ctico a la hora de cortar. El dispositivo es resistente al agua y se puede lavar todo el cuerpo. La m\u00e1quina est\u00e1 equipada con una bater\u00eda de n\u00edquel-cadmio. El tiempo de funcionamiento con la bater\u00eda completamente cargada es de 50 minutos. Se necesitar\u00e1n 8 horas para cargar completamente la bater\u00eda. Tambi\u00e9n hay una pantalla digital. Un cortapelos es algo indispensable para quienes cuidan su apariencia.<\/span><\/p>\n<div class=\"pro_tit\"><strong>Detalles de producto:<\/strong><\/div>\n<div><\/div>\n<div id=\"pastingspan1\"><span><strong>Entrada:<\/strong> 220-240V~50\/60Hz<\/span><\/div>\n<div id=\"pastingspan1\"><span><strong>Salida:<\/strong> 3V 80mA<\/span><\/div>\n<div id=\"pastingspan1\"><span><strong>Potencia:<\/strong> 3W<\/span><\/div>\n<div id=\"pastingspan1\"><span><strong>Bater\u00eda:<\/strong> Ni-Cd<\/span><\/div>\n<div id=\"pastingspan1\"><span><strong>Capacidad de la bater\u00eda:<\/strong> AA600 mAh<\/span><\/div>\n<div id=\"pastingspan1\"><span><strong>Modelo de motor:<\/strong> FF-180PA2955V 2,4 V<\/span><\/div>\n<div id=\"pastingspan1\"><span><strong>Tiempo de carga:<\/strong> 8 horas<\/span><\/div>\n<div id=\"pastingspan1\"><span><strong>Tiempo de trabajo:<\/strong> 40 minutos<\/span><\/div>\n<div id=\"pastingspan1\"><span><strong>Resistente al agua:<\/strong> IPX6<\/span><\/div>\n<div id=\"pastingspan1\"><span><strong>Accesorios:<\/strong> 2 peines gu\u00eda, 1 peine, botella de aceite, cepillo de limpieza, adaptador<\/span><\/div>\n<p><strong><span>Caracter\u00edsticas:<\/span><\/strong><\/p>\n<ul>\n<li><span>tipo: cortadora de cabello<\/span><\/li>\n<li><span>tipo de energ\u00eda: bater\u00eda<\/span><\/li>\n<li><span>potencia: 3W<\/span><\/li>\n<li><span>bater\u00eda: n\u00edquel-cadmio<\/span><\/li>\n<li><span>fuente de alimentaci\u00f3n: bater\u00eda de 600 mAh<\/span><\/li>\n<li><span>Tiempo de carga: 8h<\/span><\/li>\n<li><span>Duraci\u00f3n de la bater\u00eda: 40 min (despu\u00e9s de cargarse completamente)<\/span><\/li>\n<li><span>material de la hoja: acero inoxidable<\/span><\/li>\n<li><span>n\u00famero de boquillas reemplazables: 2<\/span><\/li>\n<li><span>longitud ajustable: de 4 a 30 mm<\/span><\/li>\n<li><span>protecci\u00f3n contra la humedad: IPX6<\/span><\/li>\n<li><span>Tama\u00f1o (ancho x alto): 48&#215;184 mm<\/span><\/li>\n<li><span>peso: 440 gramos<\/span><\/li>\n<\/ul>\n<p><strong><span>Equipo:<\/span><\/strong><\/p>\n<ul>\n<li><span>broche del pelo<\/span><\/li>\n<li><span>2 boquillas<\/span><\/li>\n<li><span>peine<\/span><\/li>\n<li><span>aceite de cuchillo<\/span><\/li>\n<li><span>cepillo de limpieza<\/span><\/li>\n<li><span>adaptador<\/span><\/li>\n<li><span>instrucciones<\/span><\/li>\n<li><span>caja<\/span><\/li>\n<\/ul>\n","protected":false},"excerpt":{"rendered":"<p>90114 El cortapelos DSP-90114\u00a0le permite realizar cortes de pelo elegantes y de alta calidad en casa. El cuerpo ligero del<\/p>\n","protected":false},"featured_media":46585,"comment_status":"open","ping_status":"closed","template":"","meta":{"nf_dc_page":""},"product_brand":[],"product_cat":[77],"product_tag":[],"class_list":{"0":"post-42303","1":"product","2":"type-product","3":"status-publish","4":"has-post-thumbnail","6":"product_cat-accesorios-masc","8":"first","9":"instock","10":"shipping-taxable","11":"purchasable","12":"product-type-simple"},"_links":{"self":[{"href":"https:\/\/brandss.com.py\/index\/wp-json\/wp\/v2\/product\/42303","targetHints":{"allow":["GET"]}}],"collection":[{"href":"https:\/\/brandss.com.py\/index\/wp-json\/wp\/v2\/product"}],"about":[{"href":"https:\/\/brandss.com.py\/index\/wp-json\/wp\/v2\/types\/product"}],"replies":[{"embeddable":true,"href":"https:\/\/brandss.com.py\/index\/wp-json\/wp\/v2\/comments?post=42303"}],"version-history":[{"count":2,"href":"https:\/\/brandss.com.py\/index\/wp-json\/wp\/v2\/product\/42303\/revisions"}],"predecessor-version":[{"id":46590,"href":"https:\/\/brandss.com.py\/index\/wp-json\/wp\/v2\/product\/42303\/revisions\/46590"}],"wp:featuredmedia":[{"embeddable":true,"href":"https:\/\/brandss.com.py\/index\/wp-json\/wp\/v2\/media\/46585"}],"wp:attachment":[{"href":"https:\/\/brandss.com.py\/index\/wp-json\/wp\/v2\/media?parent=42303"}],"wp:term":[{"taxonomy":"product_brand","embeddable":true,"href":"https:\/\/brandss.com.py\/index\/wp-json\/wp\/v2\/product_brand?post=42303"},{"taxonomy":"product_cat","embeddable":true,"href":"https:\/\/brandss.com.py\/index\/wp-json\/wp\/v2\/product_cat?post=42303"},{"taxonomy":"product_tag","embeddable":true,"href":"https:\/\/brandss.com.py\/index\/wp-json\/wp\/v2\/product_tag?post=42303"}],"curies":[{"name":"wp","href":"https:\/\/api.w.org\/{rel}","templated":true}]}}