{"id":45494,"date":"2024-05-23T19:55:05","date_gmt":"2024-05-23T19:55:05","guid":{"rendered":"https:\/\/brandss.com.py\/index\/producto\/dsp-ultimate-precision-style\/"},"modified":"2024-12-20T17:48:57","modified_gmt":"2024-12-20T17:48:57","slug":"dsp-ultimate-precision-style","status":"publish","type":"product","link":"https:\/\/brandss.com.py\/index\/producto\/dsp-ultimate-precision-style\/","title":{"rendered":"AFEITADORA EL\u00c9CTRICA DSP ULTIMATE PRECISION STYLE"},"content":{"rendered":"<p><img loading=\"lazy\" decoding=\"async\" class=\"\" src=\"https:\/\/api.patentes-y-marcas.com\/uploads\/BOPIBrand_imagen\/dsp-a016000127.jpg\" alt=\"dsp - Informaci\u00f3n sobre la marca\" width=\"106\" height=\"44\" \/><\/p>\n<h2>DSP-60105<\/h2>\n<p>Recortadora inal\u00e1mbrica para hombre, la soluci\u00f3n ideal para un afeitado limpio. Apto para cualquier zona, cortando incluso el cabello m\u00e1s \u00e1spero. Se puede utilizar una afeitadora el\u00e9ctrica para dar forma a la barba, las patillas y recortar el vello del cuerpo o la cabeza. Se puede utilizar una maquinilla de afeitar el\u00e9ctrica para la higiene \u00edntima de la mujer (bikini). Una maquinilla de afeitar desechable para mujer con accesorios reemplazables o una maquinilla de afeitar Opaska dejar\u00e1n tu ba\u00f1o para siempre. No teme al afeitado h\u00famedo; las cuchillas est\u00e1n hechas de acero de alta calidad. El sistema de malla aliviar\u00e1 la irritaci\u00f3n de la piel.<\/p>\n<div class=\"pro_tit\"><strong>Detalles de producto:<\/strong><\/div>\n<div id=\"pastingspan1\"><span><strong>Carga USB:<\/strong> DC5V 1A<\/span><\/div>\n<div id=\"pastingspan1\"><span><strong>Potencia:<\/strong> 8W<\/span><\/div>\n<div id=\"pastingspan1\"><span><strong>Bater\u00eda:<\/strong> iones de litio<\/span><\/div>\n<div id=\"pastingspan1\"><span><strong>Capacidad de la bater\u00eda:<\/strong> 600 mAh<\/span><\/div>\n<div id=\"pastingspan1\"><span><strong>Modelo de motor:<\/strong> PF-260SH-2589V 3,7 V<\/span><\/div>\n<div id=\"pastingspan1\"><span><strong>Tiempo de carga:<\/strong> 2 horas<\/span><\/div>\n<div id=\"pastingspan1\"><span><strong>Tiempo de trabajo:<\/strong> 80 minutos<\/span><\/div>\n<div id=\"pastingspan1\"><span><strong>Cabezal de corte:<\/strong> Red de corte flotante de doble anillo, seis cabezales de corte giratorios<\/span><\/div>\n<div id=\"pastingspan1\"><span><strong>Material de la hoja:<\/strong> ABS+POM<\/span><\/div>\n<div id=\"pastingspan1\"><span><strong>Interruptor:<\/strong> toque el interruptor electr\u00f3nico<\/span><\/div>\n<div id=\"pastingspan1\"><span><strong>Resistente al agua:<\/strong> IPX6<\/span><\/div>\n","protected":false},"excerpt":{"rendered":"<p>DSP-60105 Recortadora inal\u00e1mbrica para hombre, la soluci\u00f3n ideal para un afeitado limpio. Apto para cualquier zona, cortando incluso el cabello<\/p>\n","protected":false},"featured_media":46527,"comment_status":"open","ping_status":"closed","template":"","meta":{"nf_dc_page":""},"product_brand":[],"product_cat":[77],"product_tag":[],"class_list":{"0":"post-45494","1":"product","2":"type-product","3":"status-publish","4":"has-post-thumbnail","6":"product_cat-accesorios-masc","8":"first","9":"instock","10":"shipping-taxable","11":"purchasable","12":"product-type-simple"},"_links":{"self":[{"href":"https:\/\/brandss.com.py\/index\/wp-json\/wp\/v2\/product\/45494","targetHints":{"allow":["GET"]}}],"collection":[{"href":"https:\/\/brandss.com.py\/index\/wp-json\/wp\/v2\/product"}],"about":[{"href":"https:\/\/brandss.com.py\/index\/wp-json\/wp\/v2\/types\/product"}],"replies":[{"embeddable":true,"href":"https:\/\/brandss.com.py\/index\/wp-json\/wp\/v2\/comments?post=45494"}],"version-history":[{"count":2,"href":"https:\/\/brandss.com.py\/index\/wp-json\/wp\/v2\/product\/45494\/revisions"}],"predecessor-version":[{"id":46534,"href":"https:\/\/brandss.com.py\/index\/wp-json\/wp\/v2\/product\/45494\/revisions\/46534"}],"wp:featuredmedia":[{"embeddable":true,"href":"https:\/\/brandss.com.py\/index\/wp-json\/wp\/v2\/media\/46527"}],"wp:attachment":[{"href":"https:\/\/brandss.com.py\/index\/wp-json\/wp\/v2\/media?parent=45494"}],"wp:term":[{"taxonomy":"product_brand","embeddable":true,"href":"https:\/\/brandss.com.py\/index\/wp-json\/wp\/v2\/product_brand?post=45494"},{"taxonomy":"product_cat","embeddable":true,"href":"https:\/\/brandss.com.py\/index\/wp-json\/wp\/v2\/product_cat?post=45494"},{"taxonomy":"product_tag","embeddable":true,"href":"https:\/\/brandss.com.py\/index\/wp-json\/wp\/v2\/product_tag?post=45494"}],"curies":[{"name":"wp","href":"https:\/\/api.w.org\/{rel}","templated":true}]}}