{"id":52174,"date":"2024-06-03T19:18:39","date_gmt":"2024-06-03T19:18:39","guid":{"rendered":"https:\/\/brandss.com.py\/index\/?post_type=product&#038;p=52174"},"modified":"2025-04-30T17:58:41","modified_gmt":"2025-04-30T17:58:41","slug":"freidora-de-aire-dsp-multihorno-electrico-de-6litros-1700w","status":"publish","type":"product","link":"https:\/\/brandss.com.py\/index\/producto\/freidora-de-aire-dsp-multihorno-electrico-de-6litros-1700w\/","title":{"rendered":"FREIDORA DE AIRE DSP MULTIHORNO EL\u00c9CTRICO DE 6LITROS 1700W"},"content":{"rendered":"<p><img loading=\"lazy\" decoding=\"async\" class=\"\" src=\"https:\/\/api.patentes-y-marcas.com\/uploads\/BOPIBrand_imagen\/dsp-a016000127.jpg\" alt=\"dsp - Informaci\u00f3n sobre la marca\" width=\"180\" height=\"75\" \/><\/p>\n<h1>KB2065<\/h1>\n<p>Disfruta de la comida frita sin sentirte culpable. Los alimentos cocinados en una freidora tienen un 80% menos de grasa en comparaci\u00f3n con los m\u00e9todos de fritura tradicionales.<\/p>\n<p>Los controles de temperatura ajustables le permiten controlar la temperatura de cocci\u00f3n de cada refrigerio y plato. La cesta antiadherente evita que los alimentos se quemen.<\/p>\n<p><strong>Alta potencia y gran capacidad:<\/strong> la freidora de aire DSP funciona con un motor de alta potencia de 1700 W y cuenta con una espaciosa capacidad de 6 litros, lo que la hace perfecta para preparar una variedad de platos para familias o reuniones.<\/p>\n<p><strong>Cocina multifuncional y saludable:<\/strong> Equipado con control digital avanzado y canasta antiadherente, este horno freidora le permite cocinar una amplia gama de platos sin usar aceite, promoviendo opciones de cocci\u00f3n m\u00e1s saludables.<\/p>\n<p><strong>F\u00e1cil de usar y limpiar:<\/strong> el control digital f\u00e1cil de usar de la freidora y la superficie de cocci\u00f3n antiadherente simplifican tanto la cocci\u00f3n como la limpieza, lo que le ahorra tiempo y esfuerzo.<\/p>\n<p><strong>Duradera y elegante:<\/strong> fabricada con un elegante dise\u00f1o negro, esta freidora est\u00e1 dise\u00f1ada para durar con materiales resistentes y un mango ergon\u00f3mico y resistente.<\/p>\n<p><strong>Aplicaciones vers\u00e1tiles:<\/strong> adecuada tanto para hogares como para hoteles, esta vers\u00e1til freidora puede realizar una variedad de tareas de cocina, lo que la convierte en una valiosa adici\u00f3n a cualquier cocina.<\/p>\n<div><\/div>\n<div class=\"pro_tit\"><strong>Detalles de producto:<\/strong><\/div>\n<div><\/div>\n<div id=\"pastingspan1\"><strong>Voltaje:<\/strong> 220-240V~50\/60Hz<\/div>\n<div id=\"pastingspan1\"><strong>Salida:<\/strong> 1700W<\/div>\n<div id=\"pastingspan1\"><strong>Capacidad:<\/strong> 6 litros<\/div>\n<div id=\"pastingspan1\"><strong>Temperatura:<\/strong> 80-200\u00b0C (180\u00b0F-400\u00b0F)<\/div>\n<div id=\"pastingspan1\"><strong>Tiempo de trabajo:<\/strong> 0-60 minutos<\/div>\n<div id=\"pastingspan1\">Temporizador con apagado autom\u00e1tico<\/div>\n<div id=\"pastingspan1\">Control mecanico<\/div>\n<div id=\"pastingspan1\">Mango grande de f\u00e1cil agarre<\/div>\n<div id=\"pastingspan1\">Cesta antiadherente para una limpieza f\u00e1cil y r\u00e1pida.<\/div>\n<div id=\"pastingspan1\">La tecnolog\u00eda de circulaci\u00f3n de calor de 360\u00b0 elimina el aceite graso, ajusta el dial hasta 400.0 \u00b0F (400 \u00b0F) para un gran sabor, lee la grasa.<\/div>\n","protected":false},"excerpt":{"rendered":"<p>KB2065 Disfruta de la comida frita sin sentirte culpable. Los alimentos cocinados en una freidora tienen un 80% menos de<\/p>\n","protected":false},"featured_media":52175,"comment_status":"open","ping_status":"closed","template":"","meta":{"nf_dc_page":""},"product_brand":[],"product_cat":[83],"product_tag":[],"class_list":{"0":"post-52174","1":"product","2":"type-product","3":"status-publish","4":"has-post-thumbnail","6":"product_cat-hogar","8":"first","9":"instock","10":"shipping-taxable","11":"purchasable","12":"product-type-simple"},"_links":{"self":[{"href":"https:\/\/brandss.com.py\/index\/wp-json\/wp\/v2\/product\/52174","targetHints":{"allow":["GET"]}}],"collection":[{"href":"https:\/\/brandss.com.py\/index\/wp-json\/wp\/v2\/product"}],"about":[{"href":"https:\/\/brandss.com.py\/index\/wp-json\/wp\/v2\/types\/product"}],"replies":[{"embeddable":true,"href":"https:\/\/brandss.com.py\/index\/wp-json\/wp\/v2\/comments?post=52174"}],"version-history":[{"count":2,"href":"https:\/\/brandss.com.py\/index\/wp-json\/wp\/v2\/product\/52174\/revisions"}],"predecessor-version":[{"id":52190,"href":"https:\/\/brandss.com.py\/index\/wp-json\/wp\/v2\/product\/52174\/revisions\/52190"}],"wp:featuredmedia":[{"embeddable":true,"href":"https:\/\/brandss.com.py\/index\/wp-json\/wp\/v2\/media\/52175"}],"wp:attachment":[{"href":"https:\/\/brandss.com.py\/index\/wp-json\/wp\/v2\/media?parent=52174"}],"wp:term":[{"taxonomy":"product_brand","embeddable":true,"href":"https:\/\/brandss.com.py\/index\/wp-json\/wp\/v2\/product_brand?post=52174"},{"taxonomy":"product_cat","embeddable":true,"href":"https:\/\/brandss.com.py\/index\/wp-json\/wp\/v2\/product_cat?post=52174"},{"taxonomy":"product_tag","embeddable":true,"href":"https:\/\/brandss.com.py\/index\/wp-json\/wp\/v2\/product_tag?post=52174"}],"curies":[{"name":"wp","href":"https:\/\/api.w.org\/{rel}","templated":true}]}}