{"id":52196,"date":"2024-06-04T15:46:39","date_gmt":"2024-06-04T15:46:39","guid":{"rendered":"https:\/\/brandss.com.py\/index\/?post_type=product&#038;p=52196"},"modified":"2025-04-30T17:59:03","modified_gmt":"2025-04-30T17:59:03","slug":"freidora-de-aire-dsp-electrico-12litros-1800w","status":"publish","type":"product","link":"https:\/\/brandss.com.py\/index\/producto\/freidora-de-aire-dsp-electrico-12litros-1800w\/","title":{"rendered":"FREIDORA DE AIRE DSP EL\u00c9CTRICO 12LITROS 1800W"},"content":{"rendered":"<p><img loading=\"lazy\" decoding=\"async\" class=\"\" src=\"https:\/\/api.patentes-y-marcas.com\/uploads\/BOPIBrand_imagen\/dsp-a016000127.jpg\" alt=\"dsp - Informaci\u00f3n sobre la marca\" width=\"127\" height=\"53\" \/><\/p>\n<h1 class=\"pro_txt\"><span>KB2089<\/span><\/h1>\n<div class=\"nss_info\">\n<div><\/div>\n<div class=\"pro_tit\"><strong>Detalles de producto:<\/strong><\/div>\n<div id=\"pastingspan1\"><span>Voltaje: 220-240V~50\/60Hz<\/span><\/div>\n<div id=\"pastingspan1\"><span>Salida: 1800W<\/span><\/div>\n<div id=\"pastingspan1\"><span>Capacidad: 12L<\/span><\/div>\n<div id=\"pastingspan1\"><span>Control de temperatura: 60-200 \u2103<\/span><\/div>\n<div id=\"pastingspan1\"><span>Tiempo de trabajo: 1-60 minutos<\/span><\/div>\n<div id=\"pastingspan1\"><span>Control de velocidad del ventilador<\/span><\/div>\n<div id=\"pastingspan1\"><span>Ventana de vidrio<\/span><\/div>\n<div id=\"pastingspan1\"><span>Luz interior<\/span><\/div>\n<div id=\"pastingspan1\"><span>soporte de cocina de 3 capas<\/span><\/div>\n<div id=\"pastingspan1\"><span>Pantalla LED con pantalla t\u00e1ctil<\/span><\/div>\n<div id=\"pastingspan1\"><span>Sistema de men\u00fa de cocci\u00f3n con tecla de acceso r\u00e1pido para cada tipo de comida.<\/span><\/div>\n<div id=\"pastingspan1\"><span>Campana de listo autom\u00e1tico<\/span><\/div>\n<div id=\"pastingspan1\"><span>Protecci\u00f3n contra el sobrecalentamiento<\/span><\/div>\n<div id=\"pastingspan1\"><span>Sensaci\u00f3n antideslizante<\/span><\/div>\n<div id=\"pastingspan1\"><span>Tapa protectora para bot\u00f3n de liberaci\u00f3n del recipiente<\/span><\/div>\n<div id=\"pastingspan1\"><span>Carcasa y mango de tacto fr\u00edo<\/span><\/div>\n<\/div>\n","protected":false},"excerpt":{"rendered":"<p>KB2089 Detalles de producto: Voltaje: 220-240V~50\/60Hz Salida: 1800W Capacidad: 12L Control de temperatura: 60-200 \u2103 Tiempo de trabajo: 1-60 minutos<\/p>\n","protected":false},"featured_media":52197,"comment_status":"open","ping_status":"closed","template":"","meta":{"nf_dc_page":""},"product_brand":[],"product_cat":[83],"product_tag":[],"class_list":{"0":"post-52196","1":"product","2":"type-product","3":"status-publish","4":"has-post-thumbnail","6":"product_cat-hogar","8":"first","9":"instock","10":"shipping-taxable","11":"purchasable","12":"product-type-simple"},"_links":{"self":[{"href":"https:\/\/brandss.com.py\/index\/wp-json\/wp\/v2\/product\/52196","targetHints":{"allow":["GET"]}}],"collection":[{"href":"https:\/\/brandss.com.py\/index\/wp-json\/wp\/v2\/product"}],"about":[{"href":"https:\/\/brandss.com.py\/index\/wp-json\/wp\/v2\/types\/product"}],"replies":[{"embeddable":true,"href":"https:\/\/brandss.com.py\/index\/wp-json\/wp\/v2\/comments?post=52196"}],"version-history":[{"count":1,"href":"https:\/\/brandss.com.py\/index\/wp-json\/wp\/v2\/product\/52196\/revisions"}],"predecessor-version":[{"id":52210,"href":"https:\/\/brandss.com.py\/index\/wp-json\/wp\/v2\/product\/52196\/revisions\/52210"}],"wp:featuredmedia":[{"embeddable":true,"href":"https:\/\/brandss.com.py\/index\/wp-json\/wp\/v2\/media\/52197"}],"wp:attachment":[{"href":"https:\/\/brandss.com.py\/index\/wp-json\/wp\/v2\/media?parent=52196"}],"wp:term":[{"taxonomy":"product_brand","embeddable":true,"href":"https:\/\/brandss.com.py\/index\/wp-json\/wp\/v2\/product_brand?post=52196"},{"taxonomy":"product_cat","embeddable":true,"href":"https:\/\/brandss.com.py\/index\/wp-json\/wp\/v2\/product_cat?post=52196"},{"taxonomy":"product_tag","embeddable":true,"href":"https:\/\/brandss.com.py\/index\/wp-json\/wp\/v2\/product_tag?post=52196"}],"curies":[{"name":"wp","href":"https:\/\/api.w.org\/{rel}","templated":true}]}}