{"id":52255,"date":"2024-06-05T14:37:18","date_gmt":"2024-06-05T14:37:18","guid":{"rendered":"https:\/\/brandss.com.py\/index\/?post_type=product&#038;p=52255"},"modified":"2025-05-03T10:39:26","modified_gmt":"2025-05-03T10:39:26","slug":"exprimidor-dsp-de-citricos-de-1-0litro-40w","status":"publish","type":"product","link":"https:\/\/brandss.com.py\/index\/producto\/exprimidor-dsp-de-citricos-de-1-0litro-40w\/","title":{"rendered":"EXPRIMIDOR DSP DE C\u00cdTRICOS DE 1.0LITRO 40W"},"content":{"rendered":"<p><img loading=\"lazy\" decoding=\"async\" class=\"\" src=\"https:\/\/api.patentes-y-marcas.com\/uploads\/BOPIBrand_imagen\/dsp-a016000127.jpg\" alt=\"dsp - Informaci\u00f3n sobre la marca\" width=\"170\" height=\"71\" \/><\/p>\n<h1>KJ1002<\/h1>\n<p><span>Exprimidor Manual de zumo de lim\u00f3n y naranja, exprimidor a presi\u00f3n.<\/span><\/p>\n<p><strong>CARACTER\u00cdTICAS:<\/strong><\/p>\n<ul>\n<li><span>M\u00e9todo de colocaci\u00f3n: Mini<\/span><\/li>\n<li><span>Forma del puerto de carga: redondo<\/span><\/li>\n<li><span>Funci\u00f3n: Hacer jugo<\/span><\/li>\n<li><span>Funci\u00f3n: Expulsi\u00f3n autom\u00e1tica de pulpa<\/span><\/li>\n<li><span>Material de la carcasa: pl\u00e1stico<\/span><\/li>\n<li><span>Dimensiones (largo x ancho x alto (pulgadas): 225*190 mm<\/span><\/li>\n<li><span>Tipo: Exprimidor de c\u00edtricos<\/span><\/li>\n<li><span>Potencia (W): 40w<\/span><\/li>\n<li><span>Forma del puerto de carga: redondo<\/span><\/li>\n<li><span>Certificaci\u00f3n: CE<\/span><\/li>\n<li><span>Certificaci\u00f3n: CB<\/span><\/li>\n<li><span>Material del cuerpo de la taza: pl\u00e1stico.<\/span><\/li>\n<li><span>Volumen del contenedor de pulpa: 0.5L-1L<\/span><\/li>\n<li><span>N\u00famero de modelo: KJ1002<\/span><\/li>\n<li><span>Capacidad: 500-1000ml<\/span><\/li>\n<li><span>Nombre de la marca: DSP<\/span><\/li>\n<li><span>Ajuste de velocidad: Manual<\/span><\/li>\n<\/ul>\n","protected":false},"excerpt":{"rendered":"<p>KJ1002 Exprimidor Manual de zumo de lim\u00f3n y naranja, exprimidor a presi\u00f3n. CARACTER\u00cdTICAS: M\u00e9todo de colocaci\u00f3n: Mini Forma del puerto<\/p>\n","protected":false},"featured_media":52256,"comment_status":"open","ping_status":"closed","template":"","meta":{"nf_dc_page":""},"product_brand":[],"product_cat":[83],"product_tag":[],"class_list":{"0":"post-52255","1":"product","2":"type-product","3":"status-publish","4":"has-post-thumbnail","6":"product_cat-hogar","8":"first","9":"instock","10":"shipping-taxable","11":"purchasable","12":"product-type-simple"},"_links":{"self":[{"href":"https:\/\/brandss.com.py\/index\/wp-json\/wp\/v2\/product\/52255","targetHints":{"allow":["GET"]}}],"collection":[{"href":"https:\/\/brandss.com.py\/index\/wp-json\/wp\/v2\/product"}],"about":[{"href":"https:\/\/brandss.com.py\/index\/wp-json\/wp\/v2\/types\/product"}],"replies":[{"embeddable":true,"href":"https:\/\/brandss.com.py\/index\/wp-json\/wp\/v2\/comments?post=52255"}],"version-history":[{"count":1,"href":"https:\/\/brandss.com.py\/index\/wp-json\/wp\/v2\/product\/52255\/revisions"}],"predecessor-version":[{"id":52264,"href":"https:\/\/brandss.com.py\/index\/wp-json\/wp\/v2\/product\/52255\/revisions\/52264"}],"wp:featuredmedia":[{"embeddable":true,"href":"https:\/\/brandss.com.py\/index\/wp-json\/wp\/v2\/media\/52256"}],"wp:attachment":[{"href":"https:\/\/brandss.com.py\/index\/wp-json\/wp\/v2\/media?parent=52255"}],"wp:term":[{"taxonomy":"product_brand","embeddable":true,"href":"https:\/\/brandss.com.py\/index\/wp-json\/wp\/v2\/product_brand?post=52255"},{"taxonomy":"product_cat","embeddable":true,"href":"https:\/\/brandss.com.py\/index\/wp-json\/wp\/v2\/product_cat?post=52255"},{"taxonomy":"product_tag","embeddable":true,"href":"https:\/\/brandss.com.py\/index\/wp-json\/wp\/v2\/product_tag?post=52255"}],"curies":[{"name":"wp","href":"https:\/\/api.w.org\/{rel}","templated":true}]}}