{"id":52282,"date":"2024-06-05T19:17:15","date_gmt":"2024-06-05T19:17:15","guid":{"rendered":"https:\/\/brandss.com.py\/index\/?post_type=product&#038;p=52282"},"modified":"2025-05-03T10:39:56","modified_gmt":"2025-05-03T10:39:56","slug":"batidor-dsp-de-mano-de-inmersion-300w","status":"publish","type":"product","link":"https:\/\/brandss.com.py\/index\/producto\/batidor-dsp-de-mano-de-inmersion-300w\/","title":{"rendered":"BATIDOR DSP DE MANO DE INMERSI\u00d3N 300W"},"content":{"rendered":"<p><img loading=\"lazy\" decoding=\"async\" class=\"\" src=\"https:\/\/api.patentes-y-marcas.com\/uploads\/BOPIBrand_imagen\/dsp-a016000127.jpg\" alt=\"dsp - Informaci\u00f3n sobre la marca\" width=\"158\" height=\"66\" \/><\/p>\n<h1>KM1021<\/h1>\n<p>Batidora de Mano Immersion Home Kitchen DSP 300W Negra (KM1021)<span>\u00a0mezcla y muele instant\u00e1neamente tus ingredientes saludables en el menor tiempo posible, convirti\u00e9ndolos en platos saludables y deliciosos preparados en tu hogar.<\/span><\/p>\n<p><strong><span class=\"a-list-item\">Operaci\u00f3n de 2 velocidades: <\/span><\/strong><\/p>\n<p><span class=\"a-list-item\"><span>Dise\u00f1ada para diferentes necesidades, esta batidora de mano tiene 2 velocidades de operaci\u00f3n para su elecci\u00f3n. Control de velocidad simple para uso con un solo cabezal.<\/span><\/span><\/p>\n<p><strong><span class=\"a-list-item\">Cuchillas de acero inoxidable:<\/span><\/strong><\/p>\n<p><span class=\"a-list-item\"><span> La hoja de acero inoxidable tiene bordes extra afilados y puede cortar casi los ingredientes que le dar\u00e1.<\/span><\/span><\/p>\n<p><strong><span class=\"a-list-item\">Material seguro y duradero:<\/span><\/strong><\/p>\n<p><span class=\"a-list-item\"><span>El cuerpo de la m\u00e1quina y la cuchilla est\u00e1n hechos de acero inoxidable 304 de ultra alta resistencia de grado alimenticio, larga vida \u00fatil y duradero.<\/span><\/span><\/p>\n<p><strong><span class=\"a-list-item\">Potente y silencioso:<\/span><\/strong><\/p>\n<p><span class=\"a-list-item\"><span> Equipado con un potente motor de alta velocidad de 300 vatios que admite una mezcla perfecta y el bajo nivel de ruido no lo har\u00e1 sentir inc\u00f3modo.<\/span><\/span><\/p>\n<p><strong><span class=\"a-list-item\">F\u00e1cil de limpiar:<\/span><\/strong><\/p>\n<p><span class=\"a-list-item\"><span> todas las piezas lavables se separan f\u00e1cilmente del motor, lo que significa que puede utilizar el lavavajillas para limpiar estos accesorios.<\/span><\/span><\/p>\n<p><b><span>Ventajas:<\/span><\/b><\/p>\n<ul>\n<li><span>Cuenta con cuchillas extra\u00edbles que se utilizan para batir crema, huevos y salsas.<\/span><\/li>\n<li><span>Pata de acero inoxidable con protecci\u00f3n contra salpicaduras.<\/span><\/li>\n<li>Equipado con un potente motor de 300 W que admite ingredientes duros<\/li>\n<li>La forma \u00fanica del cuerpo sin ranuras en la superficie facilita la limpieza<\/li>\n<\/ul>\n<p><b><span>Caracter\u00edsticas:<\/span><\/b><\/p>\n<ul>\n<li><span>Pie de licuadora extra\u00edble<\/span><\/li>\n<li>Potencia: 300W<\/li>\n<li>N\u00famero de velocidades: 2<\/li>\n<li><span>Material de inmersi\u00f3n: Acero inoxidable<\/span><\/li>\n<li><span>Material de la caja: pl\u00e1stico<\/span><\/li>\n<li><span>Potencia: 220-240V 50\/60Hz<\/span><\/li>\n<\/ul>\n<p><b><span>Equipo:<\/span><\/b><\/p>\n<ul>\n<li><span>Batidora de inmersi\u00f3n DSP KM-1021 Negra<\/span><\/li>\n<li><span>Instrucciones en ingl\u00e9s<\/span><\/li>\n<li><span>Embalaje de f\u00e1brica<\/span><\/li>\n<\/ul>\n","protected":false},"excerpt":{"rendered":"<p>KM1021 Batidora de Mano Immersion Home Kitchen DSP 300W Negra (KM1021)\u00a0mezcla y muele instant\u00e1neamente tus ingredientes saludables en el menor<\/p>\n","protected":false},"featured_media":52283,"comment_status":"open","ping_status":"closed","template":"","meta":{"nf_dc_page":""},"product_brand":[],"product_cat":[83],"product_tag":[],"class_list":{"0":"post-52282","1":"product","2":"type-product","3":"status-publish","4":"has-post-thumbnail","6":"product_cat-hogar","8":"first","9":"instock","10":"shipping-taxable","11":"purchasable","12":"product-type-simple"},"_links":{"self":[{"href":"https:\/\/brandss.com.py\/index\/wp-json\/wp\/v2\/product\/52282","targetHints":{"allow":["GET"]}}],"collection":[{"href":"https:\/\/brandss.com.py\/index\/wp-json\/wp\/v2\/product"}],"about":[{"href":"https:\/\/brandss.com.py\/index\/wp-json\/wp\/v2\/types\/product"}],"replies":[{"embeddable":true,"href":"https:\/\/brandss.com.py\/index\/wp-json\/wp\/v2\/comments?post=52282"}],"version-history":[{"count":1,"href":"https:\/\/brandss.com.py\/index\/wp-json\/wp\/v2\/product\/52282\/revisions"}],"predecessor-version":[{"id":52293,"href":"https:\/\/brandss.com.py\/index\/wp-json\/wp\/v2\/product\/52282\/revisions\/52293"}],"wp:featuredmedia":[{"embeddable":true,"href":"https:\/\/brandss.com.py\/index\/wp-json\/wp\/v2\/media\/52283"}],"wp:attachment":[{"href":"https:\/\/brandss.com.py\/index\/wp-json\/wp\/v2\/media?parent=52282"}],"wp:term":[{"taxonomy":"product_brand","embeddable":true,"href":"https:\/\/brandss.com.py\/index\/wp-json\/wp\/v2\/product_brand?post=52282"},{"taxonomy":"product_cat","embeddable":true,"href":"https:\/\/brandss.com.py\/index\/wp-json\/wp\/v2\/product_cat?post=52282"},{"taxonomy":"product_tag","embeddable":true,"href":"https:\/\/brandss.com.py\/index\/wp-json\/wp\/v2\/product_tag?post=52282"}],"curies":[{"name":"wp","href":"https:\/\/api.w.org\/{rel}","templated":true}]}}