{"id":52294,"date":"2024-06-06T17:38:21","date_gmt":"2024-06-06T17:38:21","guid":{"rendered":"https:\/\/brandss.com.py\/index\/?post_type=product&#038;p=52294"},"modified":"2025-05-26T12:43:56","modified_gmt":"2025-05-26T12:43:56","slug":"sandwichera-dps-7-en-1-800w","status":"publish","type":"product","link":"https:\/\/brandss.com.py\/index\/producto\/sandwichera-dps-7-en-1-800w\/","title":{"rendered":"SANDWICHERA DPS 7 EN 1 800W"},"content":{"rendered":"<p><img loading=\"lazy\" decoding=\"async\" class=\"\" src=\"https:\/\/api.patentes-y-marcas.com\/uploads\/BOPIBrand_imagen\/dsp-a016000127.jpg\" alt=\"dsp - Informaci\u00f3n sobre la marca\" width=\"175\" height=\"73\" \/><\/p>\n<h1>KC1162<\/h1>\n<p>Gofrera multifuncional multibaker 7 en 1 multimaker DSP KC1162 800W con paneles reemplazables con accesorios sandwichera grill avellanas sandwichera. <span>La m\u00e1quina para hacer m\u00faltiples (multipanadero) <\/span>DSP KC-1162<span>\u00a0es una excelente manera de ahorrar tiempo y en cuesti\u00f3n de minutos preparar s\u00e1ndwiches calientes con una variedad de rellenos, gofres esponjosos, gofres finos, s\u00e1ndwiches, galletas de nueces, magdalenas y rosquillas. Adem\u00e1s, una sandwichera te ayudar\u00e1 a diversificar tu men\u00fa de forma f\u00e1cil y natural con verduras, pescados y carnes a la parrilla. Multimaker (multi-baker)\u00a0<\/span>DSP KC-1162<span>\u00a0est\u00e1 equipado con siete placas reemplazables.<\/span><\/p>\n<p><strong><span>Ventajas:<\/span><\/strong><\/p>\n<ul>\n<li><strong><span>&#8220;Paneles extra\u00edbles&#8221;<\/span><\/strong><span>\u00a0Puede complacer a su familia con jugosos filetes de salm\u00f3n asados \u200b\u200ben el dispositivo Multi-Baker en el panel Grill, o invitar a sus amigos con galletas de coco preparadas en el dispositivo usando el panel Vienna Waffles. Y gracias al molde \u201cSandwich\u201d, el dispositivo \u201cMulti-Baker\u201d te ayudar\u00e1 a preparar tortitas.<\/span><\/li>\n<li><strong><span>&#8220;Recubrimiento antiadherente&#8221;<\/span><\/strong><span>\u00a0Con el dispositivo Multibaker es f\u00e1cil preparar platos saludables: productos horneados diet\u00e9ticos o carne magra. Los paneles del aparato est\u00e1n equipados con un revestimiento antiadherente, por lo que no es necesario lubricar generosamente los moldes con aceite. Puede agregar un poco de mantequilla a la masa para panqueques o tartas de queso; su plato no se quemar\u00e1. \u00a1Experimenta haciendo dulces y no te preocupes por tu figura!<\/span><\/li>\n<li><strong><span>\u201cErgonom\u00eda y compacidad\u201d<\/span><\/strong><span>\u00a0La longitud del dispositivo Multibaker es de 10,5 cm y el ancho es de 24 cm. El dispositivo es compacto, por lo que es conveniente llevarlo a la casa de campo y de viaje. Las asas de pl\u00e1stico tambi\u00e9n garantizan un transporte c\u00f3modo del dispositivo. Pero lo m\u00e1s importante es que el dispositivo &#8220;Multi-Baker&#8221; con un conjunto de paneles puede reemplazar varios aparatos de cocina a la vez: \u00a1una m\u00e1quina para hacer tortillas, una plancha para gofres, una parrilla, una sandwichera y otros dispositivos! Esto le ayudar\u00e1 a ahorrar en la compra de dispositivos especializados para fre\u00edr y hornear.<\/span><\/li>\n<\/ul>\n<p><strong><span>Tiene siete tipos de accesorios, el tama\u00f1o de los accesorios es de 12 por 22 cm.<\/span><\/strong><\/p>\n<ul>\n<li><span>Parrilla de contacto (presi\u00f3n)<\/span><\/li>\n<li><span>Oreshnitsa (como los sovi\u00e9ticos)<\/span><\/li>\n<li><span>Sandwichera (sandwichera, tostadora triangular)<\/span><\/li>\n<li><span>Plancha para gofres (gofres belgas gruesos, tambi\u00e9n conocidos como vieneses, de Bruselas, ondulados)<\/span><\/li>\n<li><span>Plancha para gofres (gofres finos para tubos)<\/span><\/li>\n<li><span>Donuts (bollos, secado)<\/span><\/li>\n<li><span>Madeleine (madeleine, concha)<\/span><\/li>\n<\/ul>\n<p><strong><span>&#8220;Gofres gofre&#8221;<\/span><\/strong><span>\u00a0: prepara gofres arom\u00e1ticos de Bruselas o belgas, que ser\u00e1n un excelente postre o reemplazar\u00e1n los panqueques habituales para el desayuno.<\/span><\/p>\n<p><strong><span>&#8220;Gofres finos&#8221;<\/span><\/strong><span>\u00a0: enrolle los gofres en tubos o conos para llenarlos con el relleno adecuado: crema batida, crema pastelera, mermelada, leche condensada hervida. O prepara gofres sin az\u00facar que puedes utilizar para hacer cestas o conos para servir pat\u00e9s, ensaladas y otros aperitivos.<\/span><\/p>\n<p><strong><span>\u201cSandwiches\u201d<\/span><\/strong><span>\u00a0: con pan tostado rectangular, preparar\u00e1 aut\u00e9nticos s\u00e1ndwiches ingleses con todo tipo de rellenos. Durante la cocci\u00f3n, se dividen en bonitos trozos triangulares.<\/span><\/p>\n<p><strong><span>&#8220;Grill&#8221;<\/span><\/strong><span>\u00a0es un accesorio universal. Su superficie acanalada crea un apetitoso patr\u00f3n de rayas. Dorar salchichas, trozos de pan, pan de pita e incluso cocinar huevos revueltos son algunas de las cosas que puede hacer una aut\u00e9ntica parrilla.<\/span><\/p>\n<p><strong><span>&#8220;Donuts&#8221;<\/span><\/strong><span>\u00a0: te permitir\u00e1 preparar deliciosos donuts fritos para el desayuno o tus galletas favoritas para el t\u00e9.<\/span><\/p>\n<p><strong><span>&#8220;Madeleine&#8221;<\/span><\/strong><span>\u00a0: magdalenas horneadas, muffins, galletas con forma de concha<\/span><\/p>\n<p><strong><span>&#8220;Oreshnitsa&#8221;<\/span><\/strong><span>\u00a0: le permitir\u00e1 disfrutar de productos horneados de reposter\u00eda arom\u00e1tica en forma de c\u00e1scaras de nueces, con deliciosos rellenos de leche condensada o crema.<\/span><\/p>\n<p><strong><span>Peculiaridades:<\/span><\/strong><\/p>\n<ul>\n<li><span>Carcasa de pl\u00e1stico resistente al calor<\/span><\/li>\n<li><span>Recubrimiento antiadherente<\/span><\/li>\n<li><span>Indicador de encendido<\/span><\/li>\n<li><span>Indicador listo para usar<\/span><\/li>\n<li><span>Bloqueo de abrazadera<\/span><\/li>\n<li><span>Tama\u00f1o compacto, f\u00e1cil de guardar<\/span><\/li>\n<li><span>Dise\u00f1o de molde antiadherente mejorado<\/span><\/li>\n<li><span>Calefacci\u00f3n de cobre<\/span><\/li>\n<li><span>Potencia aumentada hasta 800 W.<\/span><\/li>\n<li><span>Tambi\u00e9n es m\u00e1s conveniente instalar formularios con un bloqueo de fijaci\u00f3n mejorado.<\/span><\/li>\n<li><span>Todas las formas tienen un revestimiento antiadherente y son f\u00e1ciles de limpiar.<\/span><\/li>\n<\/ul>\n<p><strong><span>Caracter\u00edsticas:<\/span><\/strong><\/p>\n<ul>\n<li><span>Marca: DSP<\/span><\/li>\n<li><span>Revestimiento antiadherente del molde.<\/span><\/li>\n<li><span>Indicador de calentamiento<\/span><\/li>\n<li><span>Consumo de energ\u00eda: 800W.<\/span><\/li>\n<li><span>Sistema de bloqueo del mango<\/span><\/li>\n<li><span>Moldes extra\u00edbles para s\u00e1ndwiches, gofres, gofres finos, grill, donuts, avellanas y magdalenas;<\/span><\/li>\n<li><span>Tama\u00f1o de la boquilla: 13*22cm<\/span><\/li>\n<li><span>Carcasa de acero inoxidable;<\/span><\/li>\n<li><span>F\u00e1cil de limpiar;<\/span><\/li>\n<li><span>Asas con aislamiento t\u00e9rmico;<\/span><\/li>\n<li><span>Sistema de bloqueo de manija;<\/span><\/li>\n<li><span>2 luces de control de energ\u00eda y calefacci\u00f3n;<\/span><\/li>\n<li><span>Base de almacenamiento vertical;<\/span><\/li>\n<li><span>Fuente de alimentaci\u00f3n 220-240V, 50-60Hz.<\/span><\/li>\n<\/ul>\n","protected":false},"excerpt":{"rendered":"<p>KC1162 Gofrera multifuncional multibaker 7 en 1 multimaker DSP KC1162 800W con paneles reemplazables con accesorios sandwichera grill avellanas sandwichera.<\/p>\n","protected":false},"featured_media":52295,"comment_status":"open","ping_status":"closed","template":"","meta":{"nf_dc_page":""},"product_brand":[],"product_cat":[83],"product_tag":[],"class_list":{"0":"post-52294","1":"product","2":"type-product","3":"status-publish","4":"has-post-thumbnail","6":"product_cat-hogar","8":"first","9":"instock","10":"shipping-taxable","11":"purchasable","12":"product-type-simple"},"_links":{"self":[{"href":"https:\/\/brandss.com.py\/index\/wp-json\/wp\/v2\/product\/52294","targetHints":{"allow":["GET"]}}],"collection":[{"href":"https:\/\/brandss.com.py\/index\/wp-json\/wp\/v2\/product"}],"about":[{"href":"https:\/\/brandss.com.py\/index\/wp-json\/wp\/v2\/types\/product"}],"replies":[{"embeddable":true,"href":"https:\/\/brandss.com.py\/index\/wp-json\/wp\/v2\/comments?post=52294"}],"version-history":[{"count":1,"href":"https:\/\/brandss.com.py\/index\/wp-json\/wp\/v2\/product\/52294\/revisions"}],"predecessor-version":[{"id":52310,"href":"https:\/\/brandss.com.py\/index\/wp-json\/wp\/v2\/product\/52294\/revisions\/52310"}],"wp:featuredmedia":[{"embeddable":true,"href":"https:\/\/brandss.com.py\/index\/wp-json\/wp\/v2\/media\/52295"}],"wp:attachment":[{"href":"https:\/\/brandss.com.py\/index\/wp-json\/wp\/v2\/media?parent=52294"}],"wp:term":[{"taxonomy":"product_brand","embeddable":true,"href":"https:\/\/brandss.com.py\/index\/wp-json\/wp\/v2\/product_brand?post=52294"},{"taxonomy":"product_cat","embeddable":true,"href":"https:\/\/brandss.com.py\/index\/wp-json\/wp\/v2\/product_cat?post=52294"},{"taxonomy":"product_tag","embeddable":true,"href":"https:\/\/brandss.com.py\/index\/wp-json\/wp\/v2\/product_tag?post=52294"}],"curies":[{"name":"wp","href":"https:\/\/api.w.org\/{rel}","templated":true}]}}