{"id":52311,"date":"2024-06-08T13:45:58","date_gmt":"2024-06-08T13:45:58","guid":{"rendered":"https:\/\/brandss.com.py\/index\/?post_type=product&#038;p=52311"},"modified":"2026-05-04T12:54:03","modified_gmt":"2026-05-04T12:54:03","slug":"perfume-tommy-hilfiger-tommy-men-edt-100ml","status":"publish","type":"product","link":"https:\/\/brandss.com.py\/index\/producto\/perfume-tommy-hilfiger-tommy-men-edt-100ml\/","title":{"rendered":"PERFUME MASCULINO TOMMY HILFIGER TOMMY MEN EDT 100ML"},"content":{"rendered":"<p><img loading=\"lazy\" decoding=\"async\" class=\"\" src=\"https:\/\/i.pinimg.com\/originals\/85\/cf\/d7\/85cfd732b59cbb152a621f14c6a87788.png\" alt=\"TOMMY HILFIGER vector logo | Vector logo, ? logo, Tommy hilfiger\" width=\"147\" height=\"147\" \/><\/p>\n<h1>TOMMY MEN<\/h1>\n<p>Una fragancia joven y refrescante para todas las ocasiones.\u00a0Tommy, o\u00a0Tommy Boy, lanzado en 1995 es uno de los grandes \u00e9xitos de la casa\u00a0Tommy Hilfiger. Se inspir\u00f3 en la forma de vida del joven estadounidense, hoy conquista a los fan\u00e1ticos por el\u00a0audacia\u00a0y\u00a0carisma.<br \/>\nTommy Eau de Toilette captura la libertad y el optimismo de un viaje por carretera por Estados Unidos. La fragancia original e ic\u00f3nica de Tommy te anima a asimilarlo todo y darle forma cada d\u00eda y cada momento para mejor. Tommy Eau de Toilette es una fragancia amaderada efervescente que captura la libertad y el optimismo de un viaje por carretera en Estados Unidos. Los tesoros americanos, las notas de manzana crujiente y canela c\u00e1lida a\u00f1aden un hilo de nostalgia y comodidad. En el coraz\u00f3n, la refrescante y alegre mandarina contrasta con el vanguardista pachul\u00ed. Equilibrado con lavanda relajante y madera de cedro ambarina. Tommy fomenta una sensaci\u00f3n de libertad y calma. Una c\u00e1lida explosi\u00f3n de hojas verdes y c\u00edtricos da un toque energ\u00eda Temprano. Poco a poco, un coraz\u00f3n puro y transparente asume el control al anunciar un fondo acogedor.<br \/>\nTommy tiene un toque de inocenciapero anuncia un futuro gran hombre. Una fragancia atemporal, para el chico de buen gusto, afinado, moderno y exigente. Tiene planes, sue\u00f1os y est\u00e1 dispuesto a luchar por la victoria. &#8220;Haz que los sue\u00f1os se vuelvan realidad&#8221;.<\/p>\n<p>Tommy Eau de Toilette es una fragancia que puede definir a Estados Unidos. Una combinaci\u00f3n c\u00e1lida, con una base amaderada, potenciada por aromas c\u00edtricos y especiados,\u00a0refrescante e innegablemente moderna.<\/p>\n<blockquote>\n<p class=\"text-center\">La aut\u00e9ntica fragancia americana<br \/>\n&#8230; Atemporal &#8230;<\/p>\n<\/blockquote>\n<p>Un aroma lleno de carisma que destaca entre todas las fragancias &#8230;<\/p>\n<p>Enam\u00f3rese &#8230; \u00a1Para siempre!<\/p>\n<h2>ATM\u00d3SFERA OLFATIVA<\/h2>\n<p>Tommy de Hilfiger. La aut\u00e9ntica fragancia refrescante americana que te permite experimentar la encarnaci\u00f3n de la energ\u00eda, el entusiasmo y el sue\u00f1o americano.<\/p>\n<p><em>AROMA AROM\u00c1TICO DE FOUG\u00c8RE.<\/em><\/p>\n<div id=\"howTo\" class=\"product collapse in\" aria-expanded=\"true\">\n<p><strong>Notas de salida:<\/strong> Menta, Lavanda, Pomelo, Bergamota<\/p>\n<p><strong>Notas\u00a0de coraz\u00f3n:<\/strong> Ar\u00e1ndano, Rosa, Manzana Granny Smith<\/p>\n<p><strong>Notas\u00a0de fondo: <\/strong>\u00c1mbar, Cactus, Algodonero<\/p>\n<\/div>\n","protected":false},"excerpt":{"rendered":"<p>TOMMY MEN Una fragancia joven y refrescante para todas las ocasiones.\u00a0Tommy, o\u00a0Tommy Boy, lanzado en 1995 es uno de los<\/p>\n","protected":false},"featured_media":52312,"comment_status":"open","ping_status":"closed","template":"","meta":{"nf_dc_page":""},"product_brand":[1653],"product_cat":[84],"product_tag":[3071],"class_list":{"0":"post-52311","1":"product","2":"type-product","3":"status-publish","4":"has-post-thumbnail","6":"product_brand-tommy-hilfiger","7":"product_cat-perfumeria","8":"product_tag-3071","10":"first","11":"instock","12":"sale","13":"shipping-taxable","14":"purchasable","15":"product-type-simple"},"_links":{"self":[{"href":"https:\/\/brandss.com.py\/index\/wp-json\/wp\/v2\/product\/52311","targetHints":{"allow":["GET"]}}],"collection":[{"href":"https:\/\/brandss.com.py\/index\/wp-json\/wp\/v2\/product"}],"about":[{"href":"https:\/\/brandss.com.py\/index\/wp-json\/wp\/v2\/types\/product"}],"replies":[{"embeddable":true,"href":"https:\/\/brandss.com.py\/index\/wp-json\/wp\/v2\/comments?post=52311"}],"version-history":[{"count":3,"href":"https:\/\/brandss.com.py\/index\/wp-json\/wp\/v2\/product\/52311\/revisions"}],"predecessor-version":[{"id":61727,"href":"https:\/\/brandss.com.py\/index\/wp-json\/wp\/v2\/product\/52311\/revisions\/61727"}],"wp:featuredmedia":[{"embeddable":true,"href":"https:\/\/brandss.com.py\/index\/wp-json\/wp\/v2\/media\/52312"}],"wp:attachment":[{"href":"https:\/\/brandss.com.py\/index\/wp-json\/wp\/v2\/media?parent=52311"}],"wp:term":[{"taxonomy":"product_brand","embeddable":true,"href":"https:\/\/brandss.com.py\/index\/wp-json\/wp\/v2\/product_brand?post=52311"},{"taxonomy":"product_cat","embeddable":true,"href":"https:\/\/brandss.com.py\/index\/wp-json\/wp\/v2\/product_cat?post=52311"},{"taxonomy":"product_tag","embeddable":true,"href":"https:\/\/brandss.com.py\/index\/wp-json\/wp\/v2\/product_tag?post=52311"}],"curies":[{"name":"wp","href":"https:\/\/api.w.org\/{rel}","templated":true}]}}