{"id":52336,"date":"2024-06-08T14:52:46","date_gmt":"2024-06-08T14:52:46","guid":{"rendered":"https:\/\/brandss.com.py\/index\/?post_type=product&#038;p=52336"},"modified":"2026-01-21T14:44:00","modified_gmt":"2026-01-21T14:44:00","slug":"perfume-calvin-klein-be-edt-200ml","status":"publish","type":"product","link":"https:\/\/brandss.com.py\/index\/producto\/perfume-calvin-klein-be-edt-200ml\/","title":{"rendered":"PERFUME UNISEX CALVIN KLEIN CK BE EDT 200ML"},"content":{"rendered":"<p><img loading=\"lazy\" decoding=\"async\" class=\"\" src=\"https:\/\/1000logos.net\/wp-content\/uploads\/2021\/11\/Calvin-Klein-logo.png\" alt=\"Calvin Klein Logo and symbol, meaning, history, PNG, brand\" width=\"117\" height=\"66\" \/><\/p>\n<h1>BE<\/h1>\n<h4 class=\"fb-cpy-bold\">PERSONAL. VIGORIZANTE. C\u00c1LIDO.<\/h4>\n<p>Siguiendo la tradici\u00f3n de Calvin Klein, cre\u00f3 una fragancia unisex, para un p\u00fablico joven, cargada de fuerza, con un aire informal y apta para cualquier ocasi\u00f3n durante el d\u00eda a d\u00eda, una gran compa\u00f1era para CK One, pero con una clara diferencia, CK Be introduce la seducci\u00f3n entre sus objetivos<img loading=\"lazy\" decoding=\"async\" class=\"alignleft\" src=\"https:\/\/cosmetic.cl\/cdn\/shop\/products\/Disenosintitulo_65_1000x.png?v=1673364704\" width=\"598\" height=\"598\" \/><\/p>\n<p>BE esta distintivamente dise\u00f1ado con un objetivo en mente: que seas tu mismo. Se atrevido. Lanzada en 1996, CK Be es una sensual fragancia unisex que nos invita a cerrar los ojos y abrir la mente. Este aroma \u00edntimo, ideal para usar durante el d\u00eda, combina de manera \u00fanica la frescura t\u00f3nica con almizcles c\u00e1lidos y sensuales para una fragancia que invita a acercarse.<\/p>\n<div class=\"fb-product-information-tab__copy__new\">\n<div class=\"fb-product-information-tab__picture-text separator\">\n<div class=\"fb-product-information-tab__picture-text-second\">\n<h3 class=\"fb-cpy-bold\">Notas Olfativas<\/h3>\n<p>Su apertura con un fresco t\u00f3nico limpio compuesto por bergamota, bayas de enebro, mandarina, menta y lavanda, evolucionan hacia una mezcla fresca de especias, templada por la calidez floral de la magnolia.<\/p>\n<p>El fondo revela s\u00e1ndalo realzado por la calidez y riqueza de la haba tonka, para una fragancia amaderada fresca.<\/p>\n<\/div>\n<\/div>\n<\/div>\n<p>Un ic\u00f3nico frasco inspirado por un frasco medicinal. Su caja hecha con papel reciclado.<\/p>\n<p>Perfume unisex con aroma amaderado<\/p>\n<ul>\n<li><strong>Notas de salida:<\/strong> bergamota, mandarina, enebro, lavanda, menta y verde.<\/li>\n<li><strong>Notas de coraz\u00f3n:<\/strong> jazm\u00edn, orqu\u00eddea, fresia, magnolia y melocot\u00f3n.<\/li>\n<li><strong>Notas de fondo:<\/strong> \u00e1mbar, almizcle, s\u00e1ndalo y vainilla.<\/li>\n<\/ul>\n","protected":false},"excerpt":{"rendered":"<p>BE PERSONAL. VIGORIZANTE. C\u00c1LIDO. Siguiendo la tradici\u00f3n de Calvin Klein, cre\u00f3 una fragancia unisex, para un p\u00fablico joven, cargada de<\/p>\n","protected":false},"featured_media":91500,"comment_status":"open","ping_status":"closed","template":"","meta":{"nf_dc_page":""},"product_brand":[131],"product_cat":[84],"product_tag":[874],"class_list":{"0":"post-52336","1":"product","2":"type-product","3":"status-publish","4":"has-post-thumbnail","6":"product_brand-calvin-klein","7":"product_cat-perfumeria","8":"product_tag-874","10":"first","11":"instock","12":"sale","13":"shipping-taxable","14":"purchasable","15":"product-type-simple"},"_links":{"self":[{"href":"https:\/\/brandss.com.py\/index\/wp-json\/wp\/v2\/product\/52336","targetHints":{"allow":["GET"]}}],"collection":[{"href":"https:\/\/brandss.com.py\/index\/wp-json\/wp\/v2\/product"}],"about":[{"href":"https:\/\/brandss.com.py\/index\/wp-json\/wp\/v2\/types\/product"}],"replies":[{"embeddable":true,"href":"https:\/\/brandss.com.py\/index\/wp-json\/wp\/v2\/comments?post=52336"}],"version-history":[{"count":5,"href":"https:\/\/brandss.com.py\/index\/wp-json\/wp\/v2\/product\/52336\/revisions"}],"predecessor-version":[{"id":91501,"href":"https:\/\/brandss.com.py\/index\/wp-json\/wp\/v2\/product\/52336\/revisions\/91501"}],"wp:featuredmedia":[{"embeddable":true,"href":"https:\/\/brandss.com.py\/index\/wp-json\/wp\/v2\/media\/91500"}],"wp:attachment":[{"href":"https:\/\/brandss.com.py\/index\/wp-json\/wp\/v2\/media?parent=52336"}],"wp:term":[{"taxonomy":"product_brand","embeddable":true,"href":"https:\/\/brandss.com.py\/index\/wp-json\/wp\/v2\/product_brand?post=52336"},{"taxonomy":"product_cat","embeddable":true,"href":"https:\/\/brandss.com.py\/index\/wp-json\/wp\/v2\/product_cat?post=52336"},{"taxonomy":"product_tag","embeddable":true,"href":"https:\/\/brandss.com.py\/index\/wp-json\/wp\/v2\/product_tag?post=52336"}],"curies":[{"name":"wp","href":"https:\/\/api.w.org\/{rel}","templated":true}]}}