{"id":52340,"date":"2024-06-08T15:35:09","date_gmt":"2024-06-08T15:35:09","guid":{"rendered":"https:\/\/brandss.com.py\/index\/?post_type=product&#038;p=52340"},"modified":"2026-03-14T16:27:23","modified_gmt":"2026-03-14T16:27:23","slug":"perfume-calvin-klein-ck-one-edt-100ml","status":"publish","type":"product","link":"https:\/\/brandss.com.py\/index\/producto\/perfume-calvin-klein-ck-one-edt-100ml\/","title":{"rendered":"PERFUME UNISEX CALVIN KLEIN CK ONE EDT 100ML"},"content":{"rendered":"<p><img loading=\"lazy\" decoding=\"async\" class=\"\" src=\"https:\/\/1000logos.net\/wp-content\/uploads\/2021\/11\/Calvin-Klein-logo.png\" alt=\"Calvin Klein Logo and symbol, meaning, history, PNG, brand\" width=\"174\" height=\"98\" \/><\/p>\n<h1>CK ONE<\/h1>\n<div class=\"fb-product-information-tab__copy__new\">\n<div class=\"fb-product-information-tab__picture-text separator\">\n<div class=\"fb-product-information-tab__picture-text-second\">\n<h4 class=\"fb-cpy-bold\">UNA FRAGANCIA DE VANGUARDIA<\/h4>\n<p>CK One es revolucionario, rechaza los estereotipos de g\u00e9nero tradicionales y armoniza el almizcle floral femenino y masculino en un aroma unisex. Es la primera fragancia unisex de Calvin Klein, lanzada en 1994 y creada por el legendario perfumista Alberto Morillas. Una fragancia dise\u00f1ada para ser compartida por ellos y ellas.<\/p>\n<\/div>\n<\/div>\n<\/div>\n<p>CK One encarna un esp\u00edritu universal para un mundo diverso. Es una fragancia ic\u00f3nica que es audaz sin disculpas, pero que emana una sencillez fresca y juvenil. Celebrando la individualidad y la unidad, esta fragancia evoca la emoci\u00f3n de las oportunidades ilimitadas. Este refrescante spray en aerosol re\u00fane notas de t\u00e9 verde, papaya y bergamota. Perfectamente equilibrado con suaves acentos de nuez moscada, violeta, cardamomo y rosa. Convincente y din\u00e1mico, CK One es un di\u00e1logo entre lo masculino y lo femenino. Una versi\u00f3n m\u00e1s ligera de tu aroma favorito, compartida en broma entre hombres y mujeres. CK One abraza la igualdad y el equilibrio. Va m\u00e1s all\u00e1 de los estereotipos de g\u00e9nero tradicionales, armonizando el almizcle floral femenino y masculino en un aroma unisex, atractivo tanto para hombres como para mujeres.<\/p>\n<p>CK One fue una de las primeras marcas en incorporar la refrescante nota del T\u00e9 Verde.<\/p>\n<h4 class=\"fb-cpy-bold\">CK ONE EAU DE TOILETTE<img decoding=\"async\" class=\"alignleft\" src=\"https:\/\/imagedelivery.net\/4fYuQyy-r8_rpBpcY7lH_A\/falabellaCO\/inpage_media\/1397219_Bloque1\/w=560\" \/><\/h4>\n<p>Es una fragancia ic\u00f3nica para los tiempos modernos. Audaz y limpia, pero universal y con los pies en la tierra. Una fragancia para todos. El refrescante t\u00e9 verde se une a la rosa y la violeta, culminando en un final de almizcle y \u00e1mbar.<\/p>\n<h4 class=\"fb-cpy-bold\">FRIO. REFRESCANTE. IC\u00d3NICO.<\/h4>\n<p>Sus notas de salida de t\u00e9 verde, bergamota, cardamomo se mezclan con deliciosas notas de violeta, rosa y nuez moscada, para llegar a un desenlace con \u00e1mbar y almizcle; es una fragancia que derrocha frescura.<\/p>\n<p><strong>PIR\u00c1MIDE OLFATIVA<\/strong><\/p>\n<p>CK One de Calvin Klein es una fragancia de la familia olfativa C\u00edtrica Arom\u00e1tica para Hombres y Mujeres.<img decoding=\"async\" class=\"alignright\" src=\"https:\/\/imagedelivery.net\/4fYuQyy-r8_rpBpcY7lH_A\/falabellaCO\/inpage_media\/1397219_Bloque4\/w=560\" \/><\/p>\n<p>Esta fragancia de la familia olfativa c\u00edtrica arom\u00e1tica. Joven, fresca y atemporal, la convierte en una fragancia unisex dise\u00f1ada para usar a diario. Combina un exquisito equilibrio entre frescura, dinamismo y personalidad, perfecta para cualquier estaci\u00f3n del a\u00f1o. CK One se lanz\u00f3 en 1994. CK One fue creado por Alberto Morillas y Harry Fremont.<\/p>\n<p><strong>Las Notas de Salida son:<\/strong> pi\u00f1a, notas verdes, mandarina, papaya, bergamota, cardamomo y lim\u00f3n<\/p>\n<p><strong>Las Notas de Coraz\u00f3n son:<\/strong> nuez moscada, violeta, ra\u00edz de lirio, jazm\u00edn, lirio de los valles y rosa<\/p>\n<p><strong>Las Notas de Fondo son:<\/strong> s\u00e1ndalo, \u00e1mbar, almizcle, cedro y musgo de roble.<\/p>\n","protected":false},"excerpt":{"rendered":"<p>CK ONE UNA FRAGANCIA DE VANGUARDIA CK One es revolucionario, rechaza los estereotipos de g\u00e9nero tradicionales y armoniza el almizcle<\/p>\n","protected":false},"featured_media":52341,"comment_status":"open","ping_status":"closed","template":"","meta":{"nf_dc_page":""},"product_brand":[131],"product_cat":[84],"product_tag":[1029],"class_list":{"0":"post-52340","1":"product","2":"type-product","3":"status-publish","4":"has-post-thumbnail","6":"product_brand-calvin-klein","7":"product_cat-perfumeria","8":"product_tag-1029","10":"first","11":"instock","12":"sale","13":"shipping-taxable","14":"purchasable","15":"product-type-simple"},"_links":{"self":[{"href":"https:\/\/brandss.com.py\/index\/wp-json\/wp\/v2\/product\/52340","targetHints":{"allow":["GET"]}}],"collection":[{"href":"https:\/\/brandss.com.py\/index\/wp-json\/wp\/v2\/product"}],"about":[{"href":"https:\/\/brandss.com.py\/index\/wp-json\/wp\/v2\/types\/product"}],"replies":[{"embeddable":true,"href":"https:\/\/brandss.com.py\/index\/wp-json\/wp\/v2\/comments?post=52340"}],"version-history":[{"count":2,"href":"https:\/\/brandss.com.py\/index\/wp-json\/wp\/v2\/product\/52340\/revisions"}],"predecessor-version":[{"id":61137,"href":"https:\/\/brandss.com.py\/index\/wp-json\/wp\/v2\/product\/52340\/revisions\/61137"}],"wp:featuredmedia":[{"embeddable":true,"href":"https:\/\/brandss.com.py\/index\/wp-json\/wp\/v2\/media\/52341"}],"wp:attachment":[{"href":"https:\/\/brandss.com.py\/index\/wp-json\/wp\/v2\/media?parent=52340"}],"wp:term":[{"taxonomy":"product_brand","embeddable":true,"href":"https:\/\/brandss.com.py\/index\/wp-json\/wp\/v2\/product_brand?post=52340"},{"taxonomy":"product_cat","embeddable":true,"href":"https:\/\/brandss.com.py\/index\/wp-json\/wp\/v2\/product_cat?post=52340"},{"taxonomy":"product_tag","embeddable":true,"href":"https:\/\/brandss.com.py\/index\/wp-json\/wp\/v2\/product_tag?post=52340"}],"curies":[{"name":"wp","href":"https:\/\/api.w.org\/{rel}","templated":true}]}}