{"id":52378,"date":"2024-06-10T11:28:12","date_gmt":"2024-06-10T11:28:12","guid":{"rendered":"https:\/\/brandss.com.py\/index\/?post_type=product&#038;p=52378"},"modified":"2026-03-19T16:19:12","modified_gmt":"2026-03-19T16:19:12","slug":"perfume-calvin-klein-euphoria-men-edt-100ml","status":"publish","type":"product","link":"https:\/\/brandss.com.py\/index\/producto\/perfume-calvin-klein-euphoria-men-edt-100ml\/","title":{"rendered":"PERFUME MASCULINO CALVIN KLEIN EUPHORIA MEN EDT 100ML"},"content":{"rendered":"<p><img loading=\"lazy\" decoding=\"async\" class=\"\" src=\"https:\/\/logos-world.net\/wp-content\/uploads\/2020\/05\/Calvin-Klein-Logo.png\" alt=\"Calvin Klein Logo, symbol, meaning, history, PNG, brand\" width=\"149\" height=\"84\" \/><\/p>\n<h1 class=\"hidden-xs\">EUPHORIA MEN<\/h1>\n<p>Tentadora, excitante y atrevida. Euphoria para hombre es un Eau de Toilette que personifica la sensualidad masculina. Euphoria trae la promesa de recuerdos inolvidables, despertando el esp\u00edritu e inspirando nuevas experiencias.<\/p>\n<p>Intensamente lujosa, el Eau de Toilette Euphoria es una rica fragancia que se abre con jengibre y pimienta picantes junto a un acorde de sudachi fr\u00edo. Una excitante mezcla de albahaca negra y hoja de cedro envuelve el aroma, con un cremoso acorde de cuero y secoya brasile\u00f1a. El adictivo acorde de pachul\u00ed termina la fragancia y te deja con ganas de m\u00e1s. Euphoria encarna la sensualidad y la fuerza masculinas. Accesible, c\u00e1lida y seductora. Una fragancia naturalmente carism\u00e1tica.<\/p>\n<p><strong>PIR\u00c1MIDE OLFATIVA<\/strong><\/p>\n<p>El perfume Euphoria Men de Calvin Klein es una fragancia de la familia olfativa amaderada arom\u00e1tica para hombres.<\/p>\n<ul>\n<li><strong>Notas de salida:<\/strong>\u00a0Jengibre y pimienta<\/li>\n<li><strong>Notas de coraz\u00f3n:<\/strong>\u00a0Albahaca negra, salvia y cedro<\/li>\n<li><strong>Notas de fondo:<\/strong>\u00a0\u00c1mbar, gamuza, secuoya roja brasile\u00f1a y pachul\u00ed<\/li>\n<\/ul>\n","protected":false},"excerpt":{"rendered":"<p>EUPHORIA MEN Tentadora, excitante y atrevida. Euphoria para hombre es un Eau de Toilette que personifica la sensualidad masculina. Euphoria<\/p>\n","protected":false},"featured_media":52379,"comment_status":"open","ping_status":"closed","template":"","meta":{"nf_dc_page":""},"product_brand":[131],"product_cat":[84],"product_tag":[1658],"class_list":{"0":"post-52378","1":"product","2":"type-product","3":"status-publish","4":"has-post-thumbnail","6":"product_brand-calvin-klein","7":"product_cat-perfumeria","8":"product_tag-1658","10":"first","11":"instock","12":"shipping-taxable","13":"purchasable","14":"product-type-simple"},"_links":{"self":[{"href":"https:\/\/brandss.com.py\/index\/wp-json\/wp\/v2\/product\/52378","targetHints":{"allow":["GET"]}}],"collection":[{"href":"https:\/\/brandss.com.py\/index\/wp-json\/wp\/v2\/product"}],"about":[{"href":"https:\/\/brandss.com.py\/index\/wp-json\/wp\/v2\/types\/product"}],"replies":[{"embeddable":true,"href":"https:\/\/brandss.com.py\/index\/wp-json\/wp\/v2\/comments?post=52378"}],"version-history":[{"count":2,"href":"https:\/\/brandss.com.py\/index\/wp-json\/wp\/v2\/product\/52378\/revisions"}],"predecessor-version":[{"id":61733,"href":"https:\/\/brandss.com.py\/index\/wp-json\/wp\/v2\/product\/52378\/revisions\/61733"}],"wp:featuredmedia":[{"embeddable":true,"href":"https:\/\/brandss.com.py\/index\/wp-json\/wp\/v2\/media\/52379"}],"wp:attachment":[{"href":"https:\/\/brandss.com.py\/index\/wp-json\/wp\/v2\/media?parent=52378"}],"wp:term":[{"taxonomy":"product_brand","embeddable":true,"href":"https:\/\/brandss.com.py\/index\/wp-json\/wp\/v2\/product_brand?post=52378"},{"taxonomy":"product_cat","embeddable":true,"href":"https:\/\/brandss.com.py\/index\/wp-json\/wp\/v2\/product_cat?post=52378"},{"taxonomy":"product_tag","embeddable":true,"href":"https:\/\/brandss.com.py\/index\/wp-json\/wp\/v2\/product_tag?post=52378"}],"curies":[{"name":"wp","href":"https:\/\/api.w.org\/{rel}","templated":true}]}}