{"id":52386,"date":"2024-06-10T12:26:12","date_gmt":"2024-06-10T12:26:12","guid":{"rendered":"https:\/\/brandss.com.py\/index\/?post_type=product&#038;p=52386"},"modified":"2025-11-03T17:40:03","modified_gmt":"2025-11-03T17:40:03","slug":"perfume-calvin-klein-ck-in2u-men-edt-100ml","status":"publish","type":"product","link":"https:\/\/brandss.com.py\/index\/producto\/perfume-calvin-klein-ck-in2u-men-edt-100ml\/","title":{"rendered":"PERFUME MASCULINO CALVIN KLEIN CK IN2U MEN EDT 100ML"},"content":{"rendered":"<p><img loading=\"lazy\" decoding=\"async\" class=\"\" src=\"https:\/\/logos-world.net\/wp-content\/uploads\/2020\/05\/Calvin-Klein-Logo.png\" alt=\"Calvin Klein Logo, symbol, meaning, history, PNG, brand\" width=\"132\" height=\"74\" \/><\/p>\n<h1 class=\"text-uppercase\">CK IN2U MEN<\/h1>\n<p>Es inspirada en las nuevas generaciones, gente joven y amante de las nuevas tecnolog\u00edas, y de todo lo que ellas conllevan, rapidez, innovaci\u00f3n y conexiones instant\u00e1neas.<\/p>\n<p>CK IN2U for Men es un oriental intenso y amaderado. Penetrado con una atrevida efervescencia de ginebra de lima y almizcle fresco, crea una efervescencia contrastada que no se puede contener. Esta fragancia encarna una perspectiva fresca y una sensaci\u00f3n de pasi\u00f3n sin precedentes, en la que las conexiones se establecen de forma espont\u00e1nea y sin esfuerzo.<\/p>\n<p>Un coraz\u00f3n ardiente de pimiento se combina con el ligero picante de las hojas de shiso y el c\u00e1lido cacao. La chispa de la ginebra de lima y el tangelo aportan un divertido sentido de la diversi\u00f3n. El c\u00e1lido vetiver y la madera de palisandro ofrecen una base s\u00f3lida, con almizcles frescos que irradian de arriba a abajo. Una mezcla complicada, al igual que nuestros deseos interiores, que no se pueden domar una vez que se despiertan. Es una fragancia para un mundo en el que la libertad de expresi\u00f3n sensual es la norma y una sensaci\u00f3n de juego inocente impulsa los sentimientos de pasi\u00f3n subyacentes.<\/p>\n<p>CK IN2U encarna la confianza y la masculinidad sensual del hombre moderno. Una fragancia fresca que inspira la espontaneidad. CK IN2U for Him se lanz\u00f3 en 2007. CK IN2U for Him fue creada por Carlos Benaim, Bruno Jovanovic, Loc Dong y Jean-Marc Chaillan.<\/p>\n<p><strong>PIR\u00c1MIDE OLFATIVA<\/strong><\/p>\n<p>Ck In2u 100Ml Masculino de Calvin Klein es una fragancia de la familia olfativa Arom\u00e1tica Foug\u00e8re pa<\/p>\n<p><img loading=\"lazy\" decoding=\"async\" class=\"alignleft\" src=\"https:\/\/d3cdlnm7te7ky2.cloudfront.net\/media\/mf_webp\/jpg\/media\/catalog\/product\/cache\/8cafa0a86860701ec5138a548d16cdc2\/d\/-\/d-in2u-men-edt.webp\" width=\"412\" height=\"412\" \/><\/p>\n<p>ra Hombres.<\/p>\n<p><strong>Las notas de salida son:<\/strong> lim\u00f3n (lima \u00e1cida), hojas de tomatera, gin fizz, hojas de pomelo, y tangelo escarchado<\/p>\n<p><strong>Las notas de coraz\u00f3n son:<\/strong>\u00a0 vaina de cacao, pimienta<\/p>\n<p><strong>Las notas de fondo son:<\/strong> vetiver, cedro y almizcle blanco.<\/p>\n","protected":false},"excerpt":{"rendered":"<p>CK IN2U MEN Es inspirada en las nuevas generaciones, gente joven y amante de las nuevas tecnolog\u00edas, y de todo<\/p>\n","protected":false},"featured_media":52387,"comment_status":"open","ping_status":"closed","template":"","meta":{"nf_dc_page":""},"product_brand":[131],"product_cat":[84],"product_tag":[1031],"class_list":{"0":"post-52386","1":"product","2":"type-product","3":"status-publish","4":"has-post-thumbnail","6":"product_brand-calvin-klein","7":"product_cat-perfumeria","8":"product_tag-1031","10":"first","11":"instock","12":"sale","13":"shipping-taxable","14":"purchasable","15":"product-type-simple"},"_links":{"self":[{"href":"https:\/\/brandss.com.py\/index\/wp-json\/wp\/v2\/product\/52386","targetHints":{"allow":["GET"]}}],"collection":[{"href":"https:\/\/brandss.com.py\/index\/wp-json\/wp\/v2\/product"}],"about":[{"href":"https:\/\/brandss.com.py\/index\/wp-json\/wp\/v2\/types\/product"}],"replies":[{"embeddable":true,"href":"https:\/\/brandss.com.py\/index\/wp-json\/wp\/v2\/comments?post=52386"}],"version-history":[{"count":2,"href":"https:\/\/brandss.com.py\/index\/wp-json\/wp\/v2\/product\/52386\/revisions"}],"predecessor-version":[{"id":61734,"href":"https:\/\/brandss.com.py\/index\/wp-json\/wp\/v2\/product\/52386\/revisions\/61734"}],"wp:featuredmedia":[{"embeddable":true,"href":"https:\/\/brandss.com.py\/index\/wp-json\/wp\/v2\/media\/52387"}],"wp:attachment":[{"href":"https:\/\/brandss.com.py\/index\/wp-json\/wp\/v2\/media?parent=52386"}],"wp:term":[{"taxonomy":"product_brand","embeddable":true,"href":"https:\/\/brandss.com.py\/index\/wp-json\/wp\/v2\/product_brand?post=52386"},{"taxonomy":"product_cat","embeddable":true,"href":"https:\/\/brandss.com.py\/index\/wp-json\/wp\/v2\/product_cat?post=52386"},{"taxonomy":"product_tag","embeddable":true,"href":"https:\/\/brandss.com.py\/index\/wp-json\/wp\/v2\/product_tag?post=52386"}],"curies":[{"name":"wp","href":"https:\/\/api.w.org\/{rel}","templated":true}]}}