{"id":52401,"date":"2024-06-10T14:47:03","date_gmt":"2024-06-10T14:47:03","guid":{"rendered":"https:\/\/brandss.com.py\/index\/?post_type=product&#038;p=52401"},"modified":"2026-04-11T11:14:53","modified_gmt":"2026-04-11T11:14:53","slug":"perfume-calvin-klein-eternity-men-edt-100ml","status":"publish","type":"product","link":"https:\/\/brandss.com.py\/index\/producto\/perfume-calvin-klein-eternity-men-edt-100ml\/","title":{"rendered":"PERFUME MASCULINO CALVIN KLEIN ETERNITY MEN EDT 100ML"},"content":{"rendered":"<p><img loading=\"lazy\" decoding=\"async\" class=\"\" src=\"https:\/\/logos-world.net\/wp-content\/uploads\/2020\/05\/Calvin-Klein-Logo.png\" alt=\"Calvin Klein Logo, symbol, meaning, history, PNG, brand\" width=\"128\" height=\"72\" \/><\/p>\n<h1>ETERNITY MEN<\/h1>\n<p>Es una oda al hombre moderno, que resume su sentido innato de compromiso, sensibilidad y masculinidad. Con su aroma limpio y cautivador, Eternity for Men es perfecto para cualquier ocasi\u00f3n, ya sea para un d\u00eda en la oficina o una velada rom\u00e1ntica. Eternity\u00a0es una distintiva eau de toilette masculina y una referencia al amor duradero. Sensible pero masculino, fuerte pero refinado. Una fragancia para hombres que no temen conectarse con su lado sensible, este es un perfume para rom\u00e1nticos, aventureros y valientes<\/p>\n<p><strong>EL AROMA<\/strong><\/p>\n<p>&nbsp;<\/p>\n<p><img loading=\"lazy\" decoding=\"async\" class=\"alignleft\" src=\"https:\/\/media.theperfumeshop.com\/medias\/sys_master\/prd-images\/h1c\/hb4\/9178157973534\/prd-extra1-1023183_420x420\/calvin-klein-eternity-for-men-eau-de-toilette-spray-420x420.jpg\" width=\"572\" height=\"572\" \/><\/p>\n<p>Eternity para hombre es una fragancia fresca y vigorizante que captura la esencia de la renovaci\u00f3n y el dinamismo. Esta fragancia se abre con una explosi\u00f3n de frescas notas verdes, infundidas con la estimulante esencia de salvia, albahaca y g\u00e1lbano. Un sutil toque de mandarina a\u00f1ade un toque de dulzura, equilibrando perfectamente la frescura de los acordes verdes y aportando una armoniosa complejidad a la mezcla. A medida que se desarrolla la fragancia, emerge el c\u00e1lido abrazo de la madera de cedro, acompa\u00f1ado por los ricos matices del \u00e1mbar. Juntos, crean un acabado cl\u00e1sico y embriagador que deja una impresi\u00f3n duradera.<\/p>\n<p><strong>LA BOTELLA<\/strong><\/p>\n<p>&nbsp;<\/p>\n<p>Reflejando un esp\u00edritu de dise\u00f1o minimalista, la botella encarna fuerza y \u200b\u200bsimplicidad. Con l\u00edneas limpias y presencia audaz, este Eau de Toilette para hombre se presenta en un frasco de vidrio adornado con un tap\u00f3n plateado.<\/p>\n<p><b>C\u00d3MO UTILIZAR<\/b><\/p>\n<p>Para asegurarse de que este Eau de Toilette para hombres permanezca activo todo el d\u00eda, roc\u00edelo ligeramente en los puntos del pulso, como las mu\u00f1ecas, el cuello y detr\u00e1s de las orejas. Al emitir un calor natural, los puntos de pulso realzan naturalmente el magn\u00edfico aroma de la fragancia.<\/p>\n<p>&nbsp;<\/p>\n<p><strong>PIR\u00c1MIDE OLFATIVA<\/strong><\/p>\n<p>Refinada y sofisticada, Eternity celebra los conceptos de la masculinidad moderna. Una nueva nota amaderada reinventa la fragancia original de foug\u00e8re, aportando una frescura n\u00edtida con una estela potente pero elegante.<\/p>\n<p>El Perfume Eternity de Calvin Klein es una fragancia de la familia olfativa arom\u00e1tica foug\u00e8re para hombres.<\/p>\n<ul>\n<li><strong>Notas de salida:<\/strong> Lim\u00f3n (lima \u00e1cida), lavanda, bergamota y mandarina.<\/li>\n<li><strong>Notas de coraz\u00f3n:<\/strong> Geranio, cilantro, jazm\u00edn, flor de azahar del naranjo, salvia, bayas de enebro, albahaca, azucena y lirio de los valles (muguete).<\/li>\n<li><strong>Notas de fondo:<\/strong> Vetiver, almizcle, s\u00e1ndalo, palo de rosa de Brasil y \u00e1mbar.<\/li>\n<\/ul>\n<p>&nbsp;<\/p>\n","protected":false},"excerpt":{"rendered":"<p>ETERNITY MEN Es una oda al hombre moderno, que resume su sentido innato de compromiso, sensibilidad y masculinidad. Con su<\/p>\n","protected":false},"featured_media":91494,"comment_status":"open","ping_status":"closed","template":"","meta":{"nf_dc_page":""},"product_brand":[131],"product_cat":[84],"product_tag":[872],"class_list":{"0":"post-52401","1":"product","2":"type-product","3":"status-publish","4":"has-post-thumbnail","6":"product_brand-calvin-klein","7":"product_cat-perfumeria","8":"product_tag-872","10":"first","11":"instock","12":"sale","13":"shipping-taxable","14":"purchasable","15":"product-type-simple"},"_links":{"self":[{"href":"https:\/\/brandss.com.py\/index\/wp-json\/wp\/v2\/product\/52401","targetHints":{"allow":["GET"]}}],"collection":[{"href":"https:\/\/brandss.com.py\/index\/wp-json\/wp\/v2\/product"}],"about":[{"href":"https:\/\/brandss.com.py\/index\/wp-json\/wp\/v2\/types\/product"}],"replies":[{"embeddable":true,"href":"https:\/\/brandss.com.py\/index\/wp-json\/wp\/v2\/comments?post=52401"}],"version-history":[{"count":4,"href":"https:\/\/brandss.com.py\/index\/wp-json\/wp\/v2\/product\/52401\/revisions"}],"predecessor-version":[{"id":91496,"href":"https:\/\/brandss.com.py\/index\/wp-json\/wp\/v2\/product\/52401\/revisions\/91496"}],"wp:featuredmedia":[{"embeddable":true,"href":"https:\/\/brandss.com.py\/index\/wp-json\/wp\/v2\/media\/91494"}],"wp:attachment":[{"href":"https:\/\/brandss.com.py\/index\/wp-json\/wp\/v2\/media?parent=52401"}],"wp:term":[{"taxonomy":"product_brand","embeddable":true,"href":"https:\/\/brandss.com.py\/index\/wp-json\/wp\/v2\/product_brand?post=52401"},{"taxonomy":"product_cat","embeddable":true,"href":"https:\/\/brandss.com.py\/index\/wp-json\/wp\/v2\/product_cat?post=52401"},{"taxonomy":"product_tag","embeddable":true,"href":"https:\/\/brandss.com.py\/index\/wp-json\/wp\/v2\/product_tag?post=52401"}],"curies":[{"name":"wp","href":"https:\/\/api.w.org\/{rel}","templated":true}]}}