{"id":52423,"date":"2024-06-10T19:15:17","date_gmt":"2024-06-10T19:15:17","guid":{"rendered":"https:\/\/brandss.com.py\/index\/?post_type=product&#038;p=52423"},"modified":"2025-12-10T13:35:07","modified_gmt":"2025-12-10T13:35:07","slug":"perfume-nina-ricci-nina-edt-80ml","status":"publish","type":"product","link":"https:\/\/brandss.com.py\/index\/producto\/perfume-nina-ricci-nina-edt-80ml\/","title":{"rendered":"PERFUME FEMENINO NINA RICCI NINA EDT 80ML"},"content":{"rendered":"<p><img loading=\"lazy\" decoding=\"async\" class=\"\" src=\"https:\/\/cdn.freebiesupply.com\/logos\/large\/2x\/nina-ricci-1-logo-png-transparent.png\" alt=\"Nina Ricci Logo PNG Transparent &amp; SVG Vector - Freebie Supply\" width=\"95\" height=\"95\" \/><\/p>\n<h1>NINA<\/h1>\n<p>Inspirada en la naturaleza, Nina de Nina Ricci es una fragancia vegana tan deliciosamente fresca y tentadora como una manzana toffee. Es una fragancia c\u00edtrica-floral moderna, llena de positividad y un toque de alegr\u00eda.<\/p>\n<div class=\"styles_title__3PKaI styles_title-18-24-haffer-semibold__YO_hj colors_black___EKjZ styling_uppercase__2VSuA styling_align-left__6AH_0 styles_RichText___Rssn styles_uppercaseLink__MO9KQ\">\n<h3>EL FRASCO<\/h3>\n<\/div>\n<div class=\"styles_text__NcYW9 styles_text-12-14-haffer__zWFm3 colors_mine-shaft__GG0dI styling_align-left__6AH_0 styles_RichText___Rssn styles_uppercaseLink__MO9KQ\">\n<p>El ic\u00f3nico frasco con forma de manzana de Nina luce un brillante acabado rosa trasl\u00facido y est\u00e1 adornado con un precioso tap\u00f3n plateado.<\/p>\n<p>La nueva caja y botella de Nina, disponible ahora en formato de 80 ml, es rellenable y est\u00e1 fabricada con un 20% de vidrio reciclado y materiales 100% reciclables. Adem\u00e1s, cada componente es f\u00e1cil de separar, lo que facilita su reciclaje.<\/p>\n<div class=\"styles_Wysiwyg__FSpkn styles_base-grid__hHO_O\">\n<div class=\"styles_title__coCSv styles_title-18-24-haffer-semibold__YO_hj colors_black___EKjZ styling_uppercase__2VSuA styling_align-center__XXWlI styles_RichText___Rssn styles_uppercaseLink__MO9KQ\">\n<h5>FORMULADA CON INGREDIENTES QUE SE DESCOMPONEN DE FORMA SEGURA, NINA REDUCE SU IMPACTO SOBRE EL MEDIO AMBIENTE EN CADA FASE DE SU CREACI\u00d3N.<\/h5>\n<div class=\"styles_title__3PKaI styles_title-18-24-haffer-semibold__YO_hj colors_black___EKjZ styling_uppercase__2VSuA styling_align-center__XXWlI styles_RichText___Rssn styles_uppercaseLink__MO9KQ\">\n<h3>VEGANO<\/h3>\n<\/div>\n<div class=\"styles_text__NcYW9 styles_text-12-14-haffer__zWFm3 colors_mine-shaft__GG0dI styling_align-center__XXWlI styles_RichText___Rssn styles_uppercaseLink__MO9KQ\">\n<p>Todos nuestros limones se utilizan de la A a la C&#8230;\u00e1scara, o sea, el fruto al completo: el jugo, la c\u00e1scara y tambi\u00e9n la pulpa, lo que le brinda un toque gourmet a este extracto din\u00e1mico y acidulado.<\/p>\n<p>Adem\u00e1s, es vegana, ya que apoyamos la prohibici\u00f3n de la experimentaci\u00f3n en animales en todo el mundo y rechazamos la utilizaci\u00f3n de ingredientes y derivados de origen animal, como la cera de abeja, el almizcle animal, el \u00e1mbar gris, el cast\u00f3reo, el almizcle de civeta y los almizcles sint\u00e9ticos no veganos. Nuestros perfumes no contienen ning\u00fan ingrediente de origen animal, ni derivados de animales, ni cosechados de origen animal. Adem\u00e1s, nuestra marca sigue cuidadosamente la normativa de la UE y no prueba productos ni ingredientes en animales, y aplica estas mismas estrictas normas \u00e9ticas en cualquier otro pa\u00eds del mundo.<\/p>\n<div class=\"styles_header__2Cfb_\">\n<div class=\"styles_title__8DwY7 styles_title-24-haffer-semibold__CAmpZ colors_black___EKjZ styling_uppercase__2VSuA styles_RichText___Rssn styles_uppercaseLink__MO9KQ\">\n<h3>LA MANZANA M\u00c1S IRRESISTIBLE<\/h3>\n<\/div>\n<div class=\"styles_description__BWPym styles_text-12-14-haffer__zWFm3 colors_mine-shaft__GG0dI styles_RichText___Rssn styles_uppercaseLink__MO9KQ\">\n<p>Inspirada en la dulce tentaci\u00f3n del fruto prohibido, esta fragancia floral c\u00edtrica que hace la boca agua es, a la vez,\u00a0luminosa, chispeante y l\u00fadica.<\/p>\n<p>Con la atracci\u00f3n irresistible de una deliciosa\u00a0manzana de caramelo, una reluciente capa confitada envuelve el jugoso fruto de su interior. Una generosa nube de almizcle blanco batido envuelve a una refinada madera de cedro con su cremosa calidez. El lim\u00f3n de Italia se fusiona con la lima para crear un acorde refrescante, \u00e1cido y efervescente.<\/p>\n<p>El aroma\u00a0floral c\u00edtrico\u00a0de Nina se abre con un chispeante d\u00fao de lim\u00f3n de Italia y lima Caipiri\u00f1a. Esta salida energizante da paso a un delicioso coraz\u00f3n de manzana caramelizada. Cubierta de crujiente caramelo, esta nota gustativa est\u00e1 equilibrada con aterciopelados p\u00e9talos de gardenia. Las notas de fondo del perfume revelan a continuaci\u00f3n una deslumbrante sensualidad. Una madera de cedro generosa y voluptuosa abraza a un rico y c\u00e1lido almizcle blanco. Un acorde final moderno y magn\u00e9tico para esta fragancia inspiradora.<\/p>\n<\/div>\n<\/div>\n<div class=\"styles_footer__Pt5tO\">\n<div class=\"styles_subtitle__hkd2O styles_title-14-24-haffer-semibold__2_RDm colors_black___EKjZ styling_uppercase__2VSuA styles_RichText___Rssn styles_uppercaseLink__MO9KQ\">\n<h4>NOTAS OLFATIVAS<\/h4>\n<\/div>\n<p>El perfume Nina Ricci Nina\u00a0es una fragancia de la familia olfativa floral frutal para mujeres.<\/p>\n<ul>\n<li><strong>Notas de salida:<\/strong>\u00a0Lim\u00f3n de Amalfi y lima<\/li>\n<li><strong>Notas de coraz\u00f3n:<\/strong>\u00a0Manzana Granny Smith, pralin\u00e9, peon\u00eda y datura<\/li>\n<li><strong>Notas de fondo:<\/strong>\u00a0\u00c1rbol de manzano, almizcle y cedro de Virginia<\/li>\n<\/ul>\n<div class=\"styles_texts__GtiN_\">\n<div class=\"styles_label__Qigf4 styles_label-10-12-haffer-semibold__eWG_2 colors_dove-gray__zkpt5 styling_uppercase__2VSuA styles_RichText___Rssn styles_uppercaseLink__MO9KQ\"><\/div>\n<\/div>\n<\/div>\n<\/div>\n<\/div>\n<\/div>\n<div class=\"styles_EditoImage__4BqzI styles_base-grid__hHO_O styles_reversed__S5aMc\">\n<div class=\"styles_Image__ySdAW styles_image__26zCI\">\n<div class=\"styles_ratio__eLQYC\"><\/div>\n<\/div>\n<\/div>\n<\/div>\n","protected":false},"excerpt":{"rendered":"<p>NINA Inspirada en la naturaleza, Nina de Nina Ricci es una fragancia vegana tan deliciosamente fresca y tentadora como una<\/p>\n","protected":false},"featured_media":52424,"comment_status":"open","ping_status":"closed","template":"","meta":{"nf_dc_page":""},"product_brand":[1659],"product_cat":[84],"product_tag":[1660],"class_list":{"0":"post-52423","1":"product","2":"type-product","3":"status-publish","4":"has-post-thumbnail","6":"product_brand-nina-ricci","7":"product_cat-perfumeria","8":"product_tag-1660","10":"first","11":"instock","12":"shipping-taxable","13":"purchasable","14":"product-type-simple"},"_links":{"self":[{"href":"https:\/\/brandss.com.py\/index\/wp-json\/wp\/v2\/product\/52423","targetHints":{"allow":["GET"]}}],"collection":[{"href":"https:\/\/brandss.com.py\/index\/wp-json\/wp\/v2\/product"}],"about":[{"href":"https:\/\/brandss.com.py\/index\/wp-json\/wp\/v2\/types\/product"}],"replies":[{"embeddable":true,"href":"https:\/\/brandss.com.py\/index\/wp-json\/wp\/v2\/comments?post=52423"}],"version-history":[{"count":2,"href":"https:\/\/brandss.com.py\/index\/wp-json\/wp\/v2\/product\/52423\/revisions"}],"predecessor-version":[{"id":61735,"href":"https:\/\/brandss.com.py\/index\/wp-json\/wp\/v2\/product\/52423\/revisions\/61735"}],"wp:featuredmedia":[{"embeddable":true,"href":"https:\/\/brandss.com.py\/index\/wp-json\/wp\/v2\/media\/52424"}],"wp:attachment":[{"href":"https:\/\/brandss.com.py\/index\/wp-json\/wp\/v2\/media?parent=52423"}],"wp:term":[{"taxonomy":"product_brand","embeddable":true,"href":"https:\/\/brandss.com.py\/index\/wp-json\/wp\/v2\/product_brand?post=52423"},{"taxonomy":"product_cat","embeddable":true,"href":"https:\/\/brandss.com.py\/index\/wp-json\/wp\/v2\/product_cat?post=52423"},{"taxonomy":"product_tag","embeddable":true,"href":"https:\/\/brandss.com.py\/index\/wp-json\/wp\/v2\/product_tag?post=52423"}],"curies":[{"name":"wp","href":"https:\/\/api.w.org\/{rel}","templated":true}]}}