{"id":52429,"date":"2024-06-11T13:32:14","date_gmt":"2024-06-11T13:32:14","guid":{"rendered":"https:\/\/brandss.com.py\/index\/?post_type=product&#038;p=52429"},"modified":"2025-12-10T13:35:35","modified_gmt":"2025-12-10T13:35:35","slug":"perfume-nina-ricci-rouge-edt-80ml","status":"publish","type":"product","link":"https:\/\/brandss.com.py\/index\/producto\/perfume-nina-ricci-rouge-edt-80ml\/","title":{"rendered":"PERFUME FEMENINO NINA RICCI ROUGE EDT 80ML"},"content":{"rendered":"<p><img loading=\"lazy\" decoding=\"async\" class=\"\" src=\"https:\/\/cdn.freebiesupply.com\/logos\/large\/2x\/nina-ricci-1-logo-png-transparent.png\" alt=\"Nina Ricci Logo PNG Transparent &amp; SVG Vector - Freebie Supply\" width=\"83\" height=\"83\" \/><\/p>\n<h1 class=\"styles_nameText__BUO06 styles_title-30-35-haffer-semibold__rnBq6 colors_black___EKjZ styling_uppercase__2VSuA\">NINA ROUGE<\/h1>\n<p>Nina Ricci invoca toda la magia de su emblem\u00e1tica fragancia femenina Nina en una nueva creaci\u00f3n a\u00fan m\u00e1s Nina, todav\u00eda m\u00e1s Ricci: Nina Rouge.<\/p>\n<p><span>Una manzana acaramelada. En la l\u00ednea de su ic\u00f3nico perfume,\u00a0<\/span><span>Nina<\/span><span>\u00a0, Nina Ricci ha creado Nina Rouge: una variaci\u00f3n exquisita, que se atreve a ser a\u00fan m\u00e1s sensual y golosa.<\/span><\/p>\n<p class=\"text-justify\">Nina rouge eau de toilette\u00a0es una fragancia a\u00fan m\u00e1s intensa y audaz que la cl\u00e1sica eau de toilette Nina.<\/p>\n<p class=\"text-justify\">El frasco aparece con una manzana roja caramelizada que se agrieta mostrando intensidad.<img loading=\"lazy\" decoding=\"async\" class=\"alignleft\" src=\"https:\/\/images.prismic.io\/nina-ricci\/b59ebc6d-2597-475f-a464-929962cb3d93_NINA_XMAS20214.jpg?q=60&amp;auto=compress,format&amp;fit=max&amp;width=640\" width=\"373\" height=\"373\" \/><\/p>\n<blockquote>\n<p class=\"text-center\">Una fragancia intensa y exuberante.<\/p>\n<\/blockquote>\n<p class=\"text-justify\">Existe un equilibrio entre las notas afrutadas y frescas que se abren a las notas especiadas y aterciopeladas de la flor de jengibre y la gardenia, que permanecen en la piel junto con la vainilla bourbon y el caramelo.<\/p>\n<p class=\"text-justify\">Esta fusi\u00f3n de notas da como resultado una fragancia rom\u00e1ntica e intensa que nos hace so\u00f1ar y creer en los cuentos de hadas.<\/p>\n<div class=\"styles_title__3PKaI styles_title-18-24-haffer-semibold__YO_hj colors_black___EKjZ styling_uppercase__2VSuA styling_align-left__6AH_0 styles_RichText___Rssn styles_uppercaseLink__MO9KQ\">\n<h3>EL FRASCO<\/h3>\n<\/div>\n<div class=\"styles_text__NcYW9 styles_text-12-14-haffer__zWFm3 colors_mine-shaft__GG0dI styling_align-left__6AH_0 styles_RichText___Rssn styles_uppercaseLink__MO9KQ\">\n<p>Un perfume para com\u00e9rselo.<em>\u00a0<\/em>El c\u00e9lebre frasco con forma de manzana mordida se reinventa en una realista versi\u00f3n lacada en un rojo irresistible.<\/p>\n<div class=\"styles_header__2Cfb_\">\n<div class=\"styles_title__8DwY7 styles_title-24-haffer-semibold__CAmpZ colors_black___EKjZ styling_uppercase__2VSuA styles_RichText___Rssn styles_uppercaseLink__MO9KQ\">\n<h3>DELICIA OLFATIVA<\/h3>\n<\/div>\n<div class=\"styles_description__BWPym styles_text-12-14-haffer__zWFm3 colors_mine-shaft__GG0dI styles_RichText___Rssn styles_uppercaseLink__MO9KQ\">\n<p>Nina Rouge arranca con un toque de jugosa frambuesa y de cidra acidulada. La flor de jengibre hace vibrar las delicadas notas de gardenia. El conjunto queda envuelto con un celestial acorde de vainilla bourbon y caramelo crujiente. Pura delicia.<\/p>\n<p>&nbsp;<\/p>\n<\/div>\n<\/div>\n<div class=\"styles_footer__Pt5tO\">\n<div class=\"styles_subtitle__hkd2O styles_title-14-24-haffer-semibold__2_RDm colors_black___EKjZ styling_uppercase__2VSuA styles_RichText___Rssn styles_uppercaseLink__MO9KQ\">\n<h3>NOTAS OLFATIVAS<\/h3>\n<h3><img loading=\"lazy\" decoding=\"async\" class=\"alignleft\" src=\"https:\/\/static.sweetcare.pt\/img\/prd\/488\/v-638484296324058378\/nina-ricci-012405nh-3@2x.webp\" alt=\"Nina Ricci\" width=\"454\" height=\"454\" \/><\/h3>\n<div><strong>Familia olfativa: <\/strong>floral frutal gourmand para mujeres.<\/div>\n<div><\/div>\n<div><strong>&#8211; Nota de salida:<\/strong> frambuesa y cidra.<\/p>\n<\/div>\n<div><strong>&#8211; Nota de coraz\u00f3n:<\/strong> gardenia y flor de jengibre.<\/p>\n<\/div>\n<div><strong>&#8211; Nota de fondo:\u00a0<\/strong>caramelo y vainilla Bourbon.<\/div>\n<\/div>\n<\/div>\n<div><\/div>\n<div><\/div>\n<div><strong>\u00a1LA VIE EN ROUGE!<\/strong><\/div>\n<\/div>\n","protected":false},"excerpt":{"rendered":"<p>NINA ROUGE Nina Ricci invoca toda la magia de su emblem\u00e1tica fragancia femenina Nina en una nueva creaci\u00f3n a\u00fan m\u00e1s<\/p>\n","protected":false},"featured_media":52430,"comment_status":"open","ping_status":"closed","template":"","meta":{"nf_dc_page":""},"product_brand":[1659],"product_cat":[84],"product_tag":[1661],"class_list":{"0":"post-52429","1":"product","2":"type-product","3":"status-publish","4":"has-post-thumbnail","6":"product_brand-nina-ricci","7":"product_cat-perfumeria","8":"product_tag-1661","10":"first","11":"instock","12":"shipping-taxable","13":"purchasable","14":"product-type-simple"},"_links":{"self":[{"href":"https:\/\/brandss.com.py\/index\/wp-json\/wp\/v2\/product\/52429","targetHints":{"allow":["GET"]}}],"collection":[{"href":"https:\/\/brandss.com.py\/index\/wp-json\/wp\/v2\/product"}],"about":[{"href":"https:\/\/brandss.com.py\/index\/wp-json\/wp\/v2\/types\/product"}],"replies":[{"embeddable":true,"href":"https:\/\/brandss.com.py\/index\/wp-json\/wp\/v2\/comments?post=52429"}],"version-history":[{"count":2,"href":"https:\/\/brandss.com.py\/index\/wp-json\/wp\/v2\/product\/52429\/revisions"}],"predecessor-version":[{"id":61736,"href":"https:\/\/brandss.com.py\/index\/wp-json\/wp\/v2\/product\/52429\/revisions\/61736"}],"wp:featuredmedia":[{"embeddable":true,"href":"https:\/\/brandss.com.py\/index\/wp-json\/wp\/v2\/media\/52430"}],"wp:attachment":[{"href":"https:\/\/brandss.com.py\/index\/wp-json\/wp\/v2\/media?parent=52429"}],"wp:term":[{"taxonomy":"product_brand","embeddable":true,"href":"https:\/\/brandss.com.py\/index\/wp-json\/wp\/v2\/product_brand?post=52429"},{"taxonomy":"product_cat","embeddable":true,"href":"https:\/\/brandss.com.py\/index\/wp-json\/wp\/v2\/product_cat?post=52429"},{"taxonomy":"product_tag","embeddable":true,"href":"https:\/\/brandss.com.py\/index\/wp-json\/wp\/v2\/product_tag?post=52429"}],"curies":[{"name":"wp","href":"https:\/\/api.w.org\/{rel}","templated":true}]}}