{"id":52442,"date":"2024-06-11T14:06:31","date_gmt":"2024-06-11T14:06:31","guid":{"rendered":"https:\/\/brandss.com.py\/index\/?post_type=product&#038;p=52442"},"modified":"2025-12-10T13:36:07","modified_gmt":"2025-12-10T13:36:07","slug":"perfume-nina-ricci-nina-extra-rouge-edp-80ml","status":"publish","type":"product","link":"https:\/\/brandss.com.py\/index\/producto\/perfume-nina-ricci-nina-extra-rouge-edp-80ml\/","title":{"rendered":"PERFUME FEMENINO NINA RICCI NINA EXTRA ROUGE EDP 80ML"},"content":{"rendered":"<p><img loading=\"lazy\" decoding=\"async\" class=\"\" src=\"https:\/\/cdn.freebiesupply.com\/logos\/large\/2x\/nina-ricci-1-logo-png-transparent.png\" alt=\"Nina Ricci Logo PNG Transparent &amp; SVG Vector - Freebie Supply\" width=\"114\" height=\"114\" \/><\/p>\n<h1>NINA EXTRA ROUGE<\/h1>\n<p>El esp\u00edritu de Nina Rouge, en una versi\u00f3n intensa\u2026 A\u00fan m\u00e1s marcada, m\u00e1s atrevida, la nueva fragancia Nina Extra Rouge de Nina Ricci no es deliciosa: es EXTRA-deliciosa. Sus notas de frambuesa, grosella negra y capullos de rosa giran alrededor de un poderoso y marcado acuerdo de praline. Un eau de parfum con una fuerte personalidad, en un frasco en forma de manzana enteramente vestido de rojo mate aterciopelado.<\/p>\n<div class=\"row\">\n<div class=\"col-md-12 col-xs-12\">\n<div class=\"product-info mt30\">\n<div class=\"tab-content\">\n<div id=\"desc\" class=\"tab-pane fade active\">\n<div class=\"product-description\">\n<p>\u00bfSu audacia? Tonos golosos que se pasan de la raya.<\/p>\n<p>EXTRA-gourmand.<\/p>\n<p><img loading=\"lazy\" decoding=\"async\" class=\"alignleft\" src=\"https:\/\/www.lapolar.cl\/dw\/image\/v2\/BCPP_PRD\/on\/demandware.static\/-\/Sites-master-catalog\/default\/dwbed99f45\/images\/large\/3CC25060776.jpg?sw=1200&amp;sh=1200&amp;sm=fit\" width=\"614\" height=\"614\" \/><\/p>\n<p><strong>LA BOTELLA<\/strong><br \/>\nManzana EXTRA mate.<\/p>\n<p>El ic\u00f3nico frasco con forma de manzana de Nina Ricci se viste de un rojo mate aterciopelado. Una mirada atrevida, en sinton\u00eda con el car\u00e1cter asertivo de la fragancia.<\/p>\n<p>&nbsp;<\/p>\n<p><strong>PIR\u00c1MIDE OLFATIVA<\/strong><\/p>\n<p>El perfume Nina Extra Rouge de Nina Ricci es una fragancia de la familia olfativa floral frutal gourmand para mujeres.<\/p>\n<ul>\n<li><strong>Notas de salida:<\/strong>\u00a0Frambuesa, grosellas negras y toronja<\/li>\n<li><strong>Notas de coraz\u00f3n:<\/strong>\u00a0T\u00e9 y rosa<\/li>\n<li><strong>Notas de fondo:<\/strong>\u00a0Pralin\u00e9 y vainilla<\/li>\n<\/ul>\n<\/div>\n<\/div>\n<\/div>\n<\/div>\n<\/div>\n<\/div>\n","protected":false},"excerpt":{"rendered":"<p>NINA EXTRA ROUGE El esp\u00edritu de Nina Rouge, en una versi\u00f3n intensa\u2026 A\u00fan m\u00e1s marcada, m\u00e1s atrevida, la nueva fragancia<\/p>\n","protected":false},"featured_media":52443,"comment_status":"open","ping_status":"closed","template":"","meta":{"nf_dc_page":""},"product_brand":[1659],"product_cat":[84],"product_tag":[1662],"class_list":{"0":"post-52442","1":"product","2":"type-product","3":"status-publish","4":"has-post-thumbnail","6":"product_brand-nina-ricci","7":"product_cat-perfumeria","8":"product_tag-1662","10":"first","11":"instock","12":"shipping-taxable","13":"purchasable","14":"product-type-simple"},"_links":{"self":[{"href":"https:\/\/brandss.com.py\/index\/wp-json\/wp\/v2\/product\/52442","targetHints":{"allow":["GET"]}}],"collection":[{"href":"https:\/\/brandss.com.py\/index\/wp-json\/wp\/v2\/product"}],"about":[{"href":"https:\/\/brandss.com.py\/index\/wp-json\/wp\/v2\/types\/product"}],"replies":[{"embeddable":true,"href":"https:\/\/brandss.com.py\/index\/wp-json\/wp\/v2\/comments?post=52442"}],"version-history":[{"count":2,"href":"https:\/\/brandss.com.py\/index\/wp-json\/wp\/v2\/product\/52442\/revisions"}],"predecessor-version":[{"id":61738,"href":"https:\/\/brandss.com.py\/index\/wp-json\/wp\/v2\/product\/52442\/revisions\/61738"}],"wp:featuredmedia":[{"embeddable":true,"href":"https:\/\/brandss.com.py\/index\/wp-json\/wp\/v2\/media\/52443"}],"wp:attachment":[{"href":"https:\/\/brandss.com.py\/index\/wp-json\/wp\/v2\/media?parent=52442"}],"wp:term":[{"taxonomy":"product_brand","embeddable":true,"href":"https:\/\/brandss.com.py\/index\/wp-json\/wp\/v2\/product_brand?post=52442"},{"taxonomy":"product_cat","embeddable":true,"href":"https:\/\/brandss.com.py\/index\/wp-json\/wp\/v2\/product_cat?post=52442"},{"taxonomy":"product_tag","embeddable":true,"href":"https:\/\/brandss.com.py\/index\/wp-json\/wp\/v2\/product_tag?post=52442"}],"curies":[{"name":"wp","href":"https:\/\/api.w.org\/{rel}","templated":true}]}}