{"id":52513,"date":"2024-06-12T17:40:18","date_gmt":"2024-06-12T17:40:18","guid":{"rendered":"https:\/\/brandss.com.py\/index\/?post_type=product&#038;p=52513"},"modified":"2026-03-14T11:23:45","modified_gmt":"2026-03-14T11:23:45","slug":"perfume-givenchy-ange-ou-demon-edp-100ml","status":"publish","type":"product","link":"https:\/\/brandss.com.py\/index\/producto\/perfume-givenchy-ange-ou-demon-edp-100ml\/","title":{"rendered":"PERFUME FEMENINO GIVENCHY ANGE OU D\u00c9MON EDP 100ML"},"content":{"rendered":"<p><img loading=\"lazy\" decoding=\"async\" class=\"\" src=\"https:\/\/1000logos.net\/wp-content\/uploads\/2019\/11\/Givenchy-Logo.png\" alt=\"Givenchy Logo and symbol, meaning, history, PNG, brand\" width=\"164\" height=\"92\" \/><\/p>\n<h1>ANGE OU D\u00c9MON<\/h1>\n<p>La naturaleza dualista de Ange ou Demon (\u00e1ngeles y demonios) revela nuevos sentimientos, atrae con su misterio y variabilidad, enga\u00f1a y seduce. La fuerte y carism\u00e1tica composici\u00f3n oriental es inocentemente cristalina y sensual al mismo tiempo.<\/p>\n<p>Una mujer con un aura de misterio embriagadora. Fascinante, encantadora, escurridiza. Un \u00e1ngel&#8230; \u00bfO todo lo contrario? Tan solo ella lo sabe. La seducci\u00f3n opcional es siempre un misterio.<\/p>\n<p>Cautivador hasta el punto de atraer mucho m\u00e1s que tu atenci\u00f3n, su encanto es tan hipn\u00f3tico como la luna. Inescrutable y con un toque de peligro, su aspecto<\/p>\n<p><img loading=\"lazy\" decoding=\"async\" class=\"alignright\" src=\"https:\/\/www.givenchybeauty.com\/on\/demandware.static\/-\/Sites-givenchy-beauty-master\/default\/dw0d10c6aa\/images\/productDescription\/F10100001\/F10100001_AOD_EDP1_D2.jpg\" width=\"212\" height=\"283\" \/>(al menos) es puramente ang\u00e9lico. Su fragancia es fascinante. Con un alma que refleja tanto oscuridad como luz, se trata de una fragancia \u00e1mbar floral con una sensualidad inquietante y un car\u00e1cter distintivo indescifrable.<\/p>\n<p>Una fragancia que persigue y atrae a la vez. Ingredientes poco comunes se re\u00fanen dentro de un talism\u00e1n con forma de l\u00e1grima, un cristal que parece sacado de una ara\u00f1a de luces, transl\u00facido, pero oscuro y secreto.<\/p>\n<p>Entre la oscuridad y la luz, su secreto permanece. Un Eau de Parfum intrigantemente sensual con un secreto que no se puede desentra\u00f1ar &#8230; Encerrada dentro de mil facetas est\u00e1 la esencia del eterno misterio de la seducci\u00f3n. Sutilmente sublime y apenas acariciando la piel, Ange ou D\u00e9mon de Givenchy es una tentadora fragancia de seducci\u00f3n que, como la mirada esquiva de una mujer misteriosa, cautiva y seduce.<\/p>\n<p>&nbsp;<\/p>\n<h3>PIR\u00c1MIDE OLFATIVA<\/h3>\n<p>Una fragancia oriental floral amaderada intensa a la vez que delicada,\u00a0 y sensual. Rom\u00e1ntico, dulce y pasional.<\/p>\n<div class=\"tags\">\n<p>Familia: Oriental Floral<\/p>\n<ul class=\"giv-ProductDescription-contentDetail-Detail-contentText\">\n<li><strong>Notas de salida:<\/strong> tomillo blanco, mandarina, azafr\u00e1n<\/li>\n<li><strong>Notas de coraz\u00f3n:<\/strong> lirio, ylang-ylang<\/li>\n<li><strong>Notas de fondo:<\/strong> madera de roble, haba tonka<\/li>\n<\/ul>\n<\/div>\n","protected":false},"excerpt":{"rendered":"<p>ANGE OU D\u00c9MON La naturaleza dualista de Ange ou Demon (\u00e1ngeles y demonios) revela nuevos sentimientos, atrae con su misterio<\/p>\n","protected":false},"featured_media":52515,"comment_status":"open","ping_status":"closed","template":"","meta":{"nf_dc_page":""},"product_brand":[132],"product_cat":[84],"product_tag":[1670],"class_list":{"0":"post-52513","1":"product","2":"type-product","3":"status-publish","4":"has-post-thumbnail","6":"product_brand-givenchy","7":"product_cat-perfumeria","8":"product_tag-1670","10":"first","11":"instock","12":"sale","13":"shipping-taxable","14":"purchasable","15":"product-type-simple"},"_links":{"self":[{"href":"https:\/\/brandss.com.py\/index\/wp-json\/wp\/v2\/product\/52513","targetHints":{"allow":["GET"]}}],"collection":[{"href":"https:\/\/brandss.com.py\/index\/wp-json\/wp\/v2\/product"}],"about":[{"href":"https:\/\/brandss.com.py\/index\/wp-json\/wp\/v2\/types\/product"}],"replies":[{"embeddable":true,"href":"https:\/\/brandss.com.py\/index\/wp-json\/wp\/v2\/comments?post=52513"}],"version-history":[{"count":3,"href":"https:\/\/brandss.com.py\/index\/wp-json\/wp\/v2\/product\/52513\/revisions"}],"predecessor-version":[{"id":90979,"href":"https:\/\/brandss.com.py\/index\/wp-json\/wp\/v2\/product\/52513\/revisions\/90979"}],"wp:featuredmedia":[{"embeddable":true,"href":"https:\/\/brandss.com.py\/index\/wp-json\/wp\/v2\/media\/52515"}],"wp:attachment":[{"href":"https:\/\/brandss.com.py\/index\/wp-json\/wp\/v2\/media?parent=52513"}],"wp:term":[{"taxonomy":"product_brand","embeddable":true,"href":"https:\/\/brandss.com.py\/index\/wp-json\/wp\/v2\/product_brand?post=52513"},{"taxonomy":"product_cat","embeddable":true,"href":"https:\/\/brandss.com.py\/index\/wp-json\/wp\/v2\/product_cat?post=52513"},{"taxonomy":"product_tag","embeddable":true,"href":"https:\/\/brandss.com.py\/index\/wp-json\/wp\/v2\/product_tag?post=52513"}],"curies":[{"name":"wp","href":"https:\/\/api.w.org\/{rel}","templated":true}]}}